{"id":650,"date":"2017-09-29T13:07:56","date_gmt":"2017-09-29T11:07:56","guid":{"rendered":"http:\/\/wp.amed.net.pl\/?page_id=650"},"modified":"2024-06-24T15:19:22","modified_gmt":"2024-06-24T13:19:22","slug":"wspolpraca","status":"publish","type":"page","link":"https:\/\/amed.net.pl\/index.php\/wspolpraca\/","title":{"rendered":"Wsp\u00f3\u0142praca"},"content":{"rendered":"<p>[et_pb_section fb_built=&#8221;1&#8243; _builder_version=&#8221;4.16&#8243; global_colors_info=&#8221;{}&#8221;][et_pb_row _builder_version=&#8221;4.16&#8243; background_size=&#8221;initial&#8221; background_position=&#8221;top_left&#8221; background_repeat=&#8221;repeat&#8221; custom_padding=&#8221;22.9659px|0px|3px|0px|false|false&#8221; global_colors_info=&#8221;{}&#8221;][et_pb_column type=&#8221;4_4&#8243; _builder_version=&#8221;4.16&#8243; custom_padding=&#8221;|||&#8221; global_colors_info=&#8221;{}&#8221; custom_padding__hover=&#8221;|||&#8221;][et_pb_social_media_follow follow_button=&#8221;on&#8221; _builder_version=&#8221;4.16&#8243; background_layout=&#8221;dark&#8221; global_colors_info=&#8221;{}&#8221;][et_pb_social_media_follow_network social_network=&#8221;facebook&#8221; url=&#8221;https:\/\/www.facebook.com\/AmedPolska\/&#8221; _builder_version=&#8221;4.16&#8243; background_color=&#8221;#e09900&#8243; global_colors_info=&#8221;{}&#8221; follow_button=&#8221;on&#8221; url_new_window=&#8221;on&#8221;]facebook[\/et_pb_social_media_follow_network][\/et_pb_social_media_follow][et_pb_text _builder_version=&#8221;4.16&#8243; background_color=&#8221;rgba(188,188,188,0.29)&#8221; custom_padding=&#8221;30px||30px|&#8221; global_colors_info=&#8221;{}&#8221;]<\/p>\n<h1 style=\"text-align: center;\"><strong>Wsp\u00f3\u0142praca<\/strong><\/h1>\n<p>[\/et_pb_text][et_pb_text _builder_version=&#8221;4.16&#8243; animation_style=&#8221;slide&#8221; global_colors_info=&#8221;{}&#8221;]<\/p>\n<p>&nbsp;<\/p>\n<p>Firma AMED jest <strong>importerem i autoryzowanym dystrybutorem<\/strong> wielu produkt\u00f3w jednorazowego u\u017cytku kluczowych dla codziennego funkcjonowania gabinet\u00f3w lekarskich, ze szczeg\u00f3lnym uwzgl\u0119dnieniem specjalistycznych gabinet\u00f3w ginekologiczno-po\u0142o\u017cniczych.<\/p>\n<p>Jeste\u015bmy <strong>autoryzowanym przedstawicielem<\/strong> wielu europejskich i \u015bwiatowych producent\u00f3w wyrob\u00f3w medycznych.<\/p>\n<blockquote><\/blockquote>\n<p style=\"text-align: center;\"><span style=\"color: #0000ff;\"><strong><em><\/em><\/strong><\/span><\/p>\n<p>[\/et_pb_text][\/et_pb_column][\/et_pb_row][et_pb_row _builder_version=&#8221;4.16&#8243; custom_padding=&#8221;0|0px|19px|0px|false|false&#8221; global_colors_info=&#8221;{}&#8221;][et_pb_column type=&#8221;4_4&#8243; _builder_version=&#8221;4.16&#8243; custom_padding=&#8221;|||&#8221; global_colors_info=&#8221;{}&#8221; custom_padding__hover=&#8221;|||&#8221;][et_pb_cta title=&#8221;Korzy\u015bci wsp\u00f3\u0142pracy z firm\u0105 AMED&#8221; button_text=&#8221;Click Here&#8221; _builder_version=&#8221;4.16&#8243; custom_margin=&#8221;||&#8221; custom_padding=&#8221;||20px&#8221; animation_style=&#8221;bounce&#8221; global_colors_info=&#8221;{}&#8221;][\/et_pb_cta][\/et_pb_column][\/et_pb_row][et_pb_row _builder_version=&#8221;4.16&#8243; animation_style=&#8221;slide&#8221; global_colors_info=&#8221;{}&#8221; column_structure=&#8221;1_3,1_3,1_3&#8243;][et_pb_column type=&#8221;1_3&#8243; _builder_version=&#8221;4.16&#8243; custom_padding=&#8221;|||&#8221; global_colors_info=&#8221;{}&#8221; custom_padding__hover=&#8221;|||&#8221;][et_pb_blurb title=&#8221;Atrakcyjne ceny&#8221; use_icon=&#8221;on&#8221; font_icon=&#8221;&#x72;||divi||400&#8243; _builder_version=&#8221;4.16&#8243; header_font=&#8221;||||||||&#8221; header_text_align=&#8221;center&#8221; global_colors_info=&#8221;{}&#8221;][\/et_pb_blurb][\/et_pb_column][et_pb_column type=&#8221;1_3&#8243; _builder_version=&#8221;4.16&#8243; custom_padding=&#8221;|||&#8221; global_colors_info=&#8221;{}&#8221; custom_padding__hover=&#8221;|||&#8221;][et_pb_blurb title=&#8221;Rzetelne doradztwo produktowe&#8221; use_icon=&#8221;on&#8221; font_icon=&#8221;&#x72;||divi||400&#8243; _builder_version=&#8221;4.16&#8243; header_font=&#8221;||||||||&#8221; header_text_align=&#8221;center&#8221; global_colors_info=&#8221;{}&#8221;][\/et_pb_blurb][\/et_pb_column][et_pb_column type=&#8221;1_3&#8243; _builder_version=&#8221;4.16&#8243; custom_padding=&#8221;|||&#8221; global_colors_info=&#8221;{}&#8221; custom_padding__hover=&#8221;|||&#8221;][et_pb_blurb title=&#8221;Szeroki asortyment produkt\u00f3w dost\u0119pnych %22od r\u0119ki%22&#8243; use_icon=&#8221;on&#8221; font_icon=&#8221;&#x72;||divi||400&#8243; _builder_version=&#8221;4.16&#8243; header_font=&#8221;||||||||&#8221; header_text_align=&#8221;center&#8221; global_colors_info=&#8221;{}&#8221;][\/et_pb_blurb][\/et_pb_column][\/et_pb_row][et_pb_row _builder_version=&#8221;4.16&#8243; animation_style=&#8221;slide&#8221; global_colors_info=&#8221;{}&#8221; column_structure=&#8221;1_3,1_3,1_3&#8243;][et_pb_column type=&#8221;1_3&#8243; _builder_version=&#8221;4.16&#8243; custom_padding=&#8221;|||&#8221; global_colors_info=&#8221;{}&#8221; custom_padding__hover=&#8221;|||&#8221;][et_pb_blurb title=&#8221;Dostawa door-to-door i na czas&#8221; use_icon=&#8221;on&#8221; font_icon=&#8221;&#x72;||divi||400&#8243; _builder_version=&#8221;4.16&#8243; header_font=&#8221;||||||||&#8221; header_text_align=&#8221;center&#8221; global_colors_info=&#8221;{}&#8221;][\/et_pb_blurb][\/et_pb_column][et_pb_column type=&#8221;1_3&#8243; _builder_version=&#8221;4.16&#8243; custom_padding=&#8221;|||&#8221; global_colors_info=&#8221;{}&#8221; custom_padding__hover=&#8221;|||&#8221;][et_pb_blurb title=&#8221;Realizacja zam\u00f3wie\u0144 w ci\u0105gu 24-48h. &#8221; use_icon=&#8221;on&#8221; font_icon=&#8221;&#x72;||divi||400&#8243; _builder_version=&#8221;4.16&#8243; header_font=&#8221;||||||||&#8221; header_text_align=&#8221;center&#8221; global_colors_info=&#8221;{}&#8221;][\/et_pb_blurb][\/et_pb_column][et_pb_column type=&#8221;1_3&#8243; _builder_version=&#8221;4.16&#8243; custom_padding=&#8221;|||&#8221; global_colors_info=&#8221;{}&#8221; custom_padding__hover=&#8221;|||&#8221;][et_pb_blurb title=&#8221;Mo\u017cliwo\u015b\u0107 dostawy bezpo\u015brednio do ko\u0144cowego klienta&#8221; use_icon=&#8221;on&#8221; font_icon=&#8221;&#x72;||divi||400&#8243; _builder_version=&#8221;4.16&#8243; header_font=&#8221;||||||||&#8221; header_text_align=&#8221;center&#8221; global_colors_info=&#8221;{}&#8221;][\/et_pb_blurb][\/et_pb_column][\/et_pb_row][et_pb_row _builder_version=&#8221;4.16&#8243; animation_style=&#8221;slide&#8221; global_colors_info=&#8221;{}&#8221;][et_pb_column type=&#8221;4_4&#8243; _builder_version=&#8221;4.16&#8243; custom_padding=&#8221;|||&#8221; global_colors_info=&#8221;{}&#8221; custom_padding__hover=&#8221;|||&#8221;][et_pb_blurb title=&#8221;Gwarancja Jako\u015bci: Wszystkie nasze produkty s\u0105 certyfikowane i spe\u0142niaj\u0105 wymagania jako\u015bci i bezpiecze\u0144stwa dla wyrob\u00f3w medycznych zgodnie ze stosownymi dyrektywami UE&#8221; use_icon=&#8221;on&#8221; font_icon=&#8221;&#x72;||divi||400&#8243; _builder_version=&#8221;4.16&#8243; header_font=&#8221;||||||||&#8221; header_text_align=&#8221;center&#8221; global_colors_info=&#8221;{}&#8221;][\/et_pb_blurb][\/et_pb_column][\/et_pb_row][et_pb_row _builder_version=&#8221;4.16&#8243; global_colors_info=&#8221;{}&#8221;][et_pb_column type=&#8221;4_4&#8243; _builder_version=&#8221;4.16&#8243; custom_padding=&#8221;|||&#8221; global_colors_info=&#8221;{}&#8221; custom_padding__hover=&#8221;|||&#8221;][et_pb_cta title=&#8221;Poznaj Nasze Marki&#8221; button_text=&#8221;Click Here&#8221; _builder_version=&#8221;4.16&#8243; custom_padding=&#8221;||20px&#8221; animation_style=&#8221;bounce&#8221; global_colors_info=&#8221;{}&#8221;][\/et_pb_cta][\/et_pb_column][\/et_pb_row][et_pb_row _builder_version=&#8221;4.16&#8243; global_colors_info=&#8221;{}&#8221; column_structure=&#8221;1_3,1_3,1_3&#8243;][et_pb_column type=&#8221;1_3&#8243; _builder_version=&#8221;4.16&#8243; custom_padding=&#8221;|||&#8221; global_colors_info=&#8221;{}&#8221; custom_padding__hover=&#8221;|||&#8221;][et_pb_blurb title=&#8221;Wzierniki ginekologiczne Cusco, jednorazowe, sterylne&#8221; url=&#8221;https:\/\/amed.net.pl\/index.php\/produkty\/ginekologia-i-poloznictwo\/wzierniki-ginekologiczne\/&#8221; image=&#8221;https:\/\/amed.net.pl\/wp-content\/uploads\/2019\/04\/Original-5.jpg&#8221; _builder_version=&#8221;4.16&#8243; header_font=&#8221;||||||||&#8221; header_text_align=&#8221;center&#8221; header_text_color=&#8221;#0c71c3&#8243; animation_style=&#8221;slide&#8221; link_option_url=&#8221;https:\/\/amed.net.pl\/index.php\/produkty\/ginekologia-i-poloznictwo\/wzierniki-ginekologiczne\/&#8221; global_colors_info=&#8221;{}&#8221;][\/et_pb_blurb][\/et_pb_column][et_pb_column type=&#8221;1_3&#8243; _builder_version=&#8221;4.16&#8243; custom_padding=&#8221;|||&#8221; global_colors_info=&#8221;{}&#8221; custom_padding__hover=&#8221;|||&#8221;][et_pb_blurb title=&#8221;Szczoteczki cytologiczne, jednorazowe, sterylne&#8221; url=&#8221;https:\/\/amed.net.pl\/index.php\/produkty\/ginekologia-i-poloznictwo\/szczoteczki-cytologiczne\/szczoteczki-cytologiczne-typ-2-wachlarz\/&#8221; image=&#8221;https:\/\/amed.net.pl\/wp-content\/uploads\/2019\/04\/Original-6.jpg&#8221; _builder_version=&#8221;4.16&#8243; header_font=&#8221;||||||||&#8221; header_text_align=&#8221;center&#8221; header_text_color=&#8221;#0c71c3&#8243; custom_margin=&#8221;10px||&#8221; animation_style=&#8221;slide&#8221; link_option_url=&#8221;https:\/\/amed.net.pl\/index.php\/produkty\/ginekologia-i-poloznictwo\/szczoteczki-cytologiczne\/szczoteczki-cytologiczne-typ-2-wachlarz\/&#8221; global_colors_info=&#8221;{}&#8221;][\/et_pb_blurb][\/et_pb_column][et_pb_column type=&#8221;1_3&#8243; _builder_version=&#8221;4.16&#8243; custom_padding=&#8221;|||&#8221; global_colors_info=&#8221;{}&#8221; custom_padding__hover=&#8221;|||&#8221;][et_pb_blurb title=&#8221;Odzie\u017c jednorazowa&#8221; url=&#8221;https:\/\/sklep.amed.net.pl\/pol_m_GINEKOLOGIA_Bielizna-dla-pacjentki-641.html&#8221; image=&#8221;https:\/\/amed.net.pl\/wp-content\/uploads\/2019\/04\/Original-3.jpg&#8221; _builder_version=&#8221;4.16&#8243; header_font=&#8221;||||||||&#8221; header_text_align=&#8221;center&#8221; header_text_color=&#8221;#0c71c3&#8243; animation_style=&#8221;slide&#8221; link_option_url=&#8221;https:\/\/sklep.amed.net.pl\/pol_m_GINEKOLOGIA_Bielizna-dla-pacjentki-641.html&#8221; global_colors_info=&#8221;{}&#8221;][\/et_pb_blurb][\/et_pb_column][\/et_pb_row][et_pb_row column_structure=&#8221;1_3,1_3,1_3&#8243; _builder_version=&#8221;4.16&#8243; global_colors_info=&#8221;{}&#8221; global_module=&#8221;5078&#8243; theme_builder_area=&#8221;post_content&#8221;][et_pb_column type=&#8221;1_3&#8243; _builder_version=&#8221;4.16&#8243; custom_padding=&#8221;|||&#8221; global_colors_info=&#8221;{}&#8221; custom_padding__hover=&#8221;|||&#8221; theme_builder_area=&#8221;post_content&#8221;][et_pb_blurb title=&#8221;Katetery do biopsji endometrium, jednorazowe, sterylne&#8221; url=&#8221;https:\/\/amed.net.pl\/index.php\/produkty\/ginekologia-i-poloznictwo\/biopsgyn-kateter-do-biopsji-aspiracyjnej-endometrium-typu-endosampler\/&#8221; image=&#8221;https:\/\/amed.net.pl\/wp-content\/uploads\/2019\/04\/Original-4.jpg&#8221; _builder_version=&#8221;4.16&#8243; header_font=&#8221;||||||||&#8221; header_text_align=&#8221;center&#8221; header_text_color=&#8221;#0c71c3&#8243; custom_margin=&#8221;30px||&#8221; animation_style=&#8221;slide&#8221; link_option_url=&#8221;https:\/\/amed.net.pl\/index.php\/produkty\/ginekologia-i-poloznictwo\/biopsgyn-kateter-do-biopsji-aspiracyjnej-endometrium-typu-endosampler\/&#8221; global_colors_info=&#8221;{}&#8221; theme_builder_area=&#8221;post_content&#8221;][\/et_pb_blurb][\/et_pb_column][et_pb_column type=&#8221;1_3&#8243; _builder_version=&#8221;4.16&#8243; custom_padding=&#8221;|||&#8221; global_colors_info=&#8221;{}&#8221; custom_padding__hover=&#8221;|||&#8221; theme_builder_area=&#8221;post_content&#8221;][et_pb_blurb title=&#8221;Kateter do biopsji endometrium ze szczoteczk\u0105, jednorazowy, sterylny&#8221; url=&#8221;https:\/\/amed.net.pl\/index.php\/produkty\/ginekologia-i-poloznictwo\/uterogyn-kateter-do-biopsji-endometrium-ze-szczoteczka-odpowiednik-uterobrush\/&#8221; image=&#8221;https:\/\/amed.net.pl\/wp-content\/uploads\/2019\/04\/Original-2.jpg&#8221; _builder_version=&#8221;4.16&#8243; header_font=&#8221;||||||||&#8221; header_text_align=&#8221;center&#8221; header_text_color=&#8221;#0c71c3&#8243; custom_margin=&#8221;10px||&#8221; animation_style=&#8221;slide&#8221; link_option_url=&#8221;https:\/\/amed.net.pl\/index.php\/produkty\/ginekologia-i-poloznictwo\/uterogyn-kateter-do-biopsji-endometrium-ze-szczoteczka-odpowiednik-uterobrush\/&#8221; global_colors_info=&#8221;{}&#8221; theme_builder_area=&#8221;post_content&#8221;][\/et_pb_blurb][\/et_pb_column][et_pb_column type=&#8221;1_3&#8243; _builder_version=&#8221;4.16&#8243; custom_padding=&#8221;|||&#8221; global_colors_info=&#8221;{}&#8221; custom_padding__hover=&#8221;|||&#8221; theme_builder_area=&#8221;post_content&#8221;][et_pb_blurb title=&#8221;Narz\u0119dzia jednorazowe, sterylne&#8221; url=&#8221;https:\/\/amed.net.pl\/index.php\/produkty\/ginekologia-i-poloznictwo\/uterogyn-kateter-do-biopsji-endometrium-ze-szczoteczka-odpowiednik-uterobrush\/&#8221; image=&#8221;https:\/\/amed.net.pl\/wp-content\/uploads\/2024\/06\/singamed-Transparent-logo.png&#8221; alt=&#8221;singamed narz\u0119dzia jednorazowe&#8221; _builder_version=&#8221;4.25.2&#8243; header_font=&#8221;||||||||&#8221; header_text_align=&#8221;center&#8221; header_text_color=&#8221;#0c71c3&#8243; custom_margin=&#8221;10px||&#8221; animation_style=&#8221;slide&#8221; link_option_url=&#8221;https:\/\/amed.net.pl\/index.php\/produkty\/ginekologia-i-poloznictwo\/uterogyn-kateter-do-biopsji-endometrium-ze-szczoteczka-odpowiednik-uterobrush\/&#8221; global_colors_info=&#8221;{}&#8221; theme_builder_area=&#8221;post_content&#8221;][\/et_pb_blurb][\/et_pb_column][\/et_pb_row][et_pb_row column_structure=&#8221;1_2,1_2&#8243; _builder_version=&#8221;4.16&#8243; global_colors_info=&#8221;{}&#8221; global_module=&#8221;5079&#8243; theme_builder_area=&#8221;post_content&#8221;][et_pb_column type=&#8221;1_2&#8243; _builder_version=&#8221;4.16&#8243; custom_padding=&#8221;|||&#8221; global_colors_info=&#8221;{}&#8221; custom_padding__hover=&#8221;|||&#8221; theme_builder_area=&#8221;post_content&#8221;][et_pb_blurb title=&#8221;Szkie\u0142ka mikroskopowe&#8221; url=&#8221;https:\/\/amed.net.pl\/index.php\/produkty\/ginekologia-i-poloznictwo\/biopsgyn-kateter-do-biopsji-aspiracyjnej-endometrium-typu-endosampler\/&#8221; image=&#8221;https:\/\/amed.net.pl\/wp-content\/uploads\/2024\/06\/vetrao.png&#8221; alt=&#8221;szkie\u0142ka mikroskopowe&#8221; _builder_version=&#8221;4.25.2&#8243; header_font=&#8221;||||||||&#8221; header_text_align=&#8221;center&#8221; header_text_color=&#8221;#0c71c3&#8243; custom_margin=&#8221;30px||&#8221; animation_style=&#8221;slide&#8221; link_option_url=&#8221;https:\/\/amed.net.pl\/index.php\/produkty\/ginekologia-i-poloznictwo\/biopsgyn-kateter-do-biopsji-aspiracyjnej-endometrium-typu-endosampler\/&#8221; global_colors_info=&#8221;{}&#8221; theme_builder_area=&#8221;post_content&#8221;][\/et_pb_blurb][\/et_pb_column][et_pb_column type=&#8221;1_2&#8243; _builder_version=&#8221;4.16&#8243; custom_padding=&#8221;|||&#8221; global_colors_info=&#8221;{}&#8221; custom_padding__hover=&#8221;|||&#8221; theme_builder_area=&#8221;post_content&#8221;][et_pb_blurb title=&#8221;Os\u0142onki do g\u0142owic USG, lateksowe, nielateksowe&#8221; url=&#8221;https:\/\/amed.net.pl\/index.php\/produkty\/ginekologia-i-poloznictwo\/uterogyn-kateter-do-biopsji-endometrium-ze-szczoteczka-odpowiednik-uterobrush\/&#8221; image=&#8221;https:\/\/amed.net.pl\/wp-content\/uploads\/2024\/06\/probmed.png&#8221; alt=&#8221;PROBMED os\u0142onki do g\u0142owic USG&#8221; _builder_version=&#8221;4.25.2&#8243; header_font=&#8221;||||||||&#8221; header_text_align=&#8221;center&#8221; header_text_color=&#8221;#0c71c3&#8243; custom_margin=&#8221;10px||&#8221; animation_style=&#8221;slide&#8221; link_option_url=&#8221;https:\/\/amed.net.pl\/index.php\/produkty\/ginekologia-i-poloznictwo\/uterogyn-kateter-do-biopsji-endometrium-ze-szczoteczka-odpowiednik-uterobrush\/&#8221; global_colors_info=&#8221;{}&#8221; theme_builder_area=&#8221;post_content&#8221;][\/et_pb_blurb][\/et_pb_column][\/et_pb_row][et_pb_row _builder_version=&#8221;4.16&#8243; custom_padding=&#8221;44px|0px|22.9659px|0px|false|false&#8221; global_colors_info=&#8221;{}&#8221;][et_pb_column type=&#8221;4_4&#8243; _builder_version=&#8221;4.16&#8243; custom_padding=&#8221;|||&#8221; global_colors_info=&#8221;{}&#8221; custom_padding__hover=&#8221;|||&#8221;][et_pb_cta title=&#8221;Masz pytanie?&#8221; button_text=&#8221;Click Here&#8221; _builder_version=&#8221;4.16&#8243; animation_style=&#8221;bounce&#8221; global_colors_info=&#8221;{}&#8221;]<\/p>\n<p>Nasz przedstawiciel ch\u0119tnie odpowie na wszystkie pytania. Zapytania prosimy kierowa\u0107 na adres: <span style=\"color: #000000;\"><a href=\"mailto:info@amed.net.pl\" style=\"color: #000000;\">info@amed.net.pl<\/a>\u00a0<\/span>lub telefonicznie\u00a0 62 7649662<\/p>\n<p>[\/et_pb_cta][\/et_pb_column][\/et_pb_row][et_pb_row _builder_version=&#8221;4.16&#8243; global_colors_info=&#8221;{}&#8221;][et_pb_column type=&#8221;4_4&#8243; _builder_version=&#8221;4.16&#8243; custom_padding=&#8221;|||&#8221; global_colors_info=&#8221;{}&#8221; custom_padding__hover=&#8221;|||&#8221;][et_pb_cta title=&#8221;Zapraszamy do wsp\u00f3\u0142pracy!&#8221; button_text=&#8221;Click Here&#8221; _builder_version=&#8221;4.16&#8243; animation_style=&#8221;fold&#8221; global_colors_info=&#8221;{}&#8221;][\/et_pb_cta][\/et_pb_column][\/et_pb_row][\/et_pb_section]<\/p>\n","protected":false},"excerpt":{"rendered":"<p>Wsp\u00f3\u0142praca&nbsp; Firma AMED jest importerem i autoryzowanym dystrybutorem wielu produkt\u00f3w jednorazowego u\u017cytku kluczowych dla codziennego funkcjonowania gabinet\u00f3w lekarskich, ze szczeg\u00f3lnym uwzgl\u0119dnieniem specjalistycznych gabinet\u00f3w ginekologiczno-po\u0142o\u017cniczych. Jeste\u015bmy autoryzowanym przedstawicielem wielu europejskich i \u015bwiatowych producent\u00f3w wyrob\u00f3w medycznych. Nasz przedstawiciel ch\u0119tnie odpowie na wszystkie pytania. Zapytania prosimy kierowa\u0107 na adres: info@amed.net.pl\u00a0lub telefonicznie\u00a0 62 7649662<\/p>\n","protected":false},"author":2,"featured_media":0,"parent":0,"menu_order":0,"comment_status":"closed","ping_status":"closed","template":"","meta":{"_et_pb_use_builder":"on","_et_pb_old_content":"","_et_gb_content_width":"","footnotes":""},"class_list":["post-650","page","type-page","status-publish","hentry"],"yoast_head":"<!-- This site is optimized with the Yoast SEO plugin v27.5 - https:\/\/yoast.com\/product\/yoast-seo-wordpress\/ -->\n<title>Wsp\u00f3\u0142praca - amed.net.pl<\/title>\n<meta name=\"robots\" content=\"index, follow, max-snippet:-1, max-image-preview:large, max-video-preview:-1\" \/>\n<link rel=\"canonical\" href=\"https:\/\/amed.net.pl\/index.php\/wspolpraca\/\" \/>\n<meta property=\"og:locale\" content=\"pl_PL\" \/>\n<meta property=\"og:type\" content=\"article\" \/>\n<meta property=\"og:title\" content=\"Wsp\u00f3\u0142praca - amed.net.pl\" \/>\n<meta property=\"og:description\" content=\"Wsp\u00f3\u0142praca&nbsp; Firma AMED jest importerem i autoryzowanym dystrybutorem wielu produkt\u00f3w jednorazowego u\u017cytku kluczowych dla codziennego funkcjonowania gabinet\u00f3w lekarskich, ze szczeg\u00f3lnym uwzgl\u0119dnieniem specjalistycznych gabinet\u00f3w ginekologiczno-po\u0142o\u017cniczych. Jeste\u015bmy autoryzowanym przedstawicielem wielu europejskich i \u015bwiatowych producent\u00f3w wyrob\u00f3w medycznych. Nasz przedstawiciel ch\u0119tnie odpowie na wszystkie pytania. Zapytania prosimy kierowa\u0107 na adres: info@amed.net.pl\u00a0lub telefonicznie\u00a0 62 7649662\" \/>\n<meta property=\"og:url\" content=\"https:\/\/amed.net.pl\/index.php\/wspolpraca\/\" \/>\n<meta property=\"og:site_name\" content=\"amed.net.pl\" \/>\n<meta property=\"article:modified_time\" content=\"2024-06-24T13:19:22+00:00\" \/>\n<meta name=\"twitter:card\" content=\"summary_large_image\" \/>\n<meta name=\"twitter:label1\" content=\"Szacowany czas czytania\" \/>\n\t<meta name=\"twitter:data1\" content=\"8 minut\" \/>\n<script type=\"application\/ld+json\" class=\"yoast-schema-graph\">{\"@context\":\"https:\\\/\\\/schema.org\",\"@graph\":[{\"@type\":\"WebPage\",\"@id\":\"https:\\\/\\\/amed.net.pl\\\/index.php\\\/wspolpraca\\\/\",\"url\":\"https:\\\/\\\/amed.net.pl\\\/index.php\\\/wspolpraca\\\/\",\"name\":\"Wsp\u00f3\u0142praca - amed.net.pl\",\"isPartOf\":{\"@id\":\"https:\\\/\\\/amed.net.pl\\\/#website\"},\"datePublished\":\"2017-09-29T11:07:56+00:00\",\"dateModified\":\"2024-06-24T13:19:22+00:00\",\"breadcrumb\":{\"@id\":\"https:\\\/\\\/amed.net.pl\\\/index.php\\\/wspolpraca\\\/#breadcrumb\"},\"inLanguage\":\"pl-PL\",\"potentialAction\":[{\"@type\":\"ReadAction\",\"target\":[\"https:\\\/\\\/amed.net.pl\\\/index.php\\\/wspolpraca\\\/\"]}]},{\"@type\":\"BreadcrumbList\",\"@id\":\"https:\\\/\\\/amed.net.pl\\\/index.php\\\/wspolpraca\\\/#breadcrumb\",\"itemListElement\":[{\"@type\":\"ListItem\",\"position\":1,\"name\":\"Strona g\u0142\u00f3wna\",\"item\":\"https:\\\/\\\/amed.net.pl\\\/\"},{\"@type\":\"ListItem\",\"position\":2,\"name\":\"Wsp\u00f3\u0142praca\"}]},{\"@type\":\"WebSite\",\"@id\":\"https:\\\/\\\/amed.net.pl\\\/#website\",\"url\":\"https:\\\/\\\/amed.net.pl\\\/\",\"name\":\"amed.net.pl\",\"description\":\"Firma AMED - Lider w zaopatrzenie gabinet\u00f3w lekarskich: wzierniki ginekologiczne, wk\u0142adki wewn\u0105trzmaciczne, szczoteczki cytologiczne, cytologia, papiery USG, os\u0142onki do USG\",\"potentialAction\":[{\"@type\":\"SearchAction\",\"target\":{\"@type\":\"EntryPoint\",\"urlTemplate\":\"https:\\\/\\\/amed.net.pl\\\/?s={search_term_string}\"},\"query-input\":{\"@type\":\"PropertyValueSpecification\",\"valueRequired\":true,\"valueName\":\"search_term_string\"}}],\"inLanguage\":\"pl-PL\"}]}<\/script>\n<!-- \/ Yoast SEO plugin. -->","yoast_head_json":{"title":"Wsp\u00f3\u0142praca - amed.net.pl","robots":{"index":"index","follow":"follow","max-snippet":"max-snippet:-1","max-image-preview":"max-image-preview:large","max-video-preview":"max-video-preview:-1"},"canonical":"https:\/\/amed.net.pl\/index.php\/wspolpraca\/","og_locale":"pl_PL","og_type":"article","og_title":"Wsp\u00f3\u0142praca - amed.net.pl","og_description":"Wsp\u00f3\u0142praca&nbsp; Firma AMED jest importerem i autoryzowanym dystrybutorem wielu produkt\u00f3w jednorazowego u\u017cytku kluczowych dla codziennego funkcjonowania gabinet\u00f3w lekarskich, ze szczeg\u00f3lnym uwzgl\u0119dnieniem specjalistycznych gabinet\u00f3w ginekologiczno-po\u0142o\u017cniczych. Jeste\u015bmy autoryzowanym przedstawicielem wielu europejskich i \u015bwiatowych producent\u00f3w wyrob\u00f3w medycznych. Nasz przedstawiciel ch\u0119tnie odpowie na wszystkie pytania. Zapytania prosimy kierowa\u0107 na adres: info@amed.net.pl\u00a0lub telefonicznie\u00a0 62 7649662","og_url":"https:\/\/amed.net.pl\/index.php\/wspolpraca\/","og_site_name":"amed.net.pl","article_modified_time":"2024-06-24T13:19:22+00:00","twitter_card":"summary_large_image","twitter_misc":{"Szacowany czas czytania":"8 minut"},"schema":{"@context":"https:\/\/schema.org","@graph":[{"@type":"WebPage","@id":"https:\/\/amed.net.pl\/index.php\/wspolpraca\/","url":"https:\/\/amed.net.pl\/index.php\/wspolpraca\/","name":"Wsp\u00f3\u0142praca - amed.net.pl","isPartOf":{"@id":"https:\/\/amed.net.pl\/#website"},"datePublished":"2017-09-29T11:07:56+00:00","dateModified":"2024-06-24T13:19:22+00:00","breadcrumb":{"@id":"https:\/\/amed.net.pl\/index.php\/wspolpraca\/#breadcrumb"},"inLanguage":"pl-PL","potentialAction":[{"@type":"ReadAction","target":["https:\/\/amed.net.pl\/index.php\/wspolpraca\/"]}]},{"@type":"BreadcrumbList","@id":"https:\/\/amed.net.pl\/index.php\/wspolpraca\/#breadcrumb","itemListElement":[{"@type":"ListItem","position":1,"name":"Strona g\u0142\u00f3wna","item":"https:\/\/amed.net.pl\/"},{"@type":"ListItem","position":2,"name":"Wsp\u00f3\u0142praca"}]},{"@type":"WebSite","@id":"https:\/\/amed.net.pl\/#website","url":"https:\/\/amed.net.pl\/","name":"amed.net.pl","description":"Firma AMED - Lider w zaopatrzenie gabinet\u00f3w lekarskich: wzierniki ginekologiczne, wk\u0142adki wewn\u0105trzmaciczne, szczoteczki cytologiczne, cytologia, papiery USG, os\u0142onki do USG","potentialAction":[{"@type":"SearchAction","target":{"@type":"EntryPoint","urlTemplate":"https:\/\/amed.net.pl\/?s={search_term_string}"},"query-input":{"@type":"PropertyValueSpecification","valueRequired":true,"valueName":"search_term_string"}}],"inLanguage":"pl-PL"}]}},"_links":{"self":[{"href":"https:\/\/amed.net.pl\/index.php\/wp-json\/wp\/v2\/pages\/650","targetHints":{"allow":["GET"]}}],"collection":[{"href":"https:\/\/amed.net.pl\/index.php\/wp-json\/wp\/v2\/pages"}],"about":[{"href":"https:\/\/amed.net.pl\/index.php\/wp-json\/wp\/v2\/types\/page"}],"author":[{"embeddable":true,"href":"https:\/\/amed.net.pl\/index.php\/wp-json\/wp\/v2\/users\/2"}],"replies":[{"embeddable":true,"href":"https:\/\/amed.net.pl\/index.php\/wp-json\/wp\/v2\/comments?post=650"}],"version-history":[{"count":11,"href":"https:\/\/amed.net.pl\/index.php\/wp-json\/wp\/v2\/pages\/650\/revisions"}],"predecessor-version":[{"id":5090,"href":"https:\/\/amed.net.pl\/index.php\/wp-json\/wp\/v2\/pages\/650\/revisions\/5090"}],"wp:attachment":[{"href":"https:\/\/amed.net.pl\/index.php\/wp-json\/wp\/v2\/media?parent=650"}],"curies":[{"name":"wp","href":"https:\/\/api.w.org\/{rel}","templated":true}]}}