{"id":5485,"date":"2026-02-18T20:30:29","date_gmt":"2026-02-18T19:30:29","guid":{"rendered":"https:\/\/amed.net.pl\/?page_id=5485"},"modified":"2026-02-18T20:30:37","modified_gmt":"2026-02-18T19:30:37","slug":"forbiops-kleszczyki-do-biopsji-szyjki-macicy","status":"publish","type":"page","link":"https:\/\/amed.net.pl\/index.php\/produkty\/ginekologia-i-poloznictwo\/forbiops-kleszczyki-do-biopsji-szyjki-macicy\/","title":{"rendered":"FORBIOPS Kleszczyki do biopsji szyjki macicy"},"content":{"rendered":"<p>[et_pb_section fb_built=&#8221;1&#8243; specialty=&#8221;on&#8221; _builder_version=&#8221;4.16&#8243; custom_padding=&#8221;50.5125px|0|50.5125px|0px|false|false&#8221; global_colors_info=&#8221;{}&#8221;][et_pb_column type=&#8221;1_4&#8243; _builder_version=&#8221;4.16&#8243; custom_padding=&#8221;|||&#8221; global_colors_info=&#8221;{}&#8221; custom_padding__hover=&#8221;|||&#8221;][et_pb_search _builder_version=&#8221;4.16&#8243; global_colors_info=&#8221;{}&#8221; button_text_size__hover_enabled=&#8221;off&#8221; button_one_text_size__hover_enabled=&#8221;off&#8221; button_two_text_size__hover_enabled=&#8221;off&#8221; button_text_color__hover_enabled=&#8221;off&#8221; button_one_text_color__hover_enabled=&#8221;off&#8221; button_two_text_color__hover_enabled=&#8221;off&#8221; button_border_width__hover_enabled=&#8221;off&#8221; button_one_border_width__hover_enabled=&#8221;off&#8221; button_two_border_width__hover_enabled=&#8221;off&#8221; button_border_color__hover_enabled=&#8221;off&#8221; button_one_border_color__hover_enabled=&#8221;off&#8221; button_two_border_color__hover_enabled=&#8221;off&#8221; button_border_radius__hover_enabled=&#8221;off&#8221; button_one_border_radius__hover_enabled=&#8221;off&#8221; button_two_border_radius__hover_enabled=&#8221;off&#8221; button_letter_spacing__hover_enabled=&#8221;off&#8221; button_one_letter_spacing__hover_enabled=&#8221;off&#8221; button_two_letter_spacing__hover_enabled=&#8221;off&#8221; button_bg_color__hover_enabled=&#8221;off&#8221; button_one_bg_color__hover_enabled=&#8221;off&#8221; button_two_bg_color__hover_enabled=&#8221;off&#8221;][\/et_pb_search][et_pb_social_media_follow follow_button=&#8221;on&#8221; _builder_version=&#8221;4.16&#8243; background_layout=&#8221;dark&#8221; global_colors_info=&#8221;{}&#8221;][et_pb_social_media_follow_network social_network=&#8221;facebook&#8221; url=&#8221;https:\/\/www.facebook.com\/AmedPolska\/&#8221; _builder_version=&#8221;4.16&#8243; background_color=&#8221;#e09900&#8243; global_colors_info=&#8221;{}&#8221; follow_button=&#8221;on&#8221; url_new_window=&#8221;on&#8221;]facebook[\/et_pb_social_media_follow_network][\/et_pb_social_media_follow][et_pb_sidebar area=&#8221;et_pb_widget_area_7&#8243; _builder_version=&#8221;4.16&#8243; global_colors_info=&#8221;{}&#8221;][\/et_pb_sidebar][\/et_pb_column][et_pb_column type=&#8221;3_4&#8243; specialty_columns=&#8221;3&#8243; _builder_version=&#8221;4.16&#8243; custom_padding=&#8221;|||&#8221; global_colors_info=&#8221;{}&#8221; custom_padding__hover=&#8221;|||&#8221;][et_pb_row_inner _builder_version=&#8221;4.16&#8243; custom_padding=&#8221;|||45px||&#8221; global_colors_info=&#8221;{}&#8221;][et_pb_column_inner saved_specialty_column_type=&#8221;3_4&#8243; _builder_version=&#8221;4.16&#8243; custom_padding=&#8221;|||&#8221; global_colors_info=&#8221;{}&#8221; custom_padding__hover=&#8221;|||&#8221;][et_pb_text _builder_version=&#8221;4.27.5&#8243; header_text_color=&#8221;#0C71C3&#8243; custom_padding=&#8221;10px|10px|10px|20px&#8221; hover_enabled=&#8221;0&#8243; global_colors_info=&#8221;{}&#8221; sticky_enabled=&#8221;0&#8243;]<\/p>\n<h1 style=\"text-align: left;\">FORBIOPS Kleszczyki do biopsji szyjki macicy<\/h1>\n<p>[\/et_pb_text][\/et_pb_column_inner][\/et_pb_row_inner][et_pb_row_inner column_structure=&#8221;1_2,1_2&#8243; admin_label=&#8221;Wiersz&#8221; _builder_version=&#8221;4.16&#8243; global_colors_info=&#8221;{}&#8221;][et_pb_column_inner type=&#8221;1_2&#8243; saved_specialty_column_type=&#8221;3_4&#8243; _builder_version=&#8221;4.16&#8243; custom_padding=&#8221;|||&#8221; global_colors_info=&#8221;{}&#8221; custom_padding__hover=&#8221;|||&#8221;][et_pb_image src=&#8221;https:\/\/amed.net.pl\/wp-content\/uploads\/2026\/02\/pol_pl_Kleszczyki-do-biopsji-szyjki-macicy-FORBIOPS-jednorazowe-2252_1.png&#8221; align_tablet=&#8221;center&#8221; align_phone=&#8221;&#8221; align_last_edited=&#8221;on|desktop&#8221; _builder_version=&#8221;4.27.5&#8243; max_width=&#8221;120%&#8221; hover_enabled=&#8221;0&#8243; global_colors_info=&#8221;{}&#8221; alt=&#8221;FORBIOPS Kleszczyki do biopsji szyjki macicy &#8221; title_text=&#8221;FORBIOPS Kleszczyki do biopsji szyjki macicy &#8221; sticky_enabled=&#8221;0&#8243;][\/et_pb_image][et_pb_cta button_url=&#8221;https:\/\/sklep.amed.net.pl\/pol_m_GINEKOLOGIA_Diagnostyka-i-biopsja-555.html&#8221; url_new_window=&#8221;on&#8221; button_text=&#8221;Odwied\u017a nasz SKLEP!&#8221; _builder_version=&#8221;4.16&#8243; header_level=&#8221;h3&#8243; header_font=&#8221;||||||||&#8221; header_text_align=&#8221;center&#8221; header_font_size=&#8221;27px&#8221; use_background_color=&#8221;off&#8221; custom_button=&#8221;on&#8221; button_text_color=&#8221;#e09900&#8243; button_font=&#8221;||||||||&#8221; background_layout=&#8221;light&#8221; animation_style=&#8221;bounce&#8221; link_option_url=&#8221;https:\/\/sklep.amed.net.pl\/pol_m_GINEKOLOGIA_Diagnostyka-i-biopsja-555.html&#8221; link_option_url_new_window=&#8221;on&#8221; global_colors_info=&#8221;{}&#8221;]<\/p>\n<h4><strong>Pe\u0142na oferta narz\u0119dzi jednorazowych<\/strong><\/h4>\n<p>[\/et_pb_cta][\/et_pb_column_inner][et_pb_column_inner type=&#8221;1_2&#8243; saved_specialty_column_type=&#8221;3_4&#8243; _builder_version=&#8221;4.16&#8243; custom_padding=&#8221;|||&#8221; global_colors_info=&#8221;{}&#8221; custom_padding__hover=&#8221;|||&#8221;][et_pb_text _builder_version=&#8221;4.27.5&#8243; custom_margin=&#8221;NaNpx|||&#8221; hover_enabled=&#8221;0&#8243; global_colors_info=&#8221;{}&#8221; sticky_enabled=&#8221;0&#8243;]<\/p>\n<blockquote>\n<ul>\n<li>\n<p><span>Stabilny uchwyt w kszta\u0142cie no\u017cyczek u\u0142atwiaj\u0105cy manipulacj\u0119<\/span><\/p>\n<\/li>\n<li>\n<p><span>D\u0142ugo\u015b\u0107 ca\u0142kowita 260 mm<\/span><\/p>\n<\/li>\n<li>\n<p><span>Skuteczne pobieranie pr\u00f3bki za pomoc\u0105 szcz\u0119k<\/span><\/p>\n<\/li>\n<li>\n<p><span>Do\u0142\u0105czony popychacz u\u0142atwiaj\u0105cy pobieranie pr\u00f3bek<\/span><\/p>\n<\/li>\n<li>\n<p><span>Ergonomiczny kszta\u0142t dostosowany do ka\u017cdego typu wziernika<\/span><\/p>\n<\/li>\n<li>\n<p><span>Produkcja francuska<\/span><\/p>\n<\/li>\n<li>\n<p><span>Jednorazowego u\u017cytku, sterylne<\/span><\/p>\n<\/li>\n<li>\n<p><span><\/span><\/p>\n<p><span>Termin wa\u017cno\u015bci &#8211; 5 lat od daty produkcji<\/span><\/p>\n<\/li>\n<\/ul>\n<\/blockquote>\n<p>[\/et_pb_text][\/et_pb_column_inner][\/et_pb_row_inner][\/et_pb_column][\/et_pb_section]<\/p>\n","protected":false},"excerpt":{"rendered":"<p>FORBIOPS Kleszczyki do biopsji szyjki macicyPe\u0142na oferta narz\u0119dzi jednorazowych Stabilny uchwyt w kszta\u0142cie no\u017cyczek u\u0142atwiaj\u0105cy manipulacj\u0119 D\u0142ugo\u015b\u0107 ca\u0142kowita 260 mm Skuteczne pobieranie pr\u00f3bki za pomoc\u0105 szcz\u0119k Do\u0142\u0105czony popychacz u\u0142atwiaj\u0105cy pobieranie pr\u00f3bek Ergonomiczny kszta\u0142t dostosowany do ka\u017cdego typu wziernika Produkcja francuska Jednorazowego u\u017cytku, sterylne Termin wa\u017cno\u015bci &#8211; 5 lat od daty produkcji<\/p>\n","protected":false},"author":2,"featured_media":0,"parent":344,"menu_order":0,"comment_status":"closed","ping_status":"closed","template":"","meta":{"_et_pb_use_builder":"on","_et_pb_old_content":"","_et_gb_content_width":"","footnotes":""},"class_list":["post-5485","page","type-page","status-publish","hentry"],"yoast_head":"<!-- This site is optimized with the Yoast SEO plugin v27.4 - https:\/\/yoast.com\/product\/yoast-seo-wordpress\/ -->\n<title>FORBIOPS Kleszczyki do biopsji szyjki macicy - amed.net.pl<\/title>\n<meta name=\"description\" content=\"FORBIOPS Kleszczyki do biopsji szyjki macicy, jednorazowego u\u017cytku, sterylne\" \/>\n<meta name=\"robots\" content=\"index, follow, max-snippet:-1, max-image-preview:large, max-video-preview:-1\" \/>\n<link rel=\"canonical\" href=\"https:\/\/amed.net.pl\/index.php\/produkty\/ginekologia-i-poloznictwo\/forbiops-kleszczyki-do-biopsji-szyjki-macicy\/\" \/>\n<meta property=\"og:locale\" content=\"pl_PL\" \/>\n<meta property=\"og:type\" content=\"article\" \/>\n<meta property=\"og:title\" content=\"FORBIOPS Kleszczyki do biopsji szyjki macicy - amed.net.pl\" \/>\n<meta property=\"og:description\" content=\"FORBIOPS Kleszczyki do biopsji szyjki macicy, jednorazowego u\u017cytku, sterylne\" \/>\n<meta property=\"og:url\" content=\"https:\/\/amed.net.pl\/index.php\/produkty\/ginekologia-i-poloznictwo\/forbiops-kleszczyki-do-biopsji-szyjki-macicy\/\" \/>\n<meta property=\"og:site_name\" content=\"amed.net.pl\" \/>\n<meta property=\"article:modified_time\" content=\"2026-02-18T19:30:37+00:00\" \/>\n<meta name=\"twitter:card\" content=\"summary_large_image\" \/>\n<meta name=\"twitter:label1\" content=\"Szacowany czas czytania\" \/>\n\t<meta name=\"twitter:data1\" content=\"3 minuty\" \/>\n<script type=\"application\/ld+json\" class=\"yoast-schema-graph\">{\"@context\":\"https:\\\/\\\/schema.org\",\"@graph\":[{\"@type\":\"WebPage\",\"@id\":\"https:\\\/\\\/amed.net.pl\\\/index.php\\\/produkty\\\/ginekologia-i-poloznictwo\\\/forbiops-kleszczyki-do-biopsji-szyjki-macicy\\\/\",\"url\":\"https:\\\/\\\/amed.net.pl\\\/index.php\\\/produkty\\\/ginekologia-i-poloznictwo\\\/forbiops-kleszczyki-do-biopsji-szyjki-macicy\\\/\",\"name\":\"FORBIOPS Kleszczyki do biopsji szyjki macicy - amed.net.pl\",\"isPartOf\":{\"@id\":\"https:\\\/\\\/amed.net.pl\\\/#website\"},\"datePublished\":\"2026-02-18T19:30:29+00:00\",\"dateModified\":\"2026-02-18T19:30:37+00:00\",\"description\":\"FORBIOPS Kleszczyki do biopsji szyjki macicy, jednorazowego u\u017cytku, sterylne\",\"breadcrumb\":{\"@id\":\"https:\\\/\\\/amed.net.pl\\\/index.php\\\/produkty\\\/ginekologia-i-poloznictwo\\\/forbiops-kleszczyki-do-biopsji-szyjki-macicy\\\/#breadcrumb\"},\"inLanguage\":\"pl-PL\",\"potentialAction\":[{\"@type\":\"ReadAction\",\"target\":[\"https:\\\/\\\/amed.net.pl\\\/index.php\\\/produkty\\\/ginekologia-i-poloznictwo\\\/forbiops-kleszczyki-do-biopsji-szyjki-macicy\\\/\"]}]},{\"@type\":\"BreadcrumbList\",\"@id\":\"https:\\\/\\\/amed.net.pl\\\/index.php\\\/produkty\\\/ginekologia-i-poloznictwo\\\/forbiops-kleszczyki-do-biopsji-szyjki-macicy\\\/#breadcrumb\",\"itemListElement\":[{\"@type\":\"ListItem\",\"position\":1,\"name\":\"Strona g\u0142\u00f3wna\",\"item\":\"https:\\\/\\\/amed.net.pl\\\/\"},{\"@type\":\"ListItem\",\"position\":2,\"name\":\"Produkty\",\"item\":\"https:\\\/\\\/amed.net.pl\\\/index.php\\\/produkty\\\/\"},{\"@type\":\"ListItem\",\"position\":3,\"name\":\"Ginekologia i Po\u0142o\u017cnictwo\",\"item\":\"https:\\\/\\\/amed.net.pl\\\/index.php\\\/produkty\\\/ginekologia-i-poloznictwo\\\/\"},{\"@type\":\"ListItem\",\"position\":4,\"name\":\"FORBIOPS Kleszczyki do biopsji szyjki macicy\"}]},{\"@type\":\"WebSite\",\"@id\":\"https:\\\/\\\/amed.net.pl\\\/#website\",\"url\":\"https:\\\/\\\/amed.net.pl\\\/\",\"name\":\"amed.net.pl\",\"description\":\"Firma AMED - Lider w zaopatrzenie gabinet\u00f3w lekarskich: wzierniki ginekologiczne, wk\u0142adki wewn\u0105trzmaciczne, szczoteczki cytologiczne, cytologia, papiery USG, os\u0142onki do USG\",\"potentialAction\":[{\"@type\":\"SearchAction\",\"target\":{\"@type\":\"EntryPoint\",\"urlTemplate\":\"https:\\\/\\\/amed.net.pl\\\/?s={search_term_string}\"},\"query-input\":{\"@type\":\"PropertyValueSpecification\",\"valueRequired\":true,\"valueName\":\"search_term_string\"}}],\"inLanguage\":\"pl-PL\"}]}<\/script>\n<!-- \/ Yoast SEO plugin. -->","yoast_head_json":{"title":"FORBIOPS Kleszczyki do biopsji szyjki macicy - amed.net.pl","description":"FORBIOPS Kleszczyki do biopsji szyjki macicy, jednorazowego u\u017cytku, sterylne","robots":{"index":"index","follow":"follow","max-snippet":"max-snippet:-1","max-image-preview":"max-image-preview:large","max-video-preview":"max-video-preview:-1"},"canonical":"https:\/\/amed.net.pl\/index.php\/produkty\/ginekologia-i-poloznictwo\/forbiops-kleszczyki-do-biopsji-szyjki-macicy\/","og_locale":"pl_PL","og_type":"article","og_title":"FORBIOPS Kleszczyki do biopsji szyjki macicy - amed.net.pl","og_description":"FORBIOPS Kleszczyki do biopsji szyjki macicy, jednorazowego u\u017cytku, sterylne","og_url":"https:\/\/amed.net.pl\/index.php\/produkty\/ginekologia-i-poloznictwo\/forbiops-kleszczyki-do-biopsji-szyjki-macicy\/","og_site_name":"amed.net.pl","article_modified_time":"2026-02-18T19:30:37+00:00","twitter_card":"summary_large_image","twitter_misc":{"Szacowany czas czytania":"3 minuty"},"schema":{"@context":"https:\/\/schema.org","@graph":[{"@type":"WebPage","@id":"https:\/\/amed.net.pl\/index.php\/produkty\/ginekologia-i-poloznictwo\/forbiops-kleszczyki-do-biopsji-szyjki-macicy\/","url":"https:\/\/amed.net.pl\/index.php\/produkty\/ginekologia-i-poloznictwo\/forbiops-kleszczyki-do-biopsji-szyjki-macicy\/","name":"FORBIOPS Kleszczyki do biopsji szyjki macicy - amed.net.pl","isPartOf":{"@id":"https:\/\/amed.net.pl\/#website"},"datePublished":"2026-02-18T19:30:29+00:00","dateModified":"2026-02-18T19:30:37+00:00","description":"FORBIOPS Kleszczyki do biopsji szyjki macicy, jednorazowego u\u017cytku, sterylne","breadcrumb":{"@id":"https:\/\/amed.net.pl\/index.php\/produkty\/ginekologia-i-poloznictwo\/forbiops-kleszczyki-do-biopsji-szyjki-macicy\/#breadcrumb"},"inLanguage":"pl-PL","potentialAction":[{"@type":"ReadAction","target":["https:\/\/amed.net.pl\/index.php\/produkty\/ginekologia-i-poloznictwo\/forbiops-kleszczyki-do-biopsji-szyjki-macicy\/"]}]},{"@type":"BreadcrumbList","@id":"https:\/\/amed.net.pl\/index.php\/produkty\/ginekologia-i-poloznictwo\/forbiops-kleszczyki-do-biopsji-szyjki-macicy\/#breadcrumb","itemListElement":[{"@type":"ListItem","position":1,"name":"Strona g\u0142\u00f3wna","item":"https:\/\/amed.net.pl\/"},{"@type":"ListItem","position":2,"name":"Produkty","item":"https:\/\/amed.net.pl\/index.php\/produkty\/"},{"@type":"ListItem","position":3,"name":"Ginekologia i Po\u0142o\u017cnictwo","item":"https:\/\/amed.net.pl\/index.php\/produkty\/ginekologia-i-poloznictwo\/"},{"@type":"ListItem","position":4,"name":"FORBIOPS Kleszczyki do biopsji szyjki macicy"}]},{"@type":"WebSite","@id":"https:\/\/amed.net.pl\/#website","url":"https:\/\/amed.net.pl\/","name":"amed.net.pl","description":"Firma AMED - Lider w zaopatrzenie gabinet\u00f3w lekarskich: wzierniki ginekologiczne, wk\u0142adki wewn\u0105trzmaciczne, szczoteczki cytologiczne, cytologia, papiery USG, os\u0142onki do USG","potentialAction":[{"@type":"SearchAction","target":{"@type":"EntryPoint","urlTemplate":"https:\/\/amed.net.pl\/?s={search_term_string}"},"query-input":{"@type":"PropertyValueSpecification","valueRequired":true,"valueName":"search_term_string"}}],"inLanguage":"pl-PL"}]}},"_links":{"self":[{"href":"https:\/\/amed.net.pl\/index.php\/wp-json\/wp\/v2\/pages\/5485","targetHints":{"allow":["GET"]}}],"collection":[{"href":"https:\/\/amed.net.pl\/index.php\/wp-json\/wp\/v2\/pages"}],"about":[{"href":"https:\/\/amed.net.pl\/index.php\/wp-json\/wp\/v2\/types\/page"}],"author":[{"embeddable":true,"href":"https:\/\/amed.net.pl\/index.php\/wp-json\/wp\/v2\/users\/2"}],"replies":[{"embeddable":true,"href":"https:\/\/amed.net.pl\/index.php\/wp-json\/wp\/v2\/comments?post=5485"}],"version-history":[{"count":3,"href":"https:\/\/amed.net.pl\/index.php\/wp-json\/wp\/v2\/pages\/5485\/revisions"}],"predecessor-version":[{"id":5490,"href":"https:\/\/amed.net.pl\/index.php\/wp-json\/wp\/v2\/pages\/5485\/revisions\/5490"}],"up":[{"embeddable":true,"href":"https:\/\/amed.net.pl\/index.php\/wp-json\/wp\/v2\/pages\/344"}],"wp:attachment":[{"href":"https:\/\/amed.net.pl\/index.php\/wp-json\/wp\/v2\/media?parent=5485"}],"curies":[{"name":"wp","href":"https:\/\/api.w.org\/{rel}","templated":true}]}}