{"id":5472,"date":"2026-02-18T20:09:27","date_gmt":"2026-02-18T19:09:27","guid":{"rendered":"https:\/\/amed.net.pl\/?page_id=5472"},"modified":"2026-02-18T20:31:23","modified_gmt":"2026-02-18T19:31:23","slug":"singamed-kleszczyki-do-biopsji-szyjki-macicy-i-kolposkopii-z-metalowa-czescia-robocza","status":"publish","type":"page","link":"https:\/\/amed.net.pl\/index.php\/produkty\/ginekologia-i-poloznictwo\/singamed-kleszczyki-do-biopsji-szyjki-macicy-i-kolposkopii-z-metalowa-czescia-robocza\/","title":{"rendered":"SINGAMED Kleszczyki do biopsji szyjki macicy i kolposkopii z metalow\u0105 cz\u0119\u015bci\u0105 robocz\u0105"},"content":{"rendered":"<p>[et_pb_section fb_built=&#8221;1&#8243; specialty=&#8221;on&#8221; _builder_version=&#8221;4.16&#8243; custom_padding=&#8221;50.5125px|0|50.5125px|0px|false|false&#8221; global_colors_info=&#8221;{}&#8221;][et_pb_column type=&#8221;1_4&#8243; _builder_version=&#8221;4.16&#8243; custom_padding=&#8221;|||&#8221; global_colors_info=&#8221;{}&#8221; custom_padding__hover=&#8221;|||&#8221;][et_pb_search _builder_version=&#8221;4.16&#8243; global_colors_info=&#8221;{}&#8221; button_text_size__hover_enabled=&#8221;off&#8221; button_one_text_size__hover_enabled=&#8221;off&#8221; button_two_text_size__hover_enabled=&#8221;off&#8221; button_text_color__hover_enabled=&#8221;off&#8221; button_one_text_color__hover_enabled=&#8221;off&#8221; button_two_text_color__hover_enabled=&#8221;off&#8221; button_border_width__hover_enabled=&#8221;off&#8221; button_one_border_width__hover_enabled=&#8221;off&#8221; button_two_border_width__hover_enabled=&#8221;off&#8221; button_border_color__hover_enabled=&#8221;off&#8221; button_one_border_color__hover_enabled=&#8221;off&#8221; button_two_border_color__hover_enabled=&#8221;off&#8221; button_border_radius__hover_enabled=&#8221;off&#8221; button_one_border_radius__hover_enabled=&#8221;off&#8221; button_two_border_radius__hover_enabled=&#8221;off&#8221; button_letter_spacing__hover_enabled=&#8221;off&#8221; button_one_letter_spacing__hover_enabled=&#8221;off&#8221; button_two_letter_spacing__hover_enabled=&#8221;off&#8221; button_bg_color__hover_enabled=&#8221;off&#8221; button_one_bg_color__hover_enabled=&#8221;off&#8221; button_two_bg_color__hover_enabled=&#8221;off&#8221;][\/et_pb_search][et_pb_social_media_follow follow_button=&#8221;on&#8221; _builder_version=&#8221;4.16&#8243; background_layout=&#8221;dark&#8221; global_colors_info=&#8221;{}&#8221;][et_pb_social_media_follow_network social_network=&#8221;facebook&#8221; url=&#8221;https:\/\/www.facebook.com\/AmedPolska\/&#8221; _builder_version=&#8221;4.16&#8243; background_color=&#8221;#e09900&#8243; global_colors_info=&#8221;{}&#8221; follow_button=&#8221;on&#8221; url_new_window=&#8221;on&#8221;]facebook[\/et_pb_social_media_follow_network][\/et_pb_social_media_follow][et_pb_sidebar area=&#8221;et_pb_widget_area_7&#8243; _builder_version=&#8221;4.16&#8243; global_colors_info=&#8221;{}&#8221;][\/et_pb_sidebar][\/et_pb_column][et_pb_column type=&#8221;3_4&#8243; specialty_columns=&#8221;3&#8243; _builder_version=&#8221;4.16&#8243; custom_padding=&#8221;|||&#8221; global_colors_info=&#8221;{}&#8221; custom_padding__hover=&#8221;|||&#8221;][et_pb_row_inner column_structure=&#8221;1_3,1_3,1_3&#8243; _builder_version=&#8221;4.27.5&#8243; _module_preset=&#8221;default&#8221; custom_padding=&#8221;||1px|||&#8221; global_colors_info=&#8221;{}&#8221;][et_pb_column_inner type=&#8221;1_3&#8243; saved_specialty_column_type=&#8221;3_4&#8243; _builder_version=&#8221;4.27.5&#8243; _module_preset=&#8221;default&#8221; global_colors_info=&#8221;{}&#8221;][et_pb_image src=&#8221;https:\/\/amed.net.pl\/wp-content\/uploads\/2024\/06\/singamed-Transparent-logo.png&#8221; alt=&#8221;singamed narz\u0119dzia jednorazowe&#8221; title_text=&#8221;singamed narz\u0119dzia jednorazowe&#8221; _builder_version=&#8221;4.27.5&#8243; _module_preset=&#8221;default&#8221; custom_padding=&#8221;|||48px||&#8221; global_colors_info=&#8221;{}&#8221;][\/et_pb_image][\/et_pb_column_inner][et_pb_column_inner type=&#8221;1_3&#8243; saved_specialty_column_type=&#8221;3_4&#8243; _builder_version=&#8221;4.27.5&#8243; _module_preset=&#8221;default&#8221; global_colors_info=&#8221;{}&#8221;][\/et_pb_column_inner][et_pb_column_inner type=&#8221;1_3&#8243; saved_specialty_column_type=&#8221;3_4&#8243; _builder_version=&#8221;4.27.5&#8243; _module_preset=&#8221;default&#8221; global_colors_info=&#8221;{}&#8221;][\/et_pb_column_inner][\/et_pb_row_inner][et_pb_row_inner _builder_version=&#8221;4.16&#8243; custom_padding=&#8221;|||45px||&#8221; global_colors_info=&#8221;{}&#8221;][et_pb_column_inner saved_specialty_column_type=&#8221;3_4&#8243; _builder_version=&#8221;4.16&#8243; custom_padding=&#8221;|||&#8221; global_colors_info=&#8221;{}&#8221; custom_padding__hover=&#8221;|||&#8221;][et_pb_text _builder_version=&#8221;4.27.5&#8243; header_text_color=&#8221;#0C71C3&#8243; custom_padding=&#8221;10px|10px|10px|20px&#8221; global_colors_info=&#8221;{}&#8221;]<\/p>\n<h1 style=\"text-align: left;\">SINGAMED Kleszczyki do biopsji szyjki macicy i kolposkopii z metalow\u0105 cz\u0119\u015bci\u0105 robocz\u0105, jednorazowe<\/h1>\n<h1 style=\"text-align: left;\"><\/h1>\n<p>[\/et_pb_text][\/et_pb_column_inner][\/et_pb_row_inner][et_pb_row_inner column_structure=&#8221;1_2,1_2&#8243; admin_label=&#8221;Wiersz&#8221; _builder_version=&#8221;4.16&#8243; global_colors_info=&#8221;{}&#8221;][et_pb_column_inner type=&#8221;1_2&#8243; saved_specialty_column_type=&#8221;3_4&#8243; _builder_version=&#8221;4.16&#8243; custom_padding=&#8221;|||&#8221; global_colors_info=&#8221;{}&#8221; custom_padding__hover=&#8221;|||&#8221;][et_pb_image src=&#8221;https:\/\/amed.net.pl\/wp-content\/uploads\/2019\/01\/uterus-biopsy-forceps-with-measurements1.jpg&#8221; align_tablet=&#8221;center&#8221; align_phone=&#8221;&#8221; align_last_edited=&#8221;on|desktop&#8221; _builder_version=&#8221;4.16&#8243; max_width=&#8221;120%&#8221; global_colors_info=&#8221;{}&#8221;][\/et_pb_image][et_pb_cta button_url=&#8221;https:\/\/sklep.amed.net.pl\/pol_m_GINEKOLOGIA_Diagnostyka-i-biopsja-555.html&#8221; url_new_window=&#8221;on&#8221; button_text=&#8221;Odwied\u017a nasz SKLEP!&#8221; _builder_version=&#8221;4.16&#8243; header_level=&#8221;h3&#8243; header_font=&#8221;||||||||&#8221; header_text_align=&#8221;center&#8221; header_font_size=&#8221;27px&#8221; use_background_color=&#8221;off&#8221; custom_button=&#8221;on&#8221; button_text_color=&#8221;#e09900&#8243; button_font=&#8221;||||||||&#8221; background_layout=&#8221;light&#8221; animation_style=&#8221;bounce&#8221; link_option_url=&#8221;https:\/\/sklep.amed.net.pl\/pol_m_GINEKOLOGIA_Diagnostyka-i-biopsja-555.html&#8221; link_option_url_new_window=&#8221;on&#8221; global_colors_info=&#8221;{}&#8221;]<\/p>\n<h4><strong>Pe\u0142na oferta narz\u0119dzi jednorazowych<\/strong><\/h4>\n<p>[\/et_pb_cta][\/et_pb_column_inner][et_pb_column_inner type=&#8221;1_2&#8243; saved_specialty_column_type=&#8221;3_4&#8243; _builder_version=&#8221;4.16&#8243; custom_padding=&#8221;|||&#8221; global_colors_info=&#8221;{}&#8221; custom_padding__hover=&#8221;|||&#8221;][et_pb_text _builder_version=&#8221;4.27.5&#8243; custom_margin=&#8221;NaNpx|||&#8221; global_colors_info=&#8221;{}&#8221;]<\/p>\n<blockquote>\n<ul>\n<li>Sterylne, jednorazowe kleszczyki do biopsji szyjki macicy oraz do kolposkopii<\/li>\n<li>Stabilna metalowa cz\u0119\u015b\u0107 robocza o d\u0142ugo\u015bci 180 mm<\/li>\n<li>D\u0142ugo\u015b\u0107 ca\u0142kowita narz\u0119dzia 220 mm<\/li>\n<li>Specjalna konstrukcja ko\u0144c\u00f3wki do wycink\u00f3w u\u0142atwiaj\u0105ca pob\u00f3r materia\u0142u<\/li>\n<li>Ko\u0144c\u00f3wka do pobierania wycink\u00f3w o wymiarach: 8 mm x 4 mm<\/li>\n<li>Pobranie materia\u0142u za pomoc\u0105 jednego ruchu<\/li>\n<li>Ergonomiczny kszta\u0142t dostosowany do ka\u017cdego typu wziernika<\/li>\n<li>Termin wa\u017cno\u015bci 3 lata od daty produkcji<\/li>\n<li>Certyfikat CE 0197<\/li>\n<\/ul>\n<\/blockquote>\n<p>[\/et_pb_text][\/et_pb_column_inner][\/et_pb_row_inner][et_pb_row_inner column_structure=&#8221;1_3,1_3,1_3&#8243; _builder_version=&#8221;4.27.5&#8243; _module_preset=&#8221;default&#8221; global_colors_info=&#8221;{}&#8221;][et_pb_column_inner type=&#8221;1_3&#8243; saved_specialty_column_type=&#8221;3_4&#8243; _builder_version=&#8221;4.27.5&#8243; _module_preset=&#8221;default&#8221; global_colors_info=&#8221;{}&#8221;][et_pb_image src=&#8221;https:\/\/amed.net.pl\/wp-content\/uploads\/2024\/06\/singamed-Transparent-logo.png&#8221; alt=&#8221;singamed narz\u0119dzia jednorazowe&#8221; title_text=&#8221;singamed narz\u0119dzia jednorazowe&#8221; _builder_version=&#8221;4.27.5&#8243; _module_preset=&#8221;default&#8221; global_colors_info=&#8221;{}&#8221;][\/et_pb_image][\/et_pb_column_inner][et_pb_column_inner type=&#8221;1_3&#8243; saved_specialty_column_type=&#8221;3_4&#8243; _builder_version=&#8221;4.27.5&#8243; _module_preset=&#8221;default&#8221; global_colors_info=&#8221;{}&#8221;][\/et_pb_column_inner][et_pb_column_inner type=&#8221;1_3&#8243; saved_specialty_column_type=&#8221;3_4&#8243; _builder_version=&#8221;4.27.5&#8243; _module_preset=&#8221;default&#8221; global_colors_info=&#8221;{}&#8221;][\/et_pb_column_inner][\/et_pb_row_inner][\/et_pb_column][\/et_pb_section]<\/p>\n","protected":false},"excerpt":{"rendered":"<p>SINGAMED Kleszczyki do biopsji szyjki macicy i kolposkopii z metalow\u0105 cz\u0119\u015bci\u0105 robocz\u0105, jednorazowe Pe\u0142na oferta narz\u0119dzi jednorazowych Sterylne, jednorazowe kleszczyki do biopsji szyjki macicy oraz do kolposkopii Stabilna metalowa cz\u0119\u015b\u0107 robocza o d\u0142ugo\u015bci 180 mm D\u0142ugo\u015b\u0107 ca\u0142kowita narz\u0119dzia 220 mm Specjalna konstrukcja ko\u0144c\u00f3wki do wycink\u00f3w u\u0142atwiaj\u0105ca pob\u00f3r materia\u0142u Ko\u0144c\u00f3wka do pobierania wycink\u00f3w o wymiarach: 8 [&hellip;]<\/p>\n","protected":false},"author":2,"featured_media":0,"parent":344,"menu_order":0,"comment_status":"closed","ping_status":"closed","template":"","meta":{"_et_pb_use_builder":"on","_et_pb_old_content":"","_et_gb_content_width":"","footnotes":""},"class_list":["post-5472","page","type-page","status-publish","hentry"],"yoast_head":"<!-- This site is optimized with the Yoast SEO plugin v27.4 - https:\/\/yoast.com\/product\/yoast-seo-wordpress\/ -->\n<title>SINGAMED Kleszczyki do biopsji szyjki macicy i kolposkopii z metalow\u0105 cz\u0119\u015bci\u0105 robocz\u0105 - amed.net.pl<\/title>\n<meta name=\"description\" content=\"Kleszczyki do biopsji szyjki macicy i kolposkopii z metalow\u0105 cz\u0119\u015bci\u0105 robocz\u0105, jednorazowego u\u017cytku, sterylne.\" \/>\n<meta name=\"robots\" content=\"index, follow, max-snippet:-1, max-image-preview:large, max-video-preview:-1\" \/>\n<link rel=\"canonical\" href=\"https:\/\/amed.net.pl\/index.php\/produkty\/ginekologia-i-poloznictwo\/singamed-kleszczyki-do-biopsji-szyjki-macicy-i-kolposkopii-z-metalowa-czescia-robocza\/\" \/>\n<meta property=\"og:locale\" content=\"pl_PL\" \/>\n<meta property=\"og:type\" content=\"article\" \/>\n<meta property=\"og:title\" content=\"SINGAMED Kleszczyki do biopsji szyjki macicy i kolposkopii z metalow\u0105 cz\u0119\u015bci\u0105 robocz\u0105 - amed.net.pl\" \/>\n<meta property=\"og:description\" content=\"Kleszczyki do biopsji szyjki macicy i kolposkopii z metalow\u0105 cz\u0119\u015bci\u0105 robocz\u0105, jednorazowego u\u017cytku, sterylne.\" \/>\n<meta property=\"og:url\" content=\"https:\/\/amed.net.pl\/index.php\/produkty\/ginekologia-i-poloznictwo\/singamed-kleszczyki-do-biopsji-szyjki-macicy-i-kolposkopii-z-metalowa-czescia-robocza\/\" \/>\n<meta property=\"og:site_name\" content=\"amed.net.pl\" \/>\n<meta property=\"article:modified_time\" content=\"2026-02-18T19:31:23+00:00\" \/>\n<meta name=\"twitter:card\" content=\"summary_large_image\" \/>\n<meta name=\"twitter:label1\" content=\"Szacowany czas czytania\" \/>\n\t<meta name=\"twitter:data1\" content=\"4 minuty\" \/>\n<script type=\"application\/ld+json\" class=\"yoast-schema-graph\">{\"@context\":\"https:\\\/\\\/schema.org\",\"@graph\":[{\"@type\":\"WebPage\",\"@id\":\"https:\\\/\\\/amed.net.pl\\\/index.php\\\/produkty\\\/ginekologia-i-poloznictwo\\\/singamed-kleszczyki-do-biopsji-szyjki-macicy-i-kolposkopii-z-metalowa-czescia-robocza\\\/\",\"url\":\"https:\\\/\\\/amed.net.pl\\\/index.php\\\/produkty\\\/ginekologia-i-poloznictwo\\\/singamed-kleszczyki-do-biopsji-szyjki-macicy-i-kolposkopii-z-metalowa-czescia-robocza\\\/\",\"name\":\"SINGAMED Kleszczyki do biopsji szyjki macicy i kolposkopii z metalow\u0105 cz\u0119\u015bci\u0105 robocz\u0105 - amed.net.pl\",\"isPartOf\":{\"@id\":\"https:\\\/\\\/amed.net.pl\\\/#website\"},\"datePublished\":\"2026-02-18T19:09:27+00:00\",\"dateModified\":\"2026-02-18T19:31:23+00:00\",\"description\":\"Kleszczyki do biopsji szyjki macicy i kolposkopii z metalow\u0105 cz\u0119\u015bci\u0105 robocz\u0105, jednorazowego u\u017cytku, sterylne.\",\"breadcrumb\":{\"@id\":\"https:\\\/\\\/amed.net.pl\\\/index.php\\\/produkty\\\/ginekologia-i-poloznictwo\\\/singamed-kleszczyki-do-biopsji-szyjki-macicy-i-kolposkopii-z-metalowa-czescia-robocza\\\/#breadcrumb\"},\"inLanguage\":\"pl-PL\",\"potentialAction\":[{\"@type\":\"ReadAction\",\"target\":[\"https:\\\/\\\/amed.net.pl\\\/index.php\\\/produkty\\\/ginekologia-i-poloznictwo\\\/singamed-kleszczyki-do-biopsji-szyjki-macicy-i-kolposkopii-z-metalowa-czescia-robocza\\\/\"]}]},{\"@type\":\"BreadcrumbList\",\"@id\":\"https:\\\/\\\/amed.net.pl\\\/index.php\\\/produkty\\\/ginekologia-i-poloznictwo\\\/singamed-kleszczyki-do-biopsji-szyjki-macicy-i-kolposkopii-z-metalowa-czescia-robocza\\\/#breadcrumb\",\"itemListElement\":[{\"@type\":\"ListItem\",\"position\":1,\"name\":\"Strona g\u0142\u00f3wna\",\"item\":\"https:\\\/\\\/amed.net.pl\\\/\"},{\"@type\":\"ListItem\",\"position\":2,\"name\":\"Produkty\",\"item\":\"https:\\\/\\\/amed.net.pl\\\/index.php\\\/produkty\\\/\"},{\"@type\":\"ListItem\",\"position\":3,\"name\":\"Ginekologia i Po\u0142o\u017cnictwo\",\"item\":\"https:\\\/\\\/amed.net.pl\\\/index.php\\\/produkty\\\/ginekologia-i-poloznictwo\\\/\"},{\"@type\":\"ListItem\",\"position\":4,\"name\":\"SINGAMED Kleszczyki do biopsji szyjki macicy i kolposkopii z metalow\u0105 cz\u0119\u015bci\u0105 robocz\u0105\"}]},{\"@type\":\"WebSite\",\"@id\":\"https:\\\/\\\/amed.net.pl\\\/#website\",\"url\":\"https:\\\/\\\/amed.net.pl\\\/\",\"name\":\"amed.net.pl\",\"description\":\"Firma AMED - Lider w zaopatrzenie gabinet\u00f3w lekarskich: wzierniki ginekologiczne, wk\u0142adki wewn\u0105trzmaciczne, szczoteczki cytologiczne, cytologia, papiery USG, os\u0142onki do USG\",\"potentialAction\":[{\"@type\":\"SearchAction\",\"target\":{\"@type\":\"EntryPoint\",\"urlTemplate\":\"https:\\\/\\\/amed.net.pl\\\/?s={search_term_string}\"},\"query-input\":{\"@type\":\"PropertyValueSpecification\",\"valueRequired\":true,\"valueName\":\"search_term_string\"}}],\"inLanguage\":\"pl-PL\"}]}<\/script>\n<!-- \/ Yoast SEO plugin. -->","yoast_head_json":{"title":"SINGAMED Kleszczyki do biopsji szyjki macicy i kolposkopii z metalow\u0105 cz\u0119\u015bci\u0105 robocz\u0105 - amed.net.pl","description":"Kleszczyki do biopsji szyjki macicy i kolposkopii z metalow\u0105 cz\u0119\u015bci\u0105 robocz\u0105, jednorazowego u\u017cytku, sterylne.","robots":{"index":"index","follow":"follow","max-snippet":"max-snippet:-1","max-image-preview":"max-image-preview:large","max-video-preview":"max-video-preview:-1"},"canonical":"https:\/\/amed.net.pl\/index.php\/produkty\/ginekologia-i-poloznictwo\/singamed-kleszczyki-do-biopsji-szyjki-macicy-i-kolposkopii-z-metalowa-czescia-robocza\/","og_locale":"pl_PL","og_type":"article","og_title":"SINGAMED Kleszczyki do biopsji szyjki macicy i kolposkopii z metalow\u0105 cz\u0119\u015bci\u0105 robocz\u0105 - amed.net.pl","og_description":"Kleszczyki do biopsji szyjki macicy i kolposkopii z metalow\u0105 cz\u0119\u015bci\u0105 robocz\u0105, jednorazowego u\u017cytku, sterylne.","og_url":"https:\/\/amed.net.pl\/index.php\/produkty\/ginekologia-i-poloznictwo\/singamed-kleszczyki-do-biopsji-szyjki-macicy-i-kolposkopii-z-metalowa-czescia-robocza\/","og_site_name":"amed.net.pl","article_modified_time":"2026-02-18T19:31:23+00:00","twitter_card":"summary_large_image","twitter_misc":{"Szacowany czas czytania":"4 minuty"},"schema":{"@context":"https:\/\/schema.org","@graph":[{"@type":"WebPage","@id":"https:\/\/amed.net.pl\/index.php\/produkty\/ginekologia-i-poloznictwo\/singamed-kleszczyki-do-biopsji-szyjki-macicy-i-kolposkopii-z-metalowa-czescia-robocza\/","url":"https:\/\/amed.net.pl\/index.php\/produkty\/ginekologia-i-poloznictwo\/singamed-kleszczyki-do-biopsji-szyjki-macicy-i-kolposkopii-z-metalowa-czescia-robocza\/","name":"SINGAMED Kleszczyki do biopsji szyjki macicy i kolposkopii z metalow\u0105 cz\u0119\u015bci\u0105 robocz\u0105 - amed.net.pl","isPartOf":{"@id":"https:\/\/amed.net.pl\/#website"},"datePublished":"2026-02-18T19:09:27+00:00","dateModified":"2026-02-18T19:31:23+00:00","description":"Kleszczyki do biopsji szyjki macicy i kolposkopii z metalow\u0105 cz\u0119\u015bci\u0105 robocz\u0105, jednorazowego u\u017cytku, sterylne.","breadcrumb":{"@id":"https:\/\/amed.net.pl\/index.php\/produkty\/ginekologia-i-poloznictwo\/singamed-kleszczyki-do-biopsji-szyjki-macicy-i-kolposkopii-z-metalowa-czescia-robocza\/#breadcrumb"},"inLanguage":"pl-PL","potentialAction":[{"@type":"ReadAction","target":["https:\/\/amed.net.pl\/index.php\/produkty\/ginekologia-i-poloznictwo\/singamed-kleszczyki-do-biopsji-szyjki-macicy-i-kolposkopii-z-metalowa-czescia-robocza\/"]}]},{"@type":"BreadcrumbList","@id":"https:\/\/amed.net.pl\/index.php\/produkty\/ginekologia-i-poloznictwo\/singamed-kleszczyki-do-biopsji-szyjki-macicy-i-kolposkopii-z-metalowa-czescia-robocza\/#breadcrumb","itemListElement":[{"@type":"ListItem","position":1,"name":"Strona g\u0142\u00f3wna","item":"https:\/\/amed.net.pl\/"},{"@type":"ListItem","position":2,"name":"Produkty","item":"https:\/\/amed.net.pl\/index.php\/produkty\/"},{"@type":"ListItem","position":3,"name":"Ginekologia i Po\u0142o\u017cnictwo","item":"https:\/\/amed.net.pl\/index.php\/produkty\/ginekologia-i-poloznictwo\/"},{"@type":"ListItem","position":4,"name":"SINGAMED Kleszczyki do biopsji szyjki macicy i kolposkopii z metalow\u0105 cz\u0119\u015bci\u0105 robocz\u0105"}]},{"@type":"WebSite","@id":"https:\/\/amed.net.pl\/#website","url":"https:\/\/amed.net.pl\/","name":"amed.net.pl","description":"Firma AMED - Lider w zaopatrzenie gabinet\u00f3w lekarskich: wzierniki ginekologiczne, wk\u0142adki wewn\u0105trzmaciczne, szczoteczki cytologiczne, cytologia, papiery USG, os\u0142onki do USG","potentialAction":[{"@type":"SearchAction","target":{"@type":"EntryPoint","urlTemplate":"https:\/\/amed.net.pl\/?s={search_term_string}"},"query-input":{"@type":"PropertyValueSpecification","valueRequired":true,"valueName":"search_term_string"}}],"inLanguage":"pl-PL"}]}},"_links":{"self":[{"href":"https:\/\/amed.net.pl\/index.php\/wp-json\/wp\/v2\/pages\/5472","targetHints":{"allow":["GET"]}}],"collection":[{"href":"https:\/\/amed.net.pl\/index.php\/wp-json\/wp\/v2\/pages"}],"about":[{"href":"https:\/\/amed.net.pl\/index.php\/wp-json\/wp\/v2\/types\/page"}],"author":[{"embeddable":true,"href":"https:\/\/amed.net.pl\/index.php\/wp-json\/wp\/v2\/users\/2"}],"replies":[{"embeddable":true,"href":"https:\/\/amed.net.pl\/index.php\/wp-json\/wp\/v2\/comments?post=5472"}],"version-history":[{"count":6,"href":"https:\/\/amed.net.pl\/index.php\/wp-json\/wp\/v2\/pages\/5472\/revisions"}],"predecessor-version":[{"id":5491,"href":"https:\/\/amed.net.pl\/index.php\/wp-json\/wp\/v2\/pages\/5472\/revisions\/5491"}],"up":[{"embeddable":true,"href":"https:\/\/amed.net.pl\/index.php\/wp-json\/wp\/v2\/pages\/344"}],"wp:attachment":[{"href":"https:\/\/amed.net.pl\/index.php\/wp-json\/wp\/v2\/media?parent=5472"}],"curies":[{"name":"wp","href":"https:\/\/api.w.org\/{rel}","templated":true}]}}