{"id":5289,"date":"2026-02-16T20:00:29","date_gmt":"2026-02-16T19:00:29","guid":{"rendered":"https:\/\/amed.net.pl\/?page_id=5289"},"modified":"2026-02-16T21:31:36","modified_gmt":"2026-02-16T20:31:36","slug":"szczoteczka-cytologiczna-typ-2-plus-wachlarz-plus","status":"publish","type":"page","link":"https:\/\/amed.net.pl\/index.php\/produkty\/ginekologia-i-poloznictwo\/szczoteczki-cytologiczne\/szczoteczka-cytologiczna-typ-2-plus-wachlarz-plus\/","title":{"rendered":"Szczoteczka cytologiczna typ-2 PLUS (wachlarz PLUS)"},"content":{"rendered":"<p>[et_pb_section fb_built=&#8221;1&#8243; specialty=&#8221;on&#8221; module_class=&#8221; et_pb_specialty_fullwidth&#8221; _builder_version=&#8221;4.16&#8243; inner_width=&#8221;89%&#8221; inner_width_tablet=&#8221;80%&#8221; inner_width_phone=&#8221;&#8221; inner_width_last_edited=&#8221;on|desktop&#8221; inner_max_width=&#8221;89%&#8221; inner_max_width_tablet=&#8221;80%&#8221; inner_max_width_phone=&#8221;&#8221; inner_max_width_last_edited=&#8221;on|desktop&#8221; custom_padding=&#8221;16px|0px|50.5125px|0px|false|false&#8221; make_fullwidth=&#8221;on&#8221; global_colors_info=&#8221;{}&#8221;][et_pb_column type=&#8221;1_4&#8243; _builder_version=&#8221;4.16&#8243; custom_padding=&#8221;|||&#8221; global_colors_info=&#8221;{}&#8221; custom_padding__hover=&#8221;|||&#8221;][et_pb_search _builder_version=&#8221;4.16&#8243; global_colors_info=&#8221;{}&#8221; button_text_size__hover_enabled=&#8221;off&#8221; button_one_text_size__hover_enabled=&#8221;off&#8221; button_two_text_size__hover_enabled=&#8221;off&#8221; button_text_color__hover_enabled=&#8221;off&#8221; button_one_text_color__hover_enabled=&#8221;off&#8221; button_two_text_color__hover_enabled=&#8221;off&#8221; button_border_width__hover_enabled=&#8221;off&#8221; button_one_border_width__hover_enabled=&#8221;off&#8221; button_two_border_width__hover_enabled=&#8221;off&#8221; button_border_color__hover_enabled=&#8221;off&#8221; button_one_border_color__hover_enabled=&#8221;off&#8221; button_two_border_color__hover_enabled=&#8221;off&#8221; button_border_radius__hover_enabled=&#8221;off&#8221; button_one_border_radius__hover_enabled=&#8221;off&#8221; button_two_border_radius__hover_enabled=&#8221;off&#8221; button_letter_spacing__hover_enabled=&#8221;off&#8221; button_one_letter_spacing__hover_enabled=&#8221;off&#8221; button_two_letter_spacing__hover_enabled=&#8221;off&#8221; button_bg_color__hover_enabled=&#8221;off&#8221; button_one_bg_color__hover_enabled=&#8221;off&#8221; button_two_bg_color__hover_enabled=&#8221;off&#8221;]&nbsp;<br \/>\n[\/et_pb_search][et_pb_social_media_follow follow_button=&#8221;on&#8221; _builder_version=&#8221;4.16&#8243; background_layout=&#8221;dark&#8221; global_colors_info=&#8221;{}&#8221;][et_pb_social_media_follow_network social_network=&#8221;facebook&#8221; url=&#8221;https:\/\/www.facebook.com\/AmedPolska\/&#8221; _builder_version=&#8221;4.16&#8243; background_color=&#8221;#e09900&#8243; global_colors_info=&#8221;{}&#8221; follow_button=&#8221;on&#8221; url_new_window=&#8221;on&#8221;]facebook[\/et_pb_social_media_follow_network][\/et_pb_social_media_follow][et_pb_sidebar area=&#8221;et_pb_widget_area_2&#8243; _builder_version=&#8221;4.16&#8243; header_font=&#8221;||||||||&#8221; global_colors_info=&#8221;{}&#8221;]&nbsp;<br \/>\n[\/et_pb_sidebar][\/et_pb_column][et_pb_column type=&#8221;3_4&#8243; specialty_columns=&#8221;3&#8243; _builder_version=&#8221;4.16&#8243; custom_padding=&#8221;|||&#8221; global_colors_info=&#8221;{}&#8221; custom_padding__hover=&#8221;|||&#8221;][et_pb_row_inner _builder_version=&#8221;4.16&#8243; custom_padding=&#8221;0|0px|0|0px|false|false&#8221; global_colors_info=&#8221;{}&#8221;][et_pb_column_inner saved_specialty_column_type=&#8221;3_4&#8243; _builder_version=&#8221;4.16&#8243; custom_padding=&#8221;|||&#8221; global_colors_info=&#8221;{}&#8221; custom_padding__hover=&#8221;|||&#8221;][et_pb_image src=&#8221;https:\/\/amed.net.pl\/wp-content\/uploads\/2019\/04\/Original-6.jpg&#8221; align_tablet=&#8221;center&#8221; align_phone=&#8221;&#8221; align_last_edited=&#8221;on|desktop&#8221; _builder_version=&#8221;4.16&#8243; max_width=&#8221;20%&#8221; global_colors_info=&#8221;{}&#8221;][\/et_pb_image][\/et_pb_column_inner][\/et_pb_row_inner][et_pb_row_inner admin_label=&#8221;Wiersz&#8221; _builder_version=&#8221;4.16&#8243; custom_padding=&#8221;0|0px|27px|0px|false|false&#8221; global_colors_info=&#8221;{}&#8221;][et_pb_column_inner saved_specialty_column_type=&#8221;3_4&#8243; _builder_version=&#8221;4.16&#8243; custom_padding=&#8221;|||&#8221; global_colors_info=&#8221;{}&#8221; custom_padding__hover=&#8221;|||&#8221;][et_pb_text _builder_version=&#8221;4.27.5&#8243; header_font=&#8221;||||||||&#8221; header_text_color=&#8221;#0C71C3&#8243; max_width=&#8221;100%&#8221; custom_padding=&#8221;10px|10px||20px&#8221; global_module=&#8221;2048&#8243; saved_tabs=&#8221;all&#8221; global_colors_info=&#8221;{}&#8221;]<\/p>\n<h1 style=\"text-align: center;\">AMED CYTOGINE<\/h1>\n<h1 style=\"text-align: center;\">Szczoteczka cytologiczna<\/h1>\n<p>[\/et_pb_text][et_pb_text _builder_version=&#8221;4.27.5&#8243; header_font=&#8221;|600|||||||&#8221; header_2_font=&#8221;||||||||&#8221; custom_padding=&#8221;10px|10px|10px|20px&#8221; hover_enabled=&#8221;0&#8243; box_shadow_style=&#8221;preset3&#8243; global_colors_info=&#8221;{}&#8221; sticky_enabled=&#8221;0&#8243;]<\/p>\n<h2 style=\"text-align: center;\">Typ &#8211; 2 PLUS \/wachlarz PLUS\/<\/h2>\n<p>[\/et_pb_text][\/et_pb_column_inner][\/et_pb_row_inner][et_pb_row_inner _builder_version=&#8221;4.16&#8243; custom_padding=&#8221;28.1023px|0px|0|0px|false|false&#8221; global_colors_info=&#8221;{}&#8221;][et_pb_column_inner saved_specialty_column_type=&#8221;3_4&#8243; _builder_version=&#8221;4.16&#8243; custom_padding=&#8221;|||&#8221; global_colors_info=&#8221;{}&#8221; custom_padding__hover=&#8221;|||&#8221;][et_pb_text _builder_version=&#8221;4.27.5&#8243; header_font=&#8221;||||||||&#8221; inline_fonts=&#8221;Abel&#8221; global_colors_info=&#8221;{}&#8221;]<\/p>\n<blockquote>\n<h4 style=\"text-align: center;\"><span>Nowy zmieniony kszta\u0142t g\u0142\u00f3wki<\/span><\/h4>\n<\/blockquote>\n<p>[\/et_pb_text][\/et_pb_column_inner][\/et_pb_row_inner][et_pb_row_inner column_structure=&#8221;1_2,1_2&#8243; admin_label=&#8221;Wiersz&#8221; _builder_version=&#8221;4.16&#8243; custom_padding=&#8221;28.1023px|0px|1px|0px|false|false&#8221; global_colors_info=&#8221;{}&#8221;][et_pb_column_inner type=&#8221;1_2&#8243; saved_specialty_column_type=&#8221;3_4&#8243; _builder_version=&#8221;4.16&#8243; custom_padding=&#8221;|||&#8221; global_colors_info=&#8221;{}&#8221; custom_padding__hover=&#8221;|||&#8221;][et_pb_image src=&#8221;https:\/\/amed.net.pl\/wp-content\/uploads\/2026\/02\/pol_pl_Szczoteczka-cytologiczna-AMED-CYTOGINE-typ-2-PLUS-wachlarz-PLUS-2324_2-2.png&#8221; alt=&#8221;Szczoteczka cytologiczna AMED CYTOGINE, typ-2 PLUS (wachlarz PLUS)&#8221; title_text=&#8221;Szczoteczka cytologiczna AMED CYTOGINE, typ-2 PLUS (wachlarz PLUS)&#8221; align=&#8221;center&#8221; force_fullwidth=&#8221;on&#8221; align_tablet=&#8221;center&#8221; align_phone=&#8221;&#8221; align_last_edited=&#8221;on|desktop&#8221; _builder_version=&#8221;4.27.5&#8243; global_colors_info=&#8221;{}&#8221;]&nbsp;<br \/>\n[\/et_pb_image][\/et_pb_column_inner][et_pb_column_inner type=&#8221;1_2&#8243; saved_specialty_column_type=&#8221;3_4&#8243; _builder_version=&#8221;4.16&#8243; custom_padding=&#8221;|||&#8221; global_colors_info=&#8221;{}&#8221; custom_padding__hover=&#8221;|||&#8221;][et_pb_text _builder_version=&#8221;4.27.5&#8243; text_line_height=&#8221;1.8em&#8221; header_font=&#8221;||||||||&#8221; header_4_font_size=&#8221;16px&#8221; header_4_line_height=&#8221;1.2em&#8221; inline_fonts=&#8221;Abel&#8221; global_colors_info=&#8221;{}&#8221;]<\/p>\n<h4 style=\"text-align: center;\"><span style=\"color: #000000;\"><b>POB\u00d3R KOM\u00d3REK Z DW\u00d3CH MIEJSC<\/b><\/span><\/h4>\n<h4 style=\"text-align: center;\"><span>Specjalnie u\u0142o\u017cone w\u0142osie umo\u017cliwia pobranie kom\u00f3rek jednocze\u015bnie z kana\u0142u i tarczy szyjki macicy<\/span><\/h4>\n<p><span style=\"font-size: medium;\"><strong><em><\/em><\/strong><\/span><\/p>\n<p>[\/et_pb_text][et_pb_text _builder_version=&#8221;4.27.5&#8243; _module_preset=&#8221;default&#8221; global_colors_info=&#8221;{}&#8221;]<\/p>\n<blockquote>\n<ul>\n<li><span>Optymalna d\u0142ugo\u015b\u0107 cz\u0119\u015bci roboczej szczoteczki pozwala na pobranie odpowiedniej ilo\u015bci materia\u0142u do bada\u0144<br \/><\/span><\/li>\n<li><span>Wysokiej jako\u015bci w\u0142osie pobiera materia\u0142 bogaty w dobrej jako\u015bci kom\u00f3rki eliminuj\u0105c ryzyko konieczno\u015bci ponownego pobierania<br \/><\/span><\/li>\n<li><span>Odpowiednio delikatne w\u0142osie minimalizuje podra\u017cnienia i krwawienie<br \/><\/span><\/li>\n<li><span>Ergonomiczna d\u0142ugo\u015b\u0107 szczoteczki<br \/><\/span><\/li>\n<li><span>R\u0105czka solidnie po\u0142\u0105czona z g\u0142\u00f3wk\u0105 szczoteczki<br \/><\/span><\/li>\n<li><span>D\u0142ugo\u015b\u0107 cz\u0119\u015bci wymazowej 27 mm, ca\u0142kowita d\u0142ugo\u015b\u0107 szczoteczki 197 mm<\/span><\/li>\n<\/ul>\n<\/blockquote>\n<p>[\/et_pb_text][\/et_pb_column_inner][\/et_pb_row_inner][\/et_pb_column][\/et_pb_section]<\/p>\n","protected":false},"excerpt":{"rendered":"<p>&nbsp; &nbsp; AMED CYTOGINE Szczoteczka cytologiczna Typ &#8211; 2 PLUS \/wachlarz PLUS\/ Nowy zmieniony kszta\u0142t g\u0142\u00f3wki &nbsp; POB\u00d3R KOM\u00d3REK Z DW\u00d3CH MIEJSC Specjalnie u\u0142o\u017cone w\u0142osie umo\u017cliwia pobranie kom\u00f3rek jednocze\u015bnie z kana\u0142u i tarczy szyjki macicy Optymalna d\u0142ugo\u015b\u0107 cz\u0119\u015bci roboczej szczoteczki pozwala na pobranie odpowiedniej ilo\u015bci materia\u0142u do bada\u0144 Wysokiej jako\u015bci w\u0142osie pobiera materia\u0142 bogaty w [&hellip;]<\/p>\n","protected":false},"author":2,"featured_media":0,"parent":797,"menu_order":0,"comment_status":"closed","ping_status":"closed","template":"","meta":{"_et_pb_use_builder":"on","_et_pb_old_content":"","_et_gb_content_width":"","footnotes":""},"class_list":["post-5289","page","type-page","status-publish","hentry"],"yoast_head":"<!-- This site is optimized with the Yoast SEO plugin v27.4 - https:\/\/yoast.com\/product\/yoast-seo-wordpress\/ -->\n<title>Szczoteczka cytologiczna typ-2 PLUS (wachlarz PLUS) - amed.net.pl<\/title>\n<meta name=\"description\" content=\"Szczoteczka cytologiczna AMED CYTOGINE, typ-2 PLUS (wachlarz PLUS)\" \/>\n<meta name=\"robots\" content=\"index, follow, max-snippet:-1, max-image-preview:large, max-video-preview:-1\" \/>\n<link rel=\"canonical\" href=\"https:\/\/amed.net.pl\/index.php\/produkty\/ginekologia-i-poloznictwo\/szczoteczki-cytologiczne\/szczoteczka-cytologiczna-typ-2-plus-wachlarz-plus\/\" \/>\n<meta property=\"og:locale\" content=\"pl_PL\" \/>\n<meta property=\"og:type\" content=\"article\" \/>\n<meta property=\"og:title\" content=\"Szczoteczka cytologiczna typ-2 PLUS (wachlarz PLUS) - amed.net.pl\" \/>\n<meta property=\"og:description\" content=\"Szczoteczka cytologiczna AMED CYTOGINE, typ-2 PLUS (wachlarz PLUS)\" \/>\n<meta property=\"og:url\" content=\"https:\/\/amed.net.pl\/index.php\/produkty\/ginekologia-i-poloznictwo\/szczoteczki-cytologiczne\/szczoteczka-cytologiczna-typ-2-plus-wachlarz-plus\/\" \/>\n<meta property=\"og:site_name\" content=\"amed.net.pl\" \/>\n<meta property=\"article:modified_time\" content=\"2026-02-16T20:31:36+00:00\" \/>\n<meta name=\"twitter:card\" content=\"summary_large_image\" \/>\n<meta name=\"twitter:label1\" content=\"Szacowany czas czytania\" \/>\n\t<meta name=\"twitter:data1\" content=\"4 minuty\" \/>\n<script type=\"application\/ld+json\" class=\"yoast-schema-graph\">{\"@context\":\"https:\\\/\\\/schema.org\",\"@graph\":[{\"@type\":\"WebPage\",\"@id\":\"https:\\\/\\\/amed.net.pl\\\/index.php\\\/produkty\\\/ginekologia-i-poloznictwo\\\/szczoteczki-cytologiczne\\\/szczoteczka-cytologiczna-typ-2-plus-wachlarz-plus\\\/\",\"url\":\"https:\\\/\\\/amed.net.pl\\\/index.php\\\/produkty\\\/ginekologia-i-poloznictwo\\\/szczoteczki-cytologiczne\\\/szczoteczka-cytologiczna-typ-2-plus-wachlarz-plus\\\/\",\"name\":\"Szczoteczka cytologiczna typ-2 PLUS (wachlarz PLUS) - amed.net.pl\",\"isPartOf\":{\"@id\":\"https:\\\/\\\/amed.net.pl\\\/#website\"},\"datePublished\":\"2026-02-16T19:00:29+00:00\",\"dateModified\":\"2026-02-16T20:31:36+00:00\",\"description\":\"Szczoteczka cytologiczna AMED CYTOGINE, typ-2 PLUS (wachlarz PLUS)\",\"breadcrumb\":{\"@id\":\"https:\\\/\\\/amed.net.pl\\\/index.php\\\/produkty\\\/ginekologia-i-poloznictwo\\\/szczoteczki-cytologiczne\\\/szczoteczka-cytologiczna-typ-2-plus-wachlarz-plus\\\/#breadcrumb\"},\"inLanguage\":\"pl-PL\",\"potentialAction\":[{\"@type\":\"ReadAction\",\"target\":[\"https:\\\/\\\/amed.net.pl\\\/index.php\\\/produkty\\\/ginekologia-i-poloznictwo\\\/szczoteczki-cytologiczne\\\/szczoteczka-cytologiczna-typ-2-plus-wachlarz-plus\\\/\"]}]},{\"@type\":\"BreadcrumbList\",\"@id\":\"https:\\\/\\\/amed.net.pl\\\/index.php\\\/produkty\\\/ginekologia-i-poloznictwo\\\/szczoteczki-cytologiczne\\\/szczoteczka-cytologiczna-typ-2-plus-wachlarz-plus\\\/#breadcrumb\",\"itemListElement\":[{\"@type\":\"ListItem\",\"position\":1,\"name\":\"Strona g\u0142\u00f3wna\",\"item\":\"https:\\\/\\\/amed.net.pl\\\/\"},{\"@type\":\"ListItem\",\"position\":2,\"name\":\"Produkty\",\"item\":\"https:\\\/\\\/amed.net.pl\\\/index.php\\\/produkty\\\/\"},{\"@type\":\"ListItem\",\"position\":3,\"name\":\"Ginekologia i Po\u0142o\u017cnictwo\",\"item\":\"https:\\\/\\\/amed.net.pl\\\/index.php\\\/produkty\\\/ginekologia-i-poloznictwo\\\/\"},{\"@type\":\"ListItem\",\"position\":4,\"name\":\"Szczoteczki cytologiczne\",\"item\":\"https:\\\/\\\/amed.net.pl\\\/index.php\\\/produkty\\\/ginekologia-i-poloznictwo\\\/szczoteczki-cytologiczne\\\/\"},{\"@type\":\"ListItem\",\"position\":5,\"name\":\"Szczoteczka cytologiczna typ-2 PLUS (wachlarz PLUS)\"}]},{\"@type\":\"WebSite\",\"@id\":\"https:\\\/\\\/amed.net.pl\\\/#website\",\"url\":\"https:\\\/\\\/amed.net.pl\\\/\",\"name\":\"amed.net.pl\",\"description\":\"Firma AMED - Lider w zaopatrzenie gabinet\u00f3w lekarskich: wzierniki ginekologiczne, wk\u0142adki wewn\u0105trzmaciczne, szczoteczki cytologiczne, cytologia, papiery USG, os\u0142onki do USG\",\"potentialAction\":[{\"@type\":\"SearchAction\",\"target\":{\"@type\":\"EntryPoint\",\"urlTemplate\":\"https:\\\/\\\/amed.net.pl\\\/?s={search_term_string}\"},\"query-input\":{\"@type\":\"PropertyValueSpecification\",\"valueRequired\":true,\"valueName\":\"search_term_string\"}}],\"inLanguage\":\"pl-PL\"}]}<\/script>\n<!-- \/ Yoast SEO plugin. -->","yoast_head_json":{"title":"Szczoteczka cytologiczna typ-2 PLUS (wachlarz PLUS) - amed.net.pl","description":"Szczoteczka cytologiczna AMED CYTOGINE, typ-2 PLUS (wachlarz PLUS)","robots":{"index":"index","follow":"follow","max-snippet":"max-snippet:-1","max-image-preview":"max-image-preview:large","max-video-preview":"max-video-preview:-1"},"canonical":"https:\/\/amed.net.pl\/index.php\/produkty\/ginekologia-i-poloznictwo\/szczoteczki-cytologiczne\/szczoteczka-cytologiczna-typ-2-plus-wachlarz-plus\/","og_locale":"pl_PL","og_type":"article","og_title":"Szczoteczka cytologiczna typ-2 PLUS (wachlarz PLUS) - amed.net.pl","og_description":"Szczoteczka cytologiczna AMED CYTOGINE, typ-2 PLUS (wachlarz PLUS)","og_url":"https:\/\/amed.net.pl\/index.php\/produkty\/ginekologia-i-poloznictwo\/szczoteczki-cytologiczne\/szczoteczka-cytologiczna-typ-2-plus-wachlarz-plus\/","og_site_name":"amed.net.pl","article_modified_time":"2026-02-16T20:31:36+00:00","twitter_card":"summary_large_image","twitter_misc":{"Szacowany czas czytania":"4 minuty"},"schema":{"@context":"https:\/\/schema.org","@graph":[{"@type":"WebPage","@id":"https:\/\/amed.net.pl\/index.php\/produkty\/ginekologia-i-poloznictwo\/szczoteczki-cytologiczne\/szczoteczka-cytologiczna-typ-2-plus-wachlarz-plus\/","url":"https:\/\/amed.net.pl\/index.php\/produkty\/ginekologia-i-poloznictwo\/szczoteczki-cytologiczne\/szczoteczka-cytologiczna-typ-2-plus-wachlarz-plus\/","name":"Szczoteczka cytologiczna typ-2 PLUS (wachlarz PLUS) - amed.net.pl","isPartOf":{"@id":"https:\/\/amed.net.pl\/#website"},"datePublished":"2026-02-16T19:00:29+00:00","dateModified":"2026-02-16T20:31:36+00:00","description":"Szczoteczka cytologiczna AMED CYTOGINE, typ-2 PLUS (wachlarz PLUS)","breadcrumb":{"@id":"https:\/\/amed.net.pl\/index.php\/produkty\/ginekologia-i-poloznictwo\/szczoteczki-cytologiczne\/szczoteczka-cytologiczna-typ-2-plus-wachlarz-plus\/#breadcrumb"},"inLanguage":"pl-PL","potentialAction":[{"@type":"ReadAction","target":["https:\/\/amed.net.pl\/index.php\/produkty\/ginekologia-i-poloznictwo\/szczoteczki-cytologiczne\/szczoteczka-cytologiczna-typ-2-plus-wachlarz-plus\/"]}]},{"@type":"BreadcrumbList","@id":"https:\/\/amed.net.pl\/index.php\/produkty\/ginekologia-i-poloznictwo\/szczoteczki-cytologiczne\/szczoteczka-cytologiczna-typ-2-plus-wachlarz-plus\/#breadcrumb","itemListElement":[{"@type":"ListItem","position":1,"name":"Strona g\u0142\u00f3wna","item":"https:\/\/amed.net.pl\/"},{"@type":"ListItem","position":2,"name":"Produkty","item":"https:\/\/amed.net.pl\/index.php\/produkty\/"},{"@type":"ListItem","position":3,"name":"Ginekologia i Po\u0142o\u017cnictwo","item":"https:\/\/amed.net.pl\/index.php\/produkty\/ginekologia-i-poloznictwo\/"},{"@type":"ListItem","position":4,"name":"Szczoteczki cytologiczne","item":"https:\/\/amed.net.pl\/index.php\/produkty\/ginekologia-i-poloznictwo\/szczoteczki-cytologiczne\/"},{"@type":"ListItem","position":5,"name":"Szczoteczka cytologiczna typ-2 PLUS (wachlarz PLUS)"}]},{"@type":"WebSite","@id":"https:\/\/amed.net.pl\/#website","url":"https:\/\/amed.net.pl\/","name":"amed.net.pl","description":"Firma AMED - Lider w zaopatrzenie gabinet\u00f3w lekarskich: wzierniki ginekologiczne, wk\u0142adki wewn\u0105trzmaciczne, szczoteczki cytologiczne, cytologia, papiery USG, os\u0142onki do USG","potentialAction":[{"@type":"SearchAction","target":{"@type":"EntryPoint","urlTemplate":"https:\/\/amed.net.pl\/?s={search_term_string}"},"query-input":{"@type":"PropertyValueSpecification","valueRequired":true,"valueName":"search_term_string"}}],"inLanguage":"pl-PL"}]}},"_links":{"self":[{"href":"https:\/\/amed.net.pl\/index.php\/wp-json\/wp\/v2\/pages\/5289","targetHints":{"allow":["GET"]}}],"collection":[{"href":"https:\/\/amed.net.pl\/index.php\/wp-json\/wp\/v2\/pages"}],"about":[{"href":"https:\/\/amed.net.pl\/index.php\/wp-json\/wp\/v2\/types\/page"}],"author":[{"embeddable":true,"href":"https:\/\/amed.net.pl\/index.php\/wp-json\/wp\/v2\/users\/2"}],"replies":[{"embeddable":true,"href":"https:\/\/amed.net.pl\/index.php\/wp-json\/wp\/v2\/comments?post=5289"}],"version-history":[{"count":10,"href":"https:\/\/amed.net.pl\/index.php\/wp-json\/wp\/v2\/pages\/5289\/revisions"}],"predecessor-version":[{"id":5343,"href":"https:\/\/amed.net.pl\/index.php\/wp-json\/wp\/v2\/pages\/5289\/revisions\/5343"}],"up":[{"embeddable":true,"href":"https:\/\/amed.net.pl\/index.php\/wp-json\/wp\/v2\/pages\/797"}],"wp:attachment":[{"href":"https:\/\/amed.net.pl\/index.php\/wp-json\/wp\/v2\/media?parent=5289"}],"curies":[{"name":"wp","href":"https:\/\/api.w.org\/{rel}","templated":true}]}}