{"id":5081,"date":"2024-06-24T15:04:51","date_gmt":"2024-06-24T13:04:51","guid":{"rendered":"https:\/\/amed.net.pl\/?page_id=5081"},"modified":"2024-06-24T15:09:23","modified_gmt":"2024-06-24T13:09:23","slug":"fundusze-europejskie","status":"publish","type":"page","link":"https:\/\/amed.net.pl\/index.php\/fundusze-europejskie\/","title":{"rendered":"Fundusze Europejskie"},"content":{"rendered":"<p>[et_pb_section fb_built=&#8221;1&#8243; _builder_version=&#8221;4.16&#8243; global_colors_info=&#8221;{}&#8221;][et_pb_row _builder_version=&#8221;4.16&#8243; background_size=&#8221;initial&#8221; background_position=&#8221;top_left&#8221; background_repeat=&#8221;repeat&#8221; custom_padding=&#8221;22.9659px|0px|3px|0px|false|false&#8221; global_colors_info=&#8221;{}&#8221;][et_pb_column type=&#8221;4_4&#8243; _builder_version=&#8221;4.16&#8243; custom_padding=&#8221;|||&#8221; global_colors_info=&#8221;{}&#8221; custom_padding__hover=&#8221;|||&#8221;][et_pb_text _builder_version=&#8221;4.16&#8243; background_color=&#8221;rgba(188,188,188,0.29)&#8221; custom_padding=&#8221;30px||30px|&#8221; global_colors_info=&#8221;{}&#8221;]<\/p>\n<h1 style=\"text-align: center;\"><strong>Fundusze Europejskie<\/strong><\/h1>\n<p>[\/et_pb_text][et_pb_image src=&#8221;https:\/\/amed.net.pl\/wp-content\/uploads\/2024\/06\/Zestawienie-znakow_wer.kolor_-FERPUEHERB-scaled.jpg&#8221; alt=&#8221;fundusze europejskie&#8221; title_text=&#8221;fundusze europejskie&#8221; _builder_version=&#8221;4.25.2&#8243; _module_preset=&#8221;default&#8221; global_colors_info=&#8221;{}&#8221;][\/et_pb_image][et_pb_text _builder_version=&#8221;4.25.2&#8243; animation_style=&#8221;slide&#8221; global_colors_info=&#8221;{}&#8221;]<\/p>\n<p style=\"text-align: left;\"><span>Projekt wsp\u00f3\u0142finansowany przez Uni\u0119 Europejsk\u0105 w ramach Programu Regionalnego Fundusze Europejskie dla Wielkopolski 2021-2027<\/span><br \/><span>Priorytet 6 Fundusze Europejskie dla Wielkopolski o silniejszym wymiarze spo\u0142ecznym (EFS+)<\/span><br \/><span>Dzia\u0142anie 6.1 Aktywizacja zawodowa os\u00f3b bezrobotnych i poszukuj\u0105cych pracy \u2013 projekty PUP<\/span><\/p>\n<p><span>Projekt skierowany jest do 470 os\u00f3b pozostaj\u0105cych bez pracy, zarejestrowanych w PUP, w tym os\u00f3b w trudnej sytuacji, w szczeg\u00f3lno\u015bci: osoby m\u0142ode w wieku 18-29 lat, w tym osoby z grupy NEET, osoby d\u0142ugotrwale bezrobotne, kobiety, osoby z niepe\u0142nosprawno\u015bciami, osoby w wieku 50 lat i wi\u0119cej zamieszkuj\u0105ce powiat kaliski i miasto Kalisz.<\/span><\/p>\n<p><span>Celem projektu jest poprawa dost\u0119pu do zatrudnienia i dzia\u0142a\u0144 aktywizacyjnych dla os\u00f3b poszukuj\u0105cych pracy, w szczeg\u00f3lno\u015bci os\u00f3b m\u0142odych, zw\u0142aszcza poprzez wdro\u017cenie gwarancji dla m\u0142odzie\u017cy, d\u0142ugotrwale bezrobotnych oraz grup znajduj\u0105cych si\u0119 w niekorzystnej sytuacji na rynku pracy, a tak\u017ce poprzez promowanie samozatrudnienia.<\/span><\/p>\n<p><span>Projekt realizowany jest od 1 stycznia 2023 roku do 31 grudnia 2024 roku.<\/span><\/p>\n<p><span>W ramach projektu, uczestnicy i uczestniczki, b\u0119d\u0105 mogli skorzysta\u0107 z konkretnej oferty aktywizacji zawodowej, kt\u00f3r\u0105 poprzedzi analiza umiej\u0119tno\u015bci, predyspozycji i problem\u00f3w zawodowych danego uczestnika. Na tej podstawie Urz\u0105d realizowa\u0107 b\u0119dzie odpowiednio dobrane us\u0142ugi i instrumenty rynku pracy, o kt\u00f3rych mowa w ustawie o promocji zatrudnienia i instytucjach rynku pracy:<\/span><\/p>\n<ul style=\"text-align: left;\">\n<li>bon na zasiedlenie dla 63 os\u00f3b (w 2023 r. &#8211; 30 os\u00f3b, w 2024 r. &#8211; 33 osoby);<\/li>\n<li>bon szkoleniowy dla 57 os\u00f3b (w 2023 r. \u2013 29 os\u00f3b, w 2024 r. \u2013 28 os\u00f3b);<\/li>\n<li>szkolenia dla 86 os\u00f3b (w 2023 r. \u2013 40 os\u00f3b, w 2024 r. \u2013 46 os\u00f3b);<\/li>\n<li>przyznanie bezrobotnemu jednorazowo \u015brodk\u00f3w na podj\u0119cie dzia\u0142alno\u015bci gospodarczej dla 69 os\u00f3b (w 2023 r. \u2013 46 os\u00f3b, w 2024 r. \u2013 23 osoby);<\/li>\n<li>sta\u017c dla 100 os\u00f3b (w 2023 r. \u2013 60 os\u00f3b, w 2024 r. \u2013 40 os\u00f3b);<\/li>\n<li>zatrudnienie w ramach koszt\u00f3w wyposa\u017cenia lub doposa\u017cenia stanowiska pracy dla 45 os\u00f3b (w 2023 r. \u2013 30 os\u00f3b, w 2024 r. \u2013 15 os\u00f3b);<\/li>\n<li>zatrudnienie w ramach prac interwencyjnych dla 50 os\u00f3b (w 2023 r. \u2013 10 os\u00f3b, w 2024 r. \u2013 40 os\u00f3b);<\/li>\n<li>poradnictwo zawodowe dla 275 os\u00f3b (w 2023 r. \u2013 145 os\u00f3b, w 2024 r. \u2013 130 os\u00f3b);<\/li>\n<li>po\u015brednictwo pracy dla 195 os\u00f3b (w 2023 r. \u2013 100 os\u00f3b, w 2024 r. \u2013 95 os\u00f3b);<\/li>\n<\/ul>\n<p style=\"text-align: left;\"><span>Projekt zak\u0142ada na poziomie co najmniej 28% tj. 141 os\u00f3b dzia\u0142ania aktywizacyjne m\u0142odych w wieku 18-29 lat, w tym os\u00f3b z grupy NEET, kt\u00f3re zostan\u0105 poprzedzone dokonaniem oceny ich umiej\u0119tno\u015bci cyfrowych z wykorzystaniem ankiety rekomendowanej przez ministra w\u0142a\u015bciwego do spraw pracy i w przypadku konieczno\u015bci uzupe\u0142nienia wiedzy oraz umiej\u0119tno\u015bci w tym zakresie zostan\u0105 oni obj\u0119ci szkoleniem rozwijaj\u0105cym kompetencje cyfrowe. Osobom m\u0142odym w zale\u017cno\u015bci od potrzeb zostanie zapewniona r\u00f3wnie\u017c mo\u017cliwo\u015b\u0107 udzia\u0142u we wsparciu zgodnie ze zdefiniowanymi obszarami inteligentnych specjalizacji dla Wielkopolski, wskazanych w Regionalnej Strategii Innowacji dla Wielkopolski 2030 tj. biosurowce i \u017cywno\u015b\u0107 dla \u015bwiadomych konsument\u00f3w, wn\u0119trza przysz\u0142o\u015bci, przemys\u0142 jutra, wyspecjalizowane procesy logistyczne, rozw\u00f3j oparty na ICT, nowoczesne technologie medyczne i\/lub zgodnie z inteligentnymi specjalizacjami podregionu kaliskiego.<\/span><\/p>\n<p><span>Ponadto, co najmniej 80% uczestnik\u00f3w stanowi\u0107 b\u0119d\u0105 osoby w trudnej sytuacji, w szczeg\u00f3lno\u015bci osoby d\u0142ugotrwale bezrobotne, kobiety, osoby z niepe\u0142nosprawno\u015bciami, osoby w wieku 50 lat i wi\u0119cej, osoby o niskich kwalifikacjach oraz osoby m\u0142ode w wieku 18-29 lat, w tym osoby z grupy NEET.<\/span><\/p>\n<p><span>Projekt zak\u0142ada na zako\u0144czenie, i\u017c co najmniej 80% uczestnik\u00f3w uzyska zatrudnienie, inn\u0105 prac\u0119 zarobkow\u0105 lub podejmie dzia\u0142alno\u015b\u0107 gospodarcz\u0105 (w tym EFS) w ci\u0105gu czterech tygodni po zako\u0144czeniu udzia\u0142u w projekcie tj. 376 os\u00f3b.<\/span><\/p>\n<p><span>Warto\u015b\u0107 projektu: 6\u00a0504\u00a0759,34 z\u0142, w tym: w 2023 roku 3\u00a0252\u00a0379,67 z\u0142, w 2024 roku 3\u00a0252\u00a0379,67 z\u0142.<\/span><br \/><span>Dofinansowanie z UE: 4\u00a0553\u00a0331,53 z\u0142.<\/span><\/p>\n<p><span>#FunduszeUE<\/span><br \/><span>#FunduszeEuropejskie<\/span><\/p>\n<p>[\/et_pb_text][\/et_pb_column][\/et_pb_row][\/et_pb_section]<\/p>\n","protected":false},"excerpt":{"rendered":"<p>Fundusze EuropejskieProjekt wsp\u00f3\u0142finansowany przez Uni\u0119 Europejsk\u0105 w ramach Programu Regionalnego Fundusze Europejskie dla Wielkopolski 2021-2027Priorytet 6 Fundusze Europejskie dla Wielkopolski o silniejszym wymiarze spo\u0142ecznym (EFS+)Dzia\u0142anie 6.1 Aktywizacja zawodowa os\u00f3b bezrobotnych i poszukuj\u0105cych pracy \u2013 projekty PUP Projekt skierowany jest do 470 os\u00f3b pozostaj\u0105cych bez pracy, zarejestrowanych w PUP, w tym os\u00f3b w trudnej sytuacji, w [&hellip;]<\/p>\n","protected":false},"author":2,"featured_media":0,"parent":0,"menu_order":0,"comment_status":"closed","ping_status":"closed","template":"","meta":{"_et_pb_use_builder":"on","_et_pb_old_content":"","_et_gb_content_width":"","footnotes":""},"class_list":["post-5081","page","type-page","status-publish","hentry"],"yoast_head":"<!-- This site is optimized with the Yoast SEO plugin v27.4 - https:\/\/yoast.com\/product\/yoast-seo-wordpress\/ -->\n<title>Fundusze Europejskie - amed.net.pl<\/title>\n<meta name=\"robots\" content=\"index, follow, max-snippet:-1, max-image-preview:large, max-video-preview:-1\" \/>\n<link rel=\"canonical\" href=\"https:\/\/amed.net.pl\/index.php\/fundusze-europejskie\/\" \/>\n<meta property=\"og:locale\" content=\"pl_PL\" \/>\n<meta property=\"og:type\" content=\"article\" \/>\n<meta property=\"og:title\" content=\"Fundusze Europejskie - amed.net.pl\" \/>\n<meta property=\"og:description\" content=\"Fundusze EuropejskieProjekt wsp\u00f3\u0142finansowany przez Uni\u0119 Europejsk\u0105 w ramach Programu Regionalnego Fundusze Europejskie dla Wielkopolski 2021-2027Priorytet 6 Fundusze Europejskie dla Wielkopolski o silniejszym wymiarze spo\u0142ecznym (EFS+)Dzia\u0142anie 6.1 Aktywizacja zawodowa os\u00f3b bezrobotnych i poszukuj\u0105cych pracy \u2013 projekty PUP Projekt skierowany jest do 470 os\u00f3b pozostaj\u0105cych bez pracy, zarejestrowanych w PUP, w tym os\u00f3b w trudnej sytuacji, w [&hellip;]\" \/>\n<meta property=\"og:url\" content=\"https:\/\/amed.net.pl\/index.php\/fundusze-europejskie\/\" \/>\n<meta property=\"og:site_name\" content=\"amed.net.pl\" \/>\n<meta property=\"article:modified_time\" content=\"2024-06-24T13:09:23+00:00\" \/>\n<meta name=\"twitter:card\" content=\"summary_large_image\" \/>\n<meta name=\"twitter:label1\" content=\"Szacowany czas czytania\" \/>\n\t<meta name=\"twitter:data1\" content=\"4 minuty\" \/>\n<script type=\"application\/ld+json\" class=\"yoast-schema-graph\">{\"@context\":\"https:\\\/\\\/schema.org\",\"@graph\":[{\"@type\":\"WebPage\",\"@id\":\"https:\\\/\\\/amed.net.pl\\\/index.php\\\/fundusze-europejskie\\\/\",\"url\":\"https:\\\/\\\/amed.net.pl\\\/index.php\\\/fundusze-europejskie\\\/\",\"name\":\"Fundusze Europejskie - amed.net.pl\",\"isPartOf\":{\"@id\":\"https:\\\/\\\/amed.net.pl\\\/#website\"},\"datePublished\":\"2024-06-24T13:04:51+00:00\",\"dateModified\":\"2024-06-24T13:09:23+00:00\",\"breadcrumb\":{\"@id\":\"https:\\\/\\\/amed.net.pl\\\/index.php\\\/fundusze-europejskie\\\/#breadcrumb\"},\"inLanguage\":\"pl-PL\",\"potentialAction\":[{\"@type\":\"ReadAction\",\"target\":[\"https:\\\/\\\/amed.net.pl\\\/index.php\\\/fundusze-europejskie\\\/\"]}]},{\"@type\":\"BreadcrumbList\",\"@id\":\"https:\\\/\\\/amed.net.pl\\\/index.php\\\/fundusze-europejskie\\\/#breadcrumb\",\"itemListElement\":[{\"@type\":\"ListItem\",\"position\":1,\"name\":\"Strona g\u0142\u00f3wna\",\"item\":\"https:\\\/\\\/amed.net.pl\\\/\"},{\"@type\":\"ListItem\",\"position\":2,\"name\":\"Fundusze Europejskie\"}]},{\"@type\":\"WebSite\",\"@id\":\"https:\\\/\\\/amed.net.pl\\\/#website\",\"url\":\"https:\\\/\\\/amed.net.pl\\\/\",\"name\":\"amed.net.pl\",\"description\":\"Firma AMED - Lider w zaopatrzenie gabinet\u00f3w lekarskich: wzierniki ginekologiczne, wk\u0142adki wewn\u0105trzmaciczne, szczoteczki cytologiczne, cytologia, papiery USG, os\u0142onki do USG\",\"potentialAction\":[{\"@type\":\"SearchAction\",\"target\":{\"@type\":\"EntryPoint\",\"urlTemplate\":\"https:\\\/\\\/amed.net.pl\\\/?s={search_term_string}\"},\"query-input\":{\"@type\":\"PropertyValueSpecification\",\"valueRequired\":true,\"valueName\":\"search_term_string\"}}],\"inLanguage\":\"pl-PL\"}]}<\/script>\n<!-- \/ Yoast SEO plugin. -->","yoast_head_json":{"title":"Fundusze Europejskie - amed.net.pl","robots":{"index":"index","follow":"follow","max-snippet":"max-snippet:-1","max-image-preview":"max-image-preview:large","max-video-preview":"max-video-preview:-1"},"canonical":"https:\/\/amed.net.pl\/index.php\/fundusze-europejskie\/","og_locale":"pl_PL","og_type":"article","og_title":"Fundusze Europejskie - amed.net.pl","og_description":"Fundusze EuropejskieProjekt wsp\u00f3\u0142finansowany przez Uni\u0119 Europejsk\u0105 w ramach Programu Regionalnego Fundusze Europejskie dla Wielkopolski 2021-2027Priorytet 6 Fundusze Europejskie dla Wielkopolski o silniejszym wymiarze spo\u0142ecznym (EFS+)Dzia\u0142anie 6.1 Aktywizacja zawodowa os\u00f3b bezrobotnych i poszukuj\u0105cych pracy \u2013 projekty PUP Projekt skierowany jest do 470 os\u00f3b pozostaj\u0105cych bez pracy, zarejestrowanych w PUP, w tym os\u00f3b w trudnej sytuacji, w [&hellip;]","og_url":"https:\/\/amed.net.pl\/index.php\/fundusze-europejskie\/","og_site_name":"amed.net.pl","article_modified_time":"2024-06-24T13:09:23+00:00","twitter_card":"summary_large_image","twitter_misc":{"Szacowany czas czytania":"4 minuty"},"schema":{"@context":"https:\/\/schema.org","@graph":[{"@type":"WebPage","@id":"https:\/\/amed.net.pl\/index.php\/fundusze-europejskie\/","url":"https:\/\/amed.net.pl\/index.php\/fundusze-europejskie\/","name":"Fundusze Europejskie - amed.net.pl","isPartOf":{"@id":"https:\/\/amed.net.pl\/#website"},"datePublished":"2024-06-24T13:04:51+00:00","dateModified":"2024-06-24T13:09:23+00:00","breadcrumb":{"@id":"https:\/\/amed.net.pl\/index.php\/fundusze-europejskie\/#breadcrumb"},"inLanguage":"pl-PL","potentialAction":[{"@type":"ReadAction","target":["https:\/\/amed.net.pl\/index.php\/fundusze-europejskie\/"]}]},{"@type":"BreadcrumbList","@id":"https:\/\/amed.net.pl\/index.php\/fundusze-europejskie\/#breadcrumb","itemListElement":[{"@type":"ListItem","position":1,"name":"Strona g\u0142\u00f3wna","item":"https:\/\/amed.net.pl\/"},{"@type":"ListItem","position":2,"name":"Fundusze Europejskie"}]},{"@type":"WebSite","@id":"https:\/\/amed.net.pl\/#website","url":"https:\/\/amed.net.pl\/","name":"amed.net.pl","description":"Firma AMED - Lider w zaopatrzenie gabinet\u00f3w lekarskich: wzierniki ginekologiczne, wk\u0142adki wewn\u0105trzmaciczne, szczoteczki cytologiczne, cytologia, papiery USG, os\u0142onki do USG","potentialAction":[{"@type":"SearchAction","target":{"@type":"EntryPoint","urlTemplate":"https:\/\/amed.net.pl\/?s={search_term_string}"},"query-input":{"@type":"PropertyValueSpecification","valueRequired":true,"valueName":"search_term_string"}}],"inLanguage":"pl-PL"}]}},"_links":{"self":[{"href":"https:\/\/amed.net.pl\/index.php\/wp-json\/wp\/v2\/pages\/5081","targetHints":{"allow":["GET"]}}],"collection":[{"href":"https:\/\/amed.net.pl\/index.php\/wp-json\/wp\/v2\/pages"}],"about":[{"href":"https:\/\/amed.net.pl\/index.php\/wp-json\/wp\/v2\/types\/page"}],"author":[{"embeddable":true,"href":"https:\/\/amed.net.pl\/index.php\/wp-json\/wp\/v2\/users\/2"}],"replies":[{"embeddable":true,"href":"https:\/\/amed.net.pl\/index.php\/wp-json\/wp\/v2\/comments?post=5081"}],"version-history":[{"count":6,"href":"https:\/\/amed.net.pl\/index.php\/wp-json\/wp\/v2\/pages\/5081\/revisions"}],"predecessor-version":[{"id":5088,"href":"https:\/\/amed.net.pl\/index.php\/wp-json\/wp\/v2\/pages\/5081\/revisions\/5088"}],"wp:attachment":[{"href":"https:\/\/amed.net.pl\/index.php\/wp-json\/wp\/v2\/media?parent=5081"}],"curies":[{"name":"wp","href":"https:\/\/api.w.org\/{rel}","templated":true}]}}