{"id":4615,"date":"2022-06-21T14:34:32","date_gmt":"2022-06-21T12:34:32","guid":{"rendered":"http:\/\/amed.net.pl\/?page_id=4615"},"modified":"2022-06-21T14:40:49","modified_gmt":"2022-06-21T12:40:49","slug":"imadlo-chirurgiczne-iglotrzymacz","status":"publish","type":"page","link":"https:\/\/amed.net.pl\/index.php\/produkty\/ginekologia-i-poloznictwo\/narzedzia-jednorazowe-plastikowe\/imadlo-chirurgiczne-iglotrzymacz\/","title":{"rendered":"Imad\u0142o chirurgiczne &#8211; ig\u0142otrzymacz"},"content":{"rendered":"<p>[et_pb_section fb_built=&#8221;1&#8243; specialty=&#8221;on&#8221; module_class=&#8221; et_pb_specialty_fullwidth&#8221; _builder_version=&#8221;4.16&#8243; inner_width=&#8221;89%&#8221; inner_width_tablet=&#8221;80%&#8221; inner_width_phone=&#8221;&#8221; inner_width_last_edited=&#8221;on|desktop&#8221; inner_max_width=&#8221;89%&#8221; inner_max_width_tablet=&#8221;80%&#8221; inner_max_width_phone=&#8221;&#8221; inner_max_width_last_edited=&#8221;on|desktop&#8221; custom_padding=&#8221;50.5125px|0px|50.5125px|0px&#8221; make_fullwidth=&#8221;on&#8221; global_colors_info=&#8221;{}&#8221;][et_pb_column type=&#8221;1_4&#8243; _builder_version=&#8221;4.16&#8243; custom_padding=&#8221;|||&#8221; global_colors_info=&#8221;{}&#8221; custom_padding__hover=&#8221;|||&#8221;][et_pb_search _builder_version=&#8221;4.16&#8243; global_colors_info=&#8221;{}&#8221; button_text_size__hover_enabled=&#8221;off&#8221; button_one_text_size__hover_enabled=&#8221;off&#8221; button_two_text_size__hover_enabled=&#8221;off&#8221; button_text_color__hover_enabled=&#8221;off&#8221; button_one_text_color__hover_enabled=&#8221;off&#8221; button_two_text_color__hover_enabled=&#8221;off&#8221; button_border_width__hover_enabled=&#8221;off&#8221; button_one_border_width__hover_enabled=&#8221;off&#8221; button_two_border_width__hover_enabled=&#8221;off&#8221; button_border_color__hover_enabled=&#8221;off&#8221; button_one_border_color__hover_enabled=&#8221;off&#8221; button_two_border_color__hover_enabled=&#8221;off&#8221; button_border_radius__hover_enabled=&#8221;off&#8221; button_one_border_radius__hover_enabled=&#8221;off&#8221; button_two_border_radius__hover_enabled=&#8221;off&#8221; button_letter_spacing__hover_enabled=&#8221;off&#8221; button_one_letter_spacing__hover_enabled=&#8221;off&#8221; button_two_letter_spacing__hover_enabled=&#8221;off&#8221; button_bg_color__hover_enabled=&#8221;off&#8221; button_one_bg_color__hover_enabled=&#8221;off&#8221; button_two_bg_color__hover_enabled=&#8221;off&#8221;][\/et_pb_search][et_pb_social_media_follow follow_button=&#8221;on&#8221; _builder_version=&#8221;4.16&#8243; background_layout=&#8221;dark&#8221; global_colors_info=&#8221;{}&#8221;][et_pb_social_media_follow_network social_network=&#8221;facebook&#8221; url=&#8221;https:\/\/www.facebook.com\/AmedPolska\/&#8221; _builder_version=&#8221;4.16&#8243; background_color=&#8221;#e09900&#8243; global_colors_info=&#8221;{}&#8221; follow_button=&#8221;on&#8221; url_new_window=&#8221;on&#8221;]facebook[\/et_pb_social_media_follow_network][\/et_pb_social_media_follow][et_pb_sidebar area=&#8221;et_pb_widget_area_6&#8243; _builder_version=&#8221;4.16&#8243; global_colors_info=&#8221;{}&#8221;][\/et_pb_sidebar][\/et_pb_column][et_pb_column type=&#8221;3_4&#8243; specialty_columns=&#8221;3&#8243; _builder_version=&#8221;4.16&#8243; custom_padding=&#8221;|||&#8221; global_colors_info=&#8221;{}&#8221; custom_padding__hover=&#8221;|||&#8221;][et_pb_row_inner admin_label=&#8221;Wiersz&#8221; _builder_version=&#8221;4.16&#8243; custom_padding=&#8221;27px|0px|27px|0px&#8221; global_colors_info=&#8221;{}&#8221;][et_pb_column_inner saved_specialty_column_type=&#8221;3_4&#8243; _builder_version=&#8221;4.16&#8243; custom_padding=&#8221;|||&#8221; global_colors_info=&#8221;{}&#8221; custom_padding__hover=&#8221;|||&#8221;][et_pb_text _builder_version=&#8221;4.17.4&#8243; custom_padding=&#8221;10px|10px|10px|20px&#8221; box_shadow_style=&#8221;preset3&#8243; global_colors_info=&#8221;{}&#8221;]<\/p>\n<h1 style=\"text-align: center;\"><span style=\"color: #0c71c3;\"><strong>Imad\u0142o chirurgiczne<\/strong><\/span><\/h1>\n<h1 style=\"text-align: center;\"><span style=\"color: #0c71c3;\"><strong> ig\u0142otrzymacz Crile Wood<\/strong><\/span><\/h1>\n<h1 style=\"text-align: center;\"><span style=\"color: #0c71c3;\"><strong>jednorazowe, sterylne<\/strong><\/span><\/h1>\n<p>[\/et_pb_text][\/et_pb_column_inner][\/et_pb_row_inner][et_pb_row_inner column_structure=&#8221;1_2,1_2&#8243; admin_label=&#8221;Wiersz&#8221; _builder_version=&#8221;4.16&#8243; global_colors_info=&#8221;{}&#8221;][et_pb_column_inner type=&#8221;1_2&#8243; saved_specialty_column_type=&#8221;3_4&#8243; _builder_version=&#8221;4.16&#8243; custom_padding=&#8221;|||&#8221; global_colors_info=&#8221;{}&#8221; custom_padding__hover=&#8221;|||&#8221;][et_pb_image src=&#8221;http:\/\/amed.net.pl\/wp-content\/uploads\/2022\/06\/Imadlo-chirurgiczne-iglotrzymacz-Crile-Wood-jednorazowe-2264_1.png&#8221; alt=&#8221;Imadlo-chirurgiczne-iglotrzymacz-Crile-Wood-jednorazowe-2264_1&#8243; title_text=&#8221;Imadlo-chirurgiczne-iglotrzymacz-Crile-Wood-jednorazowe-2264_1&#8243; align_tablet=&#8221;center&#8221; align_phone=&#8221;&#8221; align_last_edited=&#8221;on|desktop&#8221; _builder_version=&#8221;4.17.4&#8243; width=&#8221;100%&#8221; global_colors_info=&#8221;{}&#8221;][\/et_pb_image][et_pb_cta button_url=&#8221;https:\/\/sklep.amed.net.pl\/pol_m_GINEKOLOGIA_Narzedzia-jednorazowe-160.html&#8221; button_text=&#8221;Odwied\u017a nasz SKLEP !&#8221; _builder_version=&#8221;4.16&#8243; header_level=&#8221;h3&#8243; header_font=&#8221;||||||||&#8221; header_text_align=&#8221;center&#8221; header_font_size=&#8221;27px&#8221; use_background_color=&#8221;off&#8221; custom_button=&#8221;on&#8221; button_text_color=&#8221;#e09900&#8243; button_font=&#8221;||||||||&#8221; background_layout=&#8221;light&#8221; animation_style=&#8221;bounce&#8221; global_colors_info=&#8221;{}&#8221;]<\/p>\n<h4><span><strong><em><\/em><\/strong><\/span><\/h4>\n<h4><span><strong><em><\/em><\/strong><\/span><\/h4>\n<h4><span><strong><em><\/em><\/strong><\/span><\/h4>\n<h4><span><strong><em>Pe\u0142na oferta\u00a0<\/em><\/strong><\/span><\/h4>\n<h4><span><strong><em>narz\u0119dzi <\/em><\/strong><\/span><span><strong><em>jednorazowych<\/em><\/strong><\/span><\/h4>\n<p>[\/et_pb_cta][\/et_pb_column_inner][et_pb_column_inner type=&#8221;1_2&#8243; saved_specialty_column_type=&#8221;3_4&#8243; _builder_version=&#8221;4.16&#8243; custom_padding=&#8221;|||&#8221; global_colors_info=&#8221;{}&#8221; custom_padding__hover=&#8221;|||&#8221;][et_pb_text _builder_version=&#8221;4.17.4&#8243; header_font=&#8221;||||||||&#8221; custom_margin=&#8221;60px|||&#8221; inline_fonts=&#8221;Abel&#8221; global_colors_info=&#8221;{}&#8221;]<\/p>\n<h4 style=\"text-align: center;\"><span style=\"color: #000000;\"><b><i>IMAD\u0141O CHIRURGICZNE\u00a0<\/i><\/b><\/span><\/h4>\n<h4 style=\"text-align: center;\"><span style=\"color: #000000;\"><b><i>IG\u0141OTRZYMACZ Crile Wood<\/i><\/b><\/span><\/h4>\n<h4 style=\"text-align: center;\"><\/h4>\n<blockquote>\n<ul>\n<li style=\"text-align: left;\"><span>D\u0142ugo\u015b\u0107 ca\u0142kowita: 200 mm<\/span><\/li>\n<li style=\"text-align: left;\">\n<p><span>Specjalna ko\u0144c\u00f3wka przystosowana do chwytania igie\u0142<\/span><\/p>\n<\/li>\n<li style=\"text-align: left;\">\n<p><span><\/span><span>Mechanizm bezpiecznej blokady<\/span><\/p>\n<\/li>\n<li style=\"text-align: left;\">\n<p><span><\/span><span>Wykonane z poliamidu odznaczaj\u0105cego si\u0119 wysoka wytrzyma\u0142o\u015bci\u0105 mechaniczn\u0105<\/span><\/p>\n<\/li>\n<li style=\"text-align: left;\">\n<p><span><\/span><span>Twarde tworzywo eliminuje efekt &#8220;wiotkiej&#8221; i niestabilnej ko\u0144c\u00f3wki<\/span><\/p>\n<\/li>\n<li style=\"text-align: left;\">\n<p><span><\/span>Kolor czarny<\/p>\n<\/li>\n<li style=\"text-align: left;\">Sterylizowana tlenkiem etylenu<\/li>\n<li style=\"text-align: left;\">Producent: <span>Aesculap Chifa sp. z o.o. B.Braun<\/span><\/li>\n<\/ul>\n<\/blockquote>\n<p>[\/et_pb_text][\/et_pb_column_inner][\/et_pb_row_inner][\/et_pb_column][\/et_pb_section]<\/p>\n","protected":false},"excerpt":{"rendered":"<p>Imad\u0142o chirurgiczne ig\u0142otrzymacz Crile Wood jednorazowe, sterylne Pe\u0142na oferta\u00a0 narz\u0119dzi jednorazowychIMAD\u0141O CHIRURGICZNE\u00a0 IG\u0141OTRZYMACZ Crile Wood D\u0142ugo\u015b\u0107 ca\u0142kowita: 200 mm Specjalna ko\u0144c\u00f3wka przystosowana do chwytania igie\u0142 Mechanizm bezpiecznej blokady Wykonane z poliamidu odznaczaj\u0105cego si\u0119 wysoka wytrzyma\u0142o\u015bci\u0105 mechaniczn\u0105 Twarde tworzywo eliminuje efekt &#8220;wiotkiej&#8221; i niestabilnej ko\u0144c\u00f3wki Kolor czarny Sterylizowana tlenkiem etylenu Producent: Aesculap Chifa sp. z o.o. [&hellip;]<\/p>\n","protected":false},"author":2,"featured_media":0,"parent":1716,"menu_order":0,"comment_status":"closed","ping_status":"closed","template":"","meta":{"_et_pb_use_builder":"on","_et_pb_old_content":"","_et_gb_content_width":"","footnotes":""},"class_list":["post-4615","page","type-page","status-publish","hentry"],"yoast_head":"<!-- This site is optimized with the Yoast SEO plugin v27.4 - https:\/\/yoast.com\/product\/yoast-seo-wordpress\/ -->\n<title>Imad\u0142o chirurgiczne - ig\u0142otrzymacz - amed.net.pl<\/title>\n<meta name=\"description\" content=\"Imad\u0142o chirurgiczne - ig\u0142otrzymacz Crile Wood, jednorazowe\" \/>\n<meta name=\"robots\" content=\"index, follow, max-snippet:-1, max-image-preview:large, max-video-preview:-1\" \/>\n<link rel=\"canonical\" href=\"https:\/\/amed.net.pl\/index.php\/produkty\/ginekologia-i-poloznictwo\/narzedzia-jednorazowe-plastikowe\/imadlo-chirurgiczne-iglotrzymacz\/\" \/>\n<meta property=\"og:locale\" content=\"pl_PL\" \/>\n<meta property=\"og:type\" content=\"article\" \/>\n<meta property=\"og:title\" content=\"Imad\u0142o chirurgiczne - ig\u0142otrzymacz - amed.net.pl\" \/>\n<meta property=\"og:description\" content=\"Imad\u0142o chirurgiczne - ig\u0142otrzymacz Crile Wood, jednorazowe\" \/>\n<meta property=\"og:url\" content=\"https:\/\/amed.net.pl\/index.php\/produkty\/ginekologia-i-poloznictwo\/narzedzia-jednorazowe-plastikowe\/imadlo-chirurgiczne-iglotrzymacz\/\" \/>\n<meta property=\"og:site_name\" content=\"amed.net.pl\" \/>\n<meta property=\"article:modified_time\" content=\"2022-06-21T12:40:49+00:00\" \/>\n<meta name=\"twitter:card\" content=\"summary_large_image\" \/>\n<meta name=\"twitter:label1\" content=\"Szacowany czas czytania\" \/>\n\t<meta name=\"twitter:data1\" content=\"3 minuty\" \/>\n<script type=\"application\/ld+json\" class=\"yoast-schema-graph\">{\"@context\":\"https:\\\/\\\/schema.org\",\"@graph\":[{\"@type\":\"WebPage\",\"@id\":\"https:\\\/\\\/amed.net.pl\\\/index.php\\\/produkty\\\/ginekologia-i-poloznictwo\\\/narzedzia-jednorazowe-plastikowe\\\/imadlo-chirurgiczne-iglotrzymacz\\\/\",\"url\":\"https:\\\/\\\/amed.net.pl\\\/index.php\\\/produkty\\\/ginekologia-i-poloznictwo\\\/narzedzia-jednorazowe-plastikowe\\\/imadlo-chirurgiczne-iglotrzymacz\\\/\",\"name\":\"Imad\u0142o chirurgiczne - ig\u0142otrzymacz - amed.net.pl\",\"isPartOf\":{\"@id\":\"https:\\\/\\\/amed.net.pl\\\/#website\"},\"datePublished\":\"2022-06-21T12:34:32+00:00\",\"dateModified\":\"2022-06-21T12:40:49+00:00\",\"description\":\"Imad\u0142o chirurgiczne - ig\u0142otrzymacz Crile Wood, jednorazowe\",\"breadcrumb\":{\"@id\":\"https:\\\/\\\/amed.net.pl\\\/index.php\\\/produkty\\\/ginekologia-i-poloznictwo\\\/narzedzia-jednorazowe-plastikowe\\\/imadlo-chirurgiczne-iglotrzymacz\\\/#breadcrumb\"},\"inLanguage\":\"pl-PL\",\"potentialAction\":[{\"@type\":\"ReadAction\",\"target\":[\"https:\\\/\\\/amed.net.pl\\\/index.php\\\/produkty\\\/ginekologia-i-poloznictwo\\\/narzedzia-jednorazowe-plastikowe\\\/imadlo-chirurgiczne-iglotrzymacz\\\/\"]}]},{\"@type\":\"BreadcrumbList\",\"@id\":\"https:\\\/\\\/amed.net.pl\\\/index.php\\\/produkty\\\/ginekologia-i-poloznictwo\\\/narzedzia-jednorazowe-plastikowe\\\/imadlo-chirurgiczne-iglotrzymacz\\\/#breadcrumb\",\"itemListElement\":[{\"@type\":\"ListItem\",\"position\":1,\"name\":\"Strona g\u0142\u00f3wna\",\"item\":\"https:\\\/\\\/amed.net.pl\\\/\"},{\"@type\":\"ListItem\",\"position\":2,\"name\":\"Produkty\",\"item\":\"https:\\\/\\\/amed.net.pl\\\/index.php\\\/produkty\\\/\"},{\"@type\":\"ListItem\",\"position\":3,\"name\":\"Ginekologia i Po\u0142o\u017cnictwo\",\"item\":\"https:\\\/\\\/amed.net.pl\\\/index.php\\\/produkty\\\/ginekologia-i-poloznictwo\\\/\"},{\"@type\":\"ListItem\",\"position\":4,\"name\":\"Narz\u0119dzia jednorazowe plastikowe\",\"item\":\"https:\\\/\\\/amed.net.pl\\\/index.php\\\/produkty\\\/ginekologia-i-poloznictwo\\\/narzedzia-jednorazowe-plastikowe\\\/\"},{\"@type\":\"ListItem\",\"position\":5,\"name\":\"Imad\u0142o chirurgiczne &#8211; ig\u0142otrzymacz\"}]},{\"@type\":\"WebSite\",\"@id\":\"https:\\\/\\\/amed.net.pl\\\/#website\",\"url\":\"https:\\\/\\\/amed.net.pl\\\/\",\"name\":\"amed.net.pl\",\"description\":\"Firma AMED - Lider w zaopatrzenie gabinet\u00f3w lekarskich: wzierniki ginekologiczne, wk\u0142adki wewn\u0105trzmaciczne, szczoteczki cytologiczne, cytologia, papiery USG, os\u0142onki do USG\",\"potentialAction\":[{\"@type\":\"SearchAction\",\"target\":{\"@type\":\"EntryPoint\",\"urlTemplate\":\"https:\\\/\\\/amed.net.pl\\\/?s={search_term_string}\"},\"query-input\":{\"@type\":\"PropertyValueSpecification\",\"valueRequired\":true,\"valueName\":\"search_term_string\"}}],\"inLanguage\":\"pl-PL\"}]}<\/script>\n<!-- \/ Yoast SEO plugin. -->","yoast_head_json":{"title":"Imad\u0142o chirurgiczne - ig\u0142otrzymacz - amed.net.pl","description":"Imad\u0142o chirurgiczne - ig\u0142otrzymacz Crile Wood, jednorazowe","robots":{"index":"index","follow":"follow","max-snippet":"max-snippet:-1","max-image-preview":"max-image-preview:large","max-video-preview":"max-video-preview:-1"},"canonical":"https:\/\/amed.net.pl\/index.php\/produkty\/ginekologia-i-poloznictwo\/narzedzia-jednorazowe-plastikowe\/imadlo-chirurgiczne-iglotrzymacz\/","og_locale":"pl_PL","og_type":"article","og_title":"Imad\u0142o chirurgiczne - ig\u0142otrzymacz - amed.net.pl","og_description":"Imad\u0142o chirurgiczne - ig\u0142otrzymacz Crile Wood, jednorazowe","og_url":"https:\/\/amed.net.pl\/index.php\/produkty\/ginekologia-i-poloznictwo\/narzedzia-jednorazowe-plastikowe\/imadlo-chirurgiczne-iglotrzymacz\/","og_site_name":"amed.net.pl","article_modified_time":"2022-06-21T12:40:49+00:00","twitter_card":"summary_large_image","twitter_misc":{"Szacowany czas czytania":"3 minuty"},"schema":{"@context":"https:\/\/schema.org","@graph":[{"@type":"WebPage","@id":"https:\/\/amed.net.pl\/index.php\/produkty\/ginekologia-i-poloznictwo\/narzedzia-jednorazowe-plastikowe\/imadlo-chirurgiczne-iglotrzymacz\/","url":"https:\/\/amed.net.pl\/index.php\/produkty\/ginekologia-i-poloznictwo\/narzedzia-jednorazowe-plastikowe\/imadlo-chirurgiczne-iglotrzymacz\/","name":"Imad\u0142o chirurgiczne - ig\u0142otrzymacz - amed.net.pl","isPartOf":{"@id":"https:\/\/amed.net.pl\/#website"},"datePublished":"2022-06-21T12:34:32+00:00","dateModified":"2022-06-21T12:40:49+00:00","description":"Imad\u0142o chirurgiczne - ig\u0142otrzymacz Crile Wood, jednorazowe","breadcrumb":{"@id":"https:\/\/amed.net.pl\/index.php\/produkty\/ginekologia-i-poloznictwo\/narzedzia-jednorazowe-plastikowe\/imadlo-chirurgiczne-iglotrzymacz\/#breadcrumb"},"inLanguage":"pl-PL","potentialAction":[{"@type":"ReadAction","target":["https:\/\/amed.net.pl\/index.php\/produkty\/ginekologia-i-poloznictwo\/narzedzia-jednorazowe-plastikowe\/imadlo-chirurgiczne-iglotrzymacz\/"]}]},{"@type":"BreadcrumbList","@id":"https:\/\/amed.net.pl\/index.php\/produkty\/ginekologia-i-poloznictwo\/narzedzia-jednorazowe-plastikowe\/imadlo-chirurgiczne-iglotrzymacz\/#breadcrumb","itemListElement":[{"@type":"ListItem","position":1,"name":"Strona g\u0142\u00f3wna","item":"https:\/\/amed.net.pl\/"},{"@type":"ListItem","position":2,"name":"Produkty","item":"https:\/\/amed.net.pl\/index.php\/produkty\/"},{"@type":"ListItem","position":3,"name":"Ginekologia i Po\u0142o\u017cnictwo","item":"https:\/\/amed.net.pl\/index.php\/produkty\/ginekologia-i-poloznictwo\/"},{"@type":"ListItem","position":4,"name":"Narz\u0119dzia jednorazowe plastikowe","item":"https:\/\/amed.net.pl\/index.php\/produkty\/ginekologia-i-poloznictwo\/narzedzia-jednorazowe-plastikowe\/"},{"@type":"ListItem","position":5,"name":"Imad\u0142o chirurgiczne &#8211; ig\u0142otrzymacz"}]},{"@type":"WebSite","@id":"https:\/\/amed.net.pl\/#website","url":"https:\/\/amed.net.pl\/","name":"amed.net.pl","description":"Firma AMED - Lider w zaopatrzenie gabinet\u00f3w lekarskich: wzierniki ginekologiczne, wk\u0142adki wewn\u0105trzmaciczne, szczoteczki cytologiczne, cytologia, papiery USG, os\u0142onki do USG","potentialAction":[{"@type":"SearchAction","target":{"@type":"EntryPoint","urlTemplate":"https:\/\/amed.net.pl\/?s={search_term_string}"},"query-input":{"@type":"PropertyValueSpecification","valueRequired":true,"valueName":"search_term_string"}}],"inLanguage":"pl-PL"}]}},"_links":{"self":[{"href":"https:\/\/amed.net.pl\/index.php\/wp-json\/wp\/v2\/pages\/4615","targetHints":{"allow":["GET"]}}],"collection":[{"href":"https:\/\/amed.net.pl\/index.php\/wp-json\/wp\/v2\/pages"}],"about":[{"href":"https:\/\/amed.net.pl\/index.php\/wp-json\/wp\/v2\/types\/page"}],"author":[{"embeddable":true,"href":"https:\/\/amed.net.pl\/index.php\/wp-json\/wp\/v2\/users\/2"}],"replies":[{"embeddable":true,"href":"https:\/\/amed.net.pl\/index.php\/wp-json\/wp\/v2\/comments?post=4615"}],"version-history":[{"count":6,"href":"https:\/\/amed.net.pl\/index.php\/wp-json\/wp\/v2\/pages\/4615\/revisions"}],"predecessor-version":[{"id":4623,"href":"https:\/\/amed.net.pl\/index.php\/wp-json\/wp\/v2\/pages\/4615\/revisions\/4623"}],"up":[{"embeddable":true,"href":"https:\/\/amed.net.pl\/index.php\/wp-json\/wp\/v2\/pages\/1716"}],"wp:attachment":[{"href":"https:\/\/amed.net.pl\/index.php\/wp-json\/wp\/v2\/media?parent=4615"}],"curies":[{"name":"wp","href":"https:\/\/api.w.org\/{rel}","templated":true}]}}