{"id":3507,"date":"2019-06-24T17:11:42","date_gmt":"2019-06-24T15:11:42","guid":{"rendered":"http:\/\/amed.net.pl\/?page_id=3507"},"modified":"2026-02-17T22:08:49","modified_gmt":"2026-02-17T21:08:49","slug":"prefert-vaginal-gel-zel-dopochwowy-wspomagajacy-poczecie-dla-par-starajacych-sie-o-dziecko","status":"publish","type":"page","link":"https:\/\/amed.net.pl\/index.php\/produkty\/nieplodnosc\/prefert-vaginal-gel-zel-dopochwowy-wspomagajacy-poczecie-dla-par-starajacych-sie-o-dziecko\/","title":{"rendered":"PreFert Vaginal Gel &#8211; \u017cel dopochwowy wspomagaj\u0105cy pocz\u0119cie dla par staraj\u0105cych si\u0119 o dziecko"},"content":{"rendered":"<p>[et_pb_section fb_built=&#8221;1&#8243; specialty=&#8221;on&#8221; module_class=&#8221; et_pb_specialty_fullwidth&#8221; _builder_version=&#8221;4.16&#8243; inner_width=&#8221;89%&#8221; inner_width_tablet=&#8221;80%&#8221; inner_width_phone=&#8221;&#8221; inner_width_last_edited=&#8221;on|desktop&#8221; inner_max_width=&#8221;89%&#8221; inner_max_width_tablet=&#8221;80%&#8221; inner_max_width_phone=&#8221;&#8221; inner_max_width_last_edited=&#8221;on|desktop&#8221; custom_padding=&#8221;50.5125px|0|50.5125px|0px|false|false&#8221; make_fullwidth=&#8221;on&#8221; global_colors_info=&#8221;{}&#8221;][et_pb_column type=&#8221;1_4&#8243; _builder_version=&#8221;4.16&#8243; custom_padding=&#8221;|||&#8221; global_colors_info=&#8221;{}&#8221; custom_padding__hover=&#8221;|||&#8221;][et_pb_search _builder_version=&#8221;4.16&#8243; global_colors_info=&#8221;{}&#8221; button_text_size__hover_enabled=&#8221;off&#8221; button_one_text_size__hover_enabled=&#8221;off&#8221; button_two_text_size__hover_enabled=&#8221;off&#8221; button_text_color__hover_enabled=&#8221;off&#8221; button_one_text_color__hover_enabled=&#8221;off&#8221; button_two_text_color__hover_enabled=&#8221;off&#8221; button_border_width__hover_enabled=&#8221;off&#8221; button_one_border_width__hover_enabled=&#8221;off&#8221; button_two_border_width__hover_enabled=&#8221;off&#8221; button_border_color__hover_enabled=&#8221;off&#8221; button_one_border_color__hover_enabled=&#8221;off&#8221; button_two_border_color__hover_enabled=&#8221;off&#8221; button_border_radius__hover_enabled=&#8221;off&#8221; button_one_border_radius__hover_enabled=&#8221;off&#8221; button_two_border_radius__hover_enabled=&#8221;off&#8221; button_letter_spacing__hover_enabled=&#8221;off&#8221; button_one_letter_spacing__hover_enabled=&#8221;off&#8221; button_two_letter_spacing__hover_enabled=&#8221;off&#8221; button_bg_color__hover_enabled=&#8221;off&#8221; button_one_bg_color__hover_enabled=&#8221;off&#8221; button_two_bg_color__hover_enabled=&#8221;off&#8221;]&nbsp;<br \/>\n[\/et_pb_search][et_pb_social_media_follow follow_button=&#8221;on&#8221; _builder_version=&#8221;4.16&#8243; background_layout=&#8221;dark&#8221; global_colors_info=&#8221;{}&#8221;][et_pb_social_media_follow_network social_network=&#8221;facebook&#8221; url=&#8221;https:\/\/www.facebook.com\/AmedPolska\/&#8221; _builder_version=&#8221;4.16&#8243; background_color=&#8221;#e09900&#8243; global_colors_info=&#8221;{}&#8221; follow_button=&#8221;on&#8221; url_new_window=&#8221;on&#8221;]facebook[\/et_pb_social_media_follow_network][\/et_pb_social_media_follow][et_pb_sidebar area=&#8221;et_pb_widget_area_9&#8243; _builder_version=&#8221;4.16&#8243; header_font=&#8221;||||||||&#8221; global_colors_info=&#8221;{}&#8221;]&nbsp;<br \/>\n[\/et_pb_sidebar][\/et_pb_column][et_pb_column type=&#8221;3_4&#8243; specialty_columns=&#8221;3&#8243; _builder_version=&#8221;4.16&#8243; custom_padding=&#8221;|||&#8221; global_colors_info=&#8221;{}&#8221; custom_padding__hover=&#8221;|||&#8221;][et_pb_row_inner admin_label=&#8221;Wiersz&#8221; _builder_version=&#8221;4.16&#8243; custom_padding=&#8221;27px|0px|27px|0|false|false&#8221; global_colors_info=&#8221;{}&#8221;][et_pb_column_inner saved_specialty_column_type=&#8221;3_4&#8243; _builder_version=&#8221;4.16&#8243; custom_padding=&#8221;|||&#8221; global_colors_info=&#8221;{}&#8221; custom_padding__hover=&#8221;|||&#8221;][et_pb_text _builder_version=&#8221;4.27.5&#8243; header_font=&#8221;||||||||&#8221; header_text_align=&#8221;center&#8221; header_text_color=&#8221;#0c71c3&#8243; header_line_height=&#8221;1.1em&#8221; custom_padding=&#8221;10px|10px|10px|20px&#8221; hover_enabled=&#8221;0&#8243; global_colors_info=&#8221;{}&#8221; sticky_enabled=&#8221;0&#8243;]<\/p>\n<h1 style=\"text-align: left;\"><span color=\"#0c71c3\">PreFert\u00ae Vaginal Gel &#8211; \u017cel dopochwowy wspomagaj\u0105cy pocz\u0119cie,\u00a0 <\/span><\/h1>\n<h1 style=\"text-align: left;\"><span color=\"#0c71c3\">dla par staraj\u0105cych si\u0119 o dziecko<\/span><\/h1>\n<p style=\"text-align: left;\"><span color=\"#0c71c3\"><\/span><\/p>\n<h1 style=\"text-align: left;\"><span style=\"color: #0c71c3;\"><\/span><\/h1>\n<h1 style=\"text-align: left;\"><span style=\"color: #0c71c3;\"><span style=\"font-size: x-large; color: #34a31b;\">POTWIERDZONA SKUTECZNO\u015a\u0106 DZIA\u0141ANIA<\/span>\u00a0\u00a0<\/span><\/h1>\n<p>[\/et_pb_text][\/et_pb_column_inner][\/et_pb_row_inner][et_pb_row_inner column_structure=&#8221;1_2,1_2&#8243; admin_label=&#8221;Wiersz&#8221; _builder_version=&#8221;4.16&#8243; custom_padding=&#8221;1px|0px|28px|0px|false|false&#8221; global_colors_info=&#8221;{}&#8221;][et_pb_column_inner type=&#8221;1_2&#8243; saved_specialty_column_type=&#8221;3_4&#8243; _builder_version=&#8221;4.16&#8243; custom_padding=&#8221;|||&#8221; global_colors_info=&#8221;{}&#8221; custom_padding__hover=&#8221;|||&#8221;][et_pb_image src=&#8221;https:\/\/amed.net.pl\/wp-content\/uploads\/2020\/11\/Zostan-specjalista-w-projektowaniu.png&#8221; align_tablet=&#8221;center&#8221; align_phone=&#8221;&#8221; align_last_edited=&#8221;on|desktop&#8221; _builder_version=&#8221;4.16&#8243; global_colors_info=&#8221;{}&#8221;]&nbsp;<br \/>\n[\/et_pb_image][et_pb_text _builder_version=&#8221;4.16&#8243; text_font=&#8221;||||||||&#8221; text_text_color=&#8221;#ffffff&#8221; background_color=&#8221;#1172c1&#8243; custom_padding=&#8221;10px|10px||10px&#8221; global_colors_info=&#8221;{}&#8221;]<\/p>\n<h3 style=\"text-align: center;\"><strong style=\"font-size: 27px;\"><\/strong><\/h3>\n<h3 style=\"text-align: center;\"><strong style=\"font-size: 27px;\">Zastosowanie<\/strong><\/h3>\n<h3 style=\"text-align: center;\">Dla kobiet staraj\u0105cych si\u0119 o dziecko<\/h3>\n<ul>\n<li>\n<p class=\"direction-ltr align-start para-style-pretitle\"><span>\u017bel dopochwowy nawil\u017caj\u0105cy PreFert\u00ae jest nawil\u017caj\u0105cym \u017celem wspomagaj\u0105cym zap\u0142odnienie do stosowania w warunkach domowych. Stosuje si\u0119 go przed stosunkiem podczas owulacji. W czasie owulacji w\u0142a\u015bciwo\u015bci szyjki macicy oraz \u015bluzu szyjkowego ulegaj\u0105 zmianie. \u015aluz staje si\u0119 alkaliczny. PreFert\u00ae \u017cel ma <\/span><span>podobne pH do p\u0142odnego \u015bluzu szyjkowego.<\/span><span style=\"font-size: 14px;\">\u00a0<\/span><\/p>\n<\/li>\n<\/ul>\n<p>&nbsp;<\/p>\n<p>[\/et_pb_text][\/et_pb_column_inner][et_pb_column_inner type=&#8221;1_2&#8243; saved_specialty_column_type=&#8221;3_4&#8243; _builder_version=&#8221;4.16&#8243; custom_padding=&#8221;|||&#8221; global_colors_info=&#8221;{}&#8221; custom_padding__hover=&#8221;|||&#8221;][et_pb_text _builder_version=&#8221;4.16&#8243; custom_margin=&#8221;100px||&#8221; global_colors_info=&#8221;{}&#8221;]<\/p>\n<blockquote>\n<p class=\"direction-ltr align-start para-style-pretitle\"><strong><\/strong><\/p>\n<p class=\"direction-ltr align-start para-style-pretitle\"><strong><\/strong><\/p>\n<p class=\"direction-ltr align-start para-style-pretitle\"><strong>Mechanizm dzia\u0142ania:<\/strong><\/p>\n<\/blockquote>\n<p class=\"direction-ltr align-start para-style-pretitle\"><strong>PreFert\u00ae Vaginal Gel &#8211; \u017cel dopochwowy wspomaga ruchliwo\u015b\u0107 plemnik\u00f3w w czasie owulacji:<\/strong><\/p>\n<blockquote>\n<ul>\n<li><span>zapewnia optymalne warunki dla ruchliwo\u015bci i prze\u017cywalno\u015bci plemnik\u00f3w,<\/span><\/li>\n<li><span>pH mi\u0119dzy 7.0 a 7.4 -warto\u015b\u0107 zgodna z pH p\u0142odnego \u015bluzu szyjki macicy<\/span><\/li>\n<li><span>nieszkodliwy dla plemnik\u00f3w i zarodk\u00f3w,<\/span><\/li>\n<li><span>zmniejsza barier\u0119 osmotyczn\u0105 wydzieliny pochwy (osmolarno\u015b\u0107: 260-370mOsm\/kg), przez co u\u0142atwia plemnikom dotarcie do szyjki macicy, <\/span><\/li>\n<li><span>osmolarno\u015b\u0107 i pH PreFert maj\u0105 te same warto\u015bci co sperma. Dzi\u0119ki temu \u017cel zapobiega odwodnieniu nasienia i\u00a0<\/span>tworzy dla niego optymalne \u015brodowisko,<\/li>\n<li><span>zachowuje ruchliwo\u015b\u0107 plemnik\u00f3w w \u015brodowisku bardziej ni\u017c klasyczne \u017cele nawil\u017caj\u0105ce,<\/span><\/li>\n<li><span>zawarto\u015b\u0107 bioaktywnego arabinogalaktanu wspomaga \u017cywotno\u015b\u0107 i aktywno\u015b\u0107 plemnik\u00f3w<\/span><\/li>\n<\/ul>\n<\/blockquote>\n<p>[\/et_pb_text][\/et_pb_column_inner][\/et_pb_row_inner][et_pb_row_inner column_structure=&#8221;1_2,1_2&#8243; _builder_version=&#8221;4.16&#8243; global_colors_info=&#8221;{}&#8221;][et_pb_column_inner type=&#8221;1_2&#8243; saved_specialty_column_type=&#8221;3_4&#8243; _builder_version=&#8221;4.16&#8243; background_color=&#8221;#ffffff&#8221; custom_padding=&#8221;|||&#8221; global_colors_info=&#8221;{}&#8221; custom_padding__hover=&#8221;|||&#8221;][et_pb_text _builder_version=&#8221;4.16&#8243; text_font=&#8221;||||||||&#8221; text_text_color=&#8221;#ffffff&#8221; background_color=&#8221;#1172c1&#8243; custom_padding=&#8221;10px|10px||10px&#8221; global_colors_info=&#8221;{}&#8221;]<\/p>\n<ul>\n<li><strong style=\"font-size: 14px; color: #ffffff; text-align: left; font-family: Arial, Helvetica, Arial, Lucida, sans-serif;\">Kiedy stosowa\u0107:<\/strong><span style=\"font-size: 14px; color: #ffffff; text-align: left; font-family: Arial, Helvetica, Arial, Lucida, sans-serif;\">\u00a0W ci\u0105gu 3 najbardziej p\u0142odnych dni cyklu miesi\u0105czkowego kobiety (w czasie owulacji). Stosowa\u0107 tylko raz w ci\u0105gu 24 godzin.<\/span><\/li>\n<\/ul>\n<p><span><\/span><\/p>\n<ul>\n<li>\n<p class=\"direction-ltr align-start para-style-subtitle\"><strong>Zawarto\u015b\u0107:\u00a0<\/strong><span style=\"font-size: 14px;\">Opakowanie zawiera 8 porcji \u017celu PreFert po 4 ml w jednorazowych aplikatorach z zakr\u0119tk\u0105.<\/span><\/p>\n<\/li>\n<\/ul>\n<p><span style=\"font-size: 14px;\"><\/span><\/p>\n<ul>\n<li>\n<p class=\"direction-ltr align-start para-style-subtitle\"><span style=\"font-size: 14px;\"><\/span><strong style=\"font-size: 14px;\">Zawarto\u015b\u0107 opakowania wystarcza na 8 aplikacji.\u00a0<\/strong><\/p>\n<\/li>\n<\/ul>\n<p><span>\u00a0<\/span><\/p>\n<p>[\/et_pb_text][et_pb_cta button_url=&#8221;https:\/\/sklep.amed.net.pl\/pol_m_GINEKOLOGIA_Nieplodnosc_Diagnostyka-nieplodnosci-1268.html&#8221; button_text=&#8221;Odwied\u017a nasz SKLEP !&#8221; _builder_version=&#8221;4.16&#8243; header_level=&#8221;h3&#8243; header_font=&#8221;||||||||&#8221; header_text_align=&#8221;center&#8221; header_font_size=&#8221;27px&#8221; use_background_color=&#8221;off&#8221; custom_button=&#8221;on&#8221; button_text_size=&#8221;27px&#8221; button_text_color=&#8221;#e09900&#8243; button_font=&#8221;||||||||&#8221; button_alignment=&#8221;center&#8221; background_layout=&#8221;light&#8221; animation_style=&#8221;bounce&#8221; link_option_url=&#8221;https:\/\/sklep.amed.net.pl\/pol_m_GINEKOLOGIA_Nieplodnosc_Diagnostyka-nieplodnosci-1268.html&#8221; box_shadow_style_button=&#8221;preset2&#8243; global_colors_info=&#8221;{}&#8221;]<\/p>\n<h4><span><strong><em><\/em><\/strong><\/span><\/h4>\n<h4><span><strong><em><\/em><\/strong><\/span><\/h4>\n<h4><span><strong><em><\/em><\/strong><\/span><\/h4>\n<h4><span><strong><em><\/em><\/strong><\/span><\/h4>\n<p>[\/et_pb_cta][\/et_pb_column_inner][et_pb_column_inner type=&#8221;1_2&#8243; saved_specialty_column_type=&#8221;3_4&#8243; _builder_version=&#8221;4.16&#8243; custom_padding=&#8221;|||&#8221; global_colors_info=&#8221;{}&#8221; custom_padding__hover=&#8221;|||&#8221;][et_pb_text _builder_version=&#8221;4.16&#8243; text_font=&#8221;||||||||&#8221; text_text_color=&#8221;#ffffff&#8221; background_color=&#8221;#1172c1&#8243; custom_padding=&#8221;10px|10px||10px&#8221; global_colors_info=&#8221;{}&#8221;]<\/p>\n<p class=\"direction-ltr align-start para-style-pretitle\"><span>PreFert\u00ae Vaginal Gel &#8211; \u017cel dopochwowy wspomagaj\u0105cy zap\u0142odnienie jest rekomendowany przez Ameryka\u0144skie Towarzystwo do Spraw Rozrodu. Potwierdzona skuteczno\u015b\u0107 dzia\u0142ania. \u017bel wspomagaj\u0105cy zap\u0142odnienie jest ca\u0142kowicie bezpieczny. Testowany klinicznie w Niemczech.<\/span><\/p>\n<p><span>Prefert Vaginal Gel opiera si\u0119 na odkryciach ameryka\u0144skiej naukowiec dr.<span>\u00a0<\/span>Joanny Ellington, kt\u00f3ra w 2002r. jako pierwsza wprowadzi\u0142a na rynek \u017cel wspomagaj\u0105cy pocz\u0119cie. Badanie przeprowadzone na 100 parach zako\u0144czy\u0142o si\u0119 sukcesem:<\/span><\/p>\n<ul>\n<li><span>31% par spe\u0142ni\u0142o swoje pragnienie posiadania dziecka<\/span><\/li>\n<li><span>65% \u200b\u200bpocz\u0119\u0142o dziecko w ci\u0105gu 1-2 cyklach<\/span><\/li>\n<\/ul>\n<p><strong><span>Prefert Vaginal Gel oparty jest na powy\u017cszej formule,\u00a0<\/span><\/strong><span>nie zawiera paraben\u00f3w.<span>\u00a0<\/span><\/span><\/p>\n<p><span>Prefert Vaginal Gel jest dost\u0119pny w ponad 20 krajach.<\/span><\/p>\n<p class=\"direction-ltr align-start para-style-pretitle\">\n<p>[\/et_pb_text][et_pb_image align_tablet=&#8221;center&#8221; align_phone=&#8221;&#8221; align_last_edited=&#8221;on|desktop&#8221; _builder_version=&#8221;4.16&#8243; global_colors_info=&#8221;{}&#8221;]&nbsp;<\/p>\n<p style=\"text-align: center;\">[\/et_pb_image][\/et_pb_column_inner][\/et_pb_row_inner][et_pb_row_inner column_structure=&#8221;1_2,1_2&#8243; _builder_version=&#8221;4.16&#8243; global_colors_info=&#8221;{}&#8221;][et_pb_column_inner type=&#8221;1_2&#8243; saved_specialty_column_type=&#8221;3_4&#8243; _builder_version=&#8221;4.16&#8243; custom_padding=&#8221;|||&#8221; global_colors_info=&#8221;{}&#8221; custom_padding__hover=&#8221;|||&#8221;][et_pb_text _builder_version=&#8221;4.16&#8243; global_colors_info=&#8221;{}&#8221;]<\/p>\n<p class=\"direction-ltr align-start para-style-subtitle\"><strong>W\u0142a\u015bciwo\u015bci:<\/strong><\/p>\n<blockquote>\n<ul>\n<li class=\"direction-ltr align-start para-style-subtitle\"><span>Bezwonny<\/span><\/li>\n<li class=\"direction-ltr align-start para-style-subtitle\"><span>Bezsmakowy<\/span><\/li>\n<li class=\"direction-ltr align-start para-style-subtitle\"><span>Bezbarwny<\/span><\/li>\n<li class=\"direction-ltr align-start para-style-subtitle\"><span>Nie pozostawia plam<\/span><\/li>\n<li class=\"direction-ltr align-start para-style-subtitle\"><span>Rozpuszczalny wwodzie<\/span><\/li>\n<li class=\"direction-ltr align-start para-style-subtitle\"><span>Nie zawiera paraben\u00f3w<\/span><\/li>\n<li class=\"direction-ltr align-start para-style-subtitle\"><span>pH: 7,0 &#8211; 7,4<\/span><\/li>\n<li class=\"direction-ltr align-start para-style-subtitle\"><span>Osmolarno\u015b\u0107: 315 (260-<\/span>370)m0smol\/kg<\/li>\n<li class=\"direction-ltr align-start para-style-subtitle\"><span>Lepko\u015b\u0107: 2500 &#8211; 7000 mPa.<\/span><\/li>\n<\/ul>\n<\/blockquote>\n<p>[\/et_pb_text][\/et_pb_column_inner][et_pb_column_inner type=&#8221;1_2&#8243; saved_specialty_column_type=&#8221;3_4&#8243; _builder_version=&#8221;4.16&#8243; custom_padding=&#8221;|||&#8221; global_colors_info=&#8221;{}&#8221; custom_padding__hover=&#8221;|||&#8221;][et_pb_text _builder_version=&#8221;4.16&#8243; global_colors_info=&#8221;{}&#8221;]<\/p>\n<p class=\"direction-ltr align-start para-style-subtitle\"><strong>Sk\u0142ad \u017celu dopochwowego PreFert\u00ae Vaginal Gel:<\/strong><span class=\"white-space-prewrap\"> <\/span><\/p>\n<blockquote>\n<ul>\n<li class=\"direction-ltr align-start para-style-subtitle\">\n<p class=\"direction-ltr align-start para-style-subtitle\"><span>Purified Water, Sodium Chloride, Sodium Phosphate, Potassium Phosphate, Arabinogalactan, Hydroxyethylcellulose, Polyhexanide<\/span><\/p>\n<\/li>\n<\/ul>\n<p>&nbsp;<\/p>\n<ul>\n<li class=\"direction-ltr align-start para-style-subtitle\">\n<p class=\"direction-ltr align-start para-style-subtitle\"><span><\/span><\/p>\n<p class=\"direction-ltr align-start para-style-subtitle\"><span>Nie zawiera paraben\u00f3w<\/span><\/p>\n<\/li>\n<\/ul>\n<\/blockquote>\n<p>[\/et_pb_text][\/et_pb_column_inner][\/et_pb_row_inner][\/et_pb_column][\/et_pb_section]<\/p>\n","protected":false},"excerpt":{"rendered":"<p>&nbsp; &nbsp; PreFert\u00ae Vaginal Gel &#8211; \u017cel dopochwowy wspomagaj\u0105cy pocz\u0119cie,\u00a0 dla par staraj\u0105cych si\u0119 o dziecko POTWIERDZONA SKUTECZNO\u015a\u0106 DZIA\u0141ANIA\u00a0\u00a0&nbsp; Zastosowanie Dla kobiet staraj\u0105cych si\u0119 o dziecko \u017bel dopochwowy nawil\u017caj\u0105cy PreFert\u00ae jest nawil\u017caj\u0105cym \u017celem wspomagaj\u0105cym zap\u0142odnienie do stosowania w warunkach domowych. Stosuje si\u0119 go przed stosunkiem podczas owulacji. W czasie owulacji w\u0142a\u015bciwo\u015bci szyjki macicy oraz \u015bluzu [&hellip;]<\/p>\n","protected":false},"author":2,"featured_media":0,"parent":412,"menu_order":0,"comment_status":"closed","ping_status":"closed","template":"","meta":{"_et_pb_use_builder":"on","_et_pb_old_content":"","_et_gb_content_width":"","footnotes":""},"class_list":["post-3507","page","type-page","status-publish","hentry"],"yoast_head":"<!-- This site is optimized with the Yoast SEO plugin v27.5 - https:\/\/yoast.com\/product\/yoast-seo-wordpress\/ -->\n<title>PreFert Vaginal Gel - \u017cel dopochwowy wspomagaj\u0105cy pocz\u0119cie dla par staraj\u0105cych si\u0119 o dziecko - amed.net.pl<\/title>\n<meta name=\"robots\" content=\"index, follow, max-snippet:-1, max-image-preview:large, max-video-preview:-1\" \/>\n<link rel=\"canonical\" href=\"https:\/\/amed.net.pl\/index.php\/produkty\/nieplodnosc\/prefert-vaginal-gel-zel-dopochwowy-wspomagajacy-poczecie-dla-par-starajacych-sie-o-dziecko\/\" \/>\n<meta property=\"og:locale\" content=\"pl_PL\" \/>\n<meta property=\"og:type\" content=\"article\" \/>\n<meta property=\"og:title\" content=\"PreFert Vaginal Gel - \u017cel dopochwowy wspomagaj\u0105cy pocz\u0119cie dla par staraj\u0105cych si\u0119 o dziecko - amed.net.pl\" \/>\n<meta property=\"og:description\" content=\"&nbsp; &nbsp; PreFert\u00ae Vaginal Gel - \u017cel dopochwowy wspomagaj\u0105cy pocz\u0119cie,\u00a0 dla par staraj\u0105cych si\u0119 o dziecko POTWIERDZONA SKUTECZNO\u015a\u0106 DZIA\u0141ANIA\u00a0\u00a0&nbsp; Zastosowanie Dla kobiet staraj\u0105cych si\u0119 o dziecko \u017bel dopochwowy nawil\u017caj\u0105cy PreFert\u00ae jest nawil\u017caj\u0105cym \u017celem wspomagaj\u0105cym zap\u0142odnienie do stosowania w warunkach domowych. Stosuje si\u0119 go przed stosunkiem podczas owulacji. W czasie owulacji w\u0142a\u015bciwo\u015bci szyjki macicy oraz \u015bluzu [&hellip;]\" \/>\n<meta property=\"og:url\" content=\"https:\/\/amed.net.pl\/index.php\/produkty\/nieplodnosc\/prefert-vaginal-gel-zel-dopochwowy-wspomagajacy-poczecie-dla-par-starajacych-sie-o-dziecko\/\" \/>\n<meta property=\"og:site_name\" content=\"amed.net.pl\" \/>\n<meta property=\"article:modified_time\" content=\"2026-02-17T21:08:49+00:00\" \/>\n<meta name=\"twitter:card\" content=\"summary_large_image\" \/>\n<meta name=\"twitter:label1\" content=\"Szacowany czas czytania\" \/>\n\t<meta name=\"twitter:data1\" content=\"6 minut\" \/>\n<script type=\"application\/ld+json\" class=\"yoast-schema-graph\">{\"@context\":\"https:\\\/\\\/schema.org\",\"@graph\":[{\"@type\":\"WebPage\",\"@id\":\"https:\\\/\\\/amed.net.pl\\\/index.php\\\/produkty\\\/nieplodnosc\\\/prefert-vaginal-gel-zel-dopochwowy-wspomagajacy-poczecie-dla-par-starajacych-sie-o-dziecko\\\/\",\"url\":\"https:\\\/\\\/amed.net.pl\\\/index.php\\\/produkty\\\/nieplodnosc\\\/prefert-vaginal-gel-zel-dopochwowy-wspomagajacy-poczecie-dla-par-starajacych-sie-o-dziecko\\\/\",\"name\":\"PreFert Vaginal Gel - \u017cel dopochwowy wspomagaj\u0105cy pocz\u0119cie dla par staraj\u0105cych si\u0119 o dziecko - amed.net.pl\",\"isPartOf\":{\"@id\":\"https:\\\/\\\/amed.net.pl\\\/#website\"},\"datePublished\":\"2019-06-24T15:11:42+00:00\",\"dateModified\":\"2026-02-17T21:08:49+00:00\",\"breadcrumb\":{\"@id\":\"https:\\\/\\\/amed.net.pl\\\/index.php\\\/produkty\\\/nieplodnosc\\\/prefert-vaginal-gel-zel-dopochwowy-wspomagajacy-poczecie-dla-par-starajacych-sie-o-dziecko\\\/#breadcrumb\"},\"inLanguage\":\"pl-PL\",\"potentialAction\":[{\"@type\":\"ReadAction\",\"target\":[\"https:\\\/\\\/amed.net.pl\\\/index.php\\\/produkty\\\/nieplodnosc\\\/prefert-vaginal-gel-zel-dopochwowy-wspomagajacy-poczecie-dla-par-starajacych-sie-o-dziecko\\\/\"]}]},{\"@type\":\"BreadcrumbList\",\"@id\":\"https:\\\/\\\/amed.net.pl\\\/index.php\\\/produkty\\\/nieplodnosc\\\/prefert-vaginal-gel-zel-dopochwowy-wspomagajacy-poczecie-dla-par-starajacych-sie-o-dziecko\\\/#breadcrumb\",\"itemListElement\":[{\"@type\":\"ListItem\",\"position\":1,\"name\":\"Strona g\u0142\u00f3wna\",\"item\":\"https:\\\/\\\/amed.net.pl\\\/\"},{\"@type\":\"ListItem\",\"position\":2,\"name\":\"Produkty\",\"item\":\"https:\\\/\\\/amed.net.pl\\\/index.php\\\/produkty\\\/\"},{\"@type\":\"ListItem\",\"position\":3,\"name\":\"Niep\u0142odno\u015b\u0107\",\"item\":\"https:\\\/\\\/amed.net.pl\\\/index.php\\\/produkty\\\/nieplodnosc\\\/\"},{\"@type\":\"ListItem\",\"position\":4,\"name\":\"PreFert Vaginal Gel &#8211; \u017cel dopochwowy wspomagaj\u0105cy pocz\u0119cie dla par staraj\u0105cych si\u0119 o dziecko\"}]},{\"@type\":\"WebSite\",\"@id\":\"https:\\\/\\\/amed.net.pl\\\/#website\",\"url\":\"https:\\\/\\\/amed.net.pl\\\/\",\"name\":\"amed.net.pl\",\"description\":\"Firma AMED - Lider w zaopatrzenie gabinet\u00f3w lekarskich: wzierniki ginekologiczne, wk\u0142adki wewn\u0105trzmaciczne, szczoteczki cytologiczne, cytologia, papiery USG, os\u0142onki do USG\",\"potentialAction\":[{\"@type\":\"SearchAction\",\"target\":{\"@type\":\"EntryPoint\",\"urlTemplate\":\"https:\\\/\\\/amed.net.pl\\\/?s={search_term_string}\"},\"query-input\":{\"@type\":\"PropertyValueSpecification\",\"valueRequired\":true,\"valueName\":\"search_term_string\"}}],\"inLanguage\":\"pl-PL\"}]}<\/script>\n<!-- \/ Yoast SEO plugin. -->","yoast_head_json":{"title":"PreFert Vaginal Gel - \u017cel dopochwowy wspomagaj\u0105cy pocz\u0119cie dla par staraj\u0105cych si\u0119 o dziecko - amed.net.pl","robots":{"index":"index","follow":"follow","max-snippet":"max-snippet:-1","max-image-preview":"max-image-preview:large","max-video-preview":"max-video-preview:-1"},"canonical":"https:\/\/amed.net.pl\/index.php\/produkty\/nieplodnosc\/prefert-vaginal-gel-zel-dopochwowy-wspomagajacy-poczecie-dla-par-starajacych-sie-o-dziecko\/","og_locale":"pl_PL","og_type":"article","og_title":"PreFert Vaginal Gel - \u017cel dopochwowy wspomagaj\u0105cy pocz\u0119cie dla par staraj\u0105cych si\u0119 o dziecko - amed.net.pl","og_description":"&nbsp; &nbsp; PreFert\u00ae Vaginal Gel - \u017cel dopochwowy wspomagaj\u0105cy pocz\u0119cie,\u00a0 dla par staraj\u0105cych si\u0119 o dziecko POTWIERDZONA SKUTECZNO\u015a\u0106 DZIA\u0141ANIA\u00a0\u00a0&nbsp; Zastosowanie Dla kobiet staraj\u0105cych si\u0119 o dziecko \u017bel dopochwowy nawil\u017caj\u0105cy PreFert\u00ae jest nawil\u017caj\u0105cym \u017celem wspomagaj\u0105cym zap\u0142odnienie do stosowania w warunkach domowych. Stosuje si\u0119 go przed stosunkiem podczas owulacji. W czasie owulacji w\u0142a\u015bciwo\u015bci szyjki macicy oraz \u015bluzu [&hellip;]","og_url":"https:\/\/amed.net.pl\/index.php\/produkty\/nieplodnosc\/prefert-vaginal-gel-zel-dopochwowy-wspomagajacy-poczecie-dla-par-starajacych-sie-o-dziecko\/","og_site_name":"amed.net.pl","article_modified_time":"2026-02-17T21:08:49+00:00","twitter_card":"summary_large_image","twitter_misc":{"Szacowany czas czytania":"6 minut"},"schema":{"@context":"https:\/\/schema.org","@graph":[{"@type":"WebPage","@id":"https:\/\/amed.net.pl\/index.php\/produkty\/nieplodnosc\/prefert-vaginal-gel-zel-dopochwowy-wspomagajacy-poczecie-dla-par-starajacych-sie-o-dziecko\/","url":"https:\/\/amed.net.pl\/index.php\/produkty\/nieplodnosc\/prefert-vaginal-gel-zel-dopochwowy-wspomagajacy-poczecie-dla-par-starajacych-sie-o-dziecko\/","name":"PreFert Vaginal Gel - \u017cel dopochwowy wspomagaj\u0105cy pocz\u0119cie dla par staraj\u0105cych si\u0119 o dziecko - amed.net.pl","isPartOf":{"@id":"https:\/\/amed.net.pl\/#website"},"datePublished":"2019-06-24T15:11:42+00:00","dateModified":"2026-02-17T21:08:49+00:00","breadcrumb":{"@id":"https:\/\/amed.net.pl\/index.php\/produkty\/nieplodnosc\/prefert-vaginal-gel-zel-dopochwowy-wspomagajacy-poczecie-dla-par-starajacych-sie-o-dziecko\/#breadcrumb"},"inLanguage":"pl-PL","potentialAction":[{"@type":"ReadAction","target":["https:\/\/amed.net.pl\/index.php\/produkty\/nieplodnosc\/prefert-vaginal-gel-zel-dopochwowy-wspomagajacy-poczecie-dla-par-starajacych-sie-o-dziecko\/"]}]},{"@type":"BreadcrumbList","@id":"https:\/\/amed.net.pl\/index.php\/produkty\/nieplodnosc\/prefert-vaginal-gel-zel-dopochwowy-wspomagajacy-poczecie-dla-par-starajacych-sie-o-dziecko\/#breadcrumb","itemListElement":[{"@type":"ListItem","position":1,"name":"Strona g\u0142\u00f3wna","item":"https:\/\/amed.net.pl\/"},{"@type":"ListItem","position":2,"name":"Produkty","item":"https:\/\/amed.net.pl\/index.php\/produkty\/"},{"@type":"ListItem","position":3,"name":"Niep\u0142odno\u015b\u0107","item":"https:\/\/amed.net.pl\/index.php\/produkty\/nieplodnosc\/"},{"@type":"ListItem","position":4,"name":"PreFert Vaginal Gel &#8211; \u017cel dopochwowy wspomagaj\u0105cy pocz\u0119cie dla par staraj\u0105cych si\u0119 o dziecko"}]},{"@type":"WebSite","@id":"https:\/\/amed.net.pl\/#website","url":"https:\/\/amed.net.pl\/","name":"amed.net.pl","description":"Firma AMED - Lider w zaopatrzenie gabinet\u00f3w lekarskich: wzierniki ginekologiczne, wk\u0142adki wewn\u0105trzmaciczne, szczoteczki cytologiczne, cytologia, papiery USG, os\u0142onki do USG","potentialAction":[{"@type":"SearchAction","target":{"@type":"EntryPoint","urlTemplate":"https:\/\/amed.net.pl\/?s={search_term_string}"},"query-input":{"@type":"PropertyValueSpecification","valueRequired":true,"valueName":"search_term_string"}}],"inLanguage":"pl-PL"}]}},"_links":{"self":[{"href":"https:\/\/amed.net.pl\/index.php\/wp-json\/wp\/v2\/pages\/3507","targetHints":{"allow":["GET"]}}],"collection":[{"href":"https:\/\/amed.net.pl\/index.php\/wp-json\/wp\/v2\/pages"}],"about":[{"href":"https:\/\/amed.net.pl\/index.php\/wp-json\/wp\/v2\/types\/page"}],"author":[{"embeddable":true,"href":"https:\/\/amed.net.pl\/index.php\/wp-json\/wp\/v2\/users\/2"}],"replies":[{"embeddable":true,"href":"https:\/\/amed.net.pl\/index.php\/wp-json\/wp\/v2\/comments?post=3507"}],"version-history":[{"count":20,"href":"https:\/\/amed.net.pl\/index.php\/wp-json\/wp\/v2\/pages\/3507\/revisions"}],"predecessor-version":[{"id":5457,"href":"https:\/\/amed.net.pl\/index.php\/wp-json\/wp\/v2\/pages\/3507\/revisions\/5457"}],"up":[{"embeddable":true,"href":"https:\/\/amed.net.pl\/index.php\/wp-json\/wp\/v2\/pages\/412"}],"wp:attachment":[{"href":"https:\/\/amed.net.pl\/index.php\/wp-json\/wp\/v2\/media?parent=3507"}],"curies":[{"name":"wp","href":"https:\/\/api.w.org\/{rel}","templated":true}]}}