{"id":2910,"date":"2019-04-01T23:10:32","date_gmt":"2019-04-01T21:10:32","guid":{"rendered":"http:\/\/wp.amed.net.pl\/?page_id=2910"},"modified":"2021-06-23T19:26:26","modified_gmt":"2021-06-23T17:26:26","slug":"kateter-do-transferu-zarodkow-frydman-memory","status":"publish","type":"page","link":"https:\/\/amed.net.pl\/index.php\/produkty\/nieplodnosc\/wspomaganie-rozrodu\/katetery-do-transferu-zarodkow\/kateter-do-transferu-zarodkow-frydman-memory\/","title":{"rendered":"Kateter do transferu zarodk\u00f3w Frydman Memory"},"content":{"rendered":"<p>[et_pb_section fb_built=&#8221;1&#8243; specialty=&#8221;on&#8221; module_class=&#8221; et_pb_specialty_fullwidth&#8221; _builder_version=&#8221;3.22&#8243; inner_width=&#8221;89%&#8221; inner_width_tablet=&#8221;80%&#8221; inner_width_last_edited=&#8221;on|desktop&#8221; inner_max_width=&#8221;89%&#8221; inner_max_width_tablet=&#8221;80%&#8221; inner_max_width_last_edited=&#8221;on|desktop&#8221; custom_padding=&#8221;50.5125px|0|50.5125px|0px|false|false&#8221; make_fullwidth=&#8221;on&#8221;][et_pb_column type=&#8221;1_4&#8243; _builder_version=&#8221;3.25&#8243; custom_padding=&#8221;|||&#8221; custom_padding__hover=&#8221;|||&#8221;][et_pb_search _builder_version=&#8221;3.23&#8243; button_text_size__hover_enabled=&#8221;off&#8221; button_one_text_size__hover_enabled=&#8221;off&#8221; button_two_text_size__hover_enabled=&#8221;off&#8221; button_text_color__hover_enabled=&#8221;off&#8221; button_one_text_color__hover_enabled=&#8221;off&#8221; button_two_text_color__hover_enabled=&#8221;off&#8221; button_border_width__hover_enabled=&#8221;off&#8221; button_one_border_width__hover_enabled=&#8221;off&#8221; button_two_border_width__hover_enabled=&#8221;off&#8221; button_border_color__hover_enabled=&#8221;off&#8221; button_one_border_color__hover_enabled=&#8221;off&#8221; button_two_border_color__hover_enabled=&#8221;off&#8221; button_border_radius__hover_enabled=&#8221;off&#8221; button_one_border_radius__hover_enabled=&#8221;off&#8221; button_two_border_radius__hover_enabled=&#8221;off&#8221; button_letter_spacing__hover_enabled=&#8221;off&#8221; button_one_letter_spacing__hover_enabled=&#8221;off&#8221; button_two_letter_spacing__hover_enabled=&#8221;off&#8221; button_bg_color__hover_enabled=&#8221;off&#8221; button_one_bg_color__hover_enabled=&#8221;off&#8221; button_two_bg_color__hover_enabled=&#8221;off&#8221;]&nbsp;<br \/>\n[\/et_pb_search][et_pb_social_media_follow follow_button=&#8221;on&#8221; _builder_version=&#8221;3.0.87&#8243; background_layout=&#8221;dark&#8221;][et_pb_social_media_follow_network social_network=&#8221;facebook&#8221; url=&#8221;https:\/\/www.facebook.com\/AmedPolska\/&#8221; _builder_version=&#8221;3.0.76&#8243; background_color=&#8221;#e09900&#8243; follow_button=&#8221;on&#8221; url_new_window=&#8221;on&#8221;]facebook[\/et_pb_social_media_follow_network][\/et_pb_social_media_follow][et_pb_sidebar area=&#8221;et_pb_widget_area_10&#8243; _builder_version=&#8221;3.19.15&#8243; header_font=&#8221;||||||||&#8221;]&nbsp;<br \/>\n[\/et_pb_sidebar][\/et_pb_column][et_pb_column type=&#8221;3_4&#8243; specialty_columns=&#8221;3&#8243; _builder_version=&#8221;3.25&#8243; custom_padding=&#8221;|||&#8221; custom_padding__hover=&#8221;|||&#8221;][et_pb_row_inner admin_label=&#8221;Wiersz&#8221; _builder_version=&#8221;3.25&#8243; custom_padding=&#8221;27px|0px|27px|0|false|false&#8221;][et_pb_column_inner saved_specialty_column_type=&#8221;3_4&#8243; _builder_version=&#8221;3.25&#8243; custom_padding=&#8221;|||&#8221; custom_padding__hover=&#8221;|||&#8221;][et_pb_text _builder_version=&#8221;3.27.4&#8243; header_font=&#8221;||||||||&#8221; header_text_align=&#8221;center&#8221; header_text_color=&#8221;#0c71c3&#8243; header_line_height=&#8221;1.1em&#8221; custom_padding=&#8221;10px|10px|10px|20px&#8221; box_shadow_style=&#8221;preset3&#8243;]<\/p>\n<h1><span color=\"#0c71c3\"><b>Kateter do transferu zarodk\u00f3w FRYDMAN MEMORY<\/b><\/span><strong style=\"font-size: 37px;\">\u00a0<\/strong><\/h1>\n<p>[\/et_pb_text][\/et_pb_column_inner][\/et_pb_row_inner][et_pb_row_inner admin_label=&#8221;Wiersz&#8221; _builder_version=&#8221;3.25&#8243; custom_padding=&#8221;27px|0px|28px|0px|false|false&#8221; column_structure=&#8221;1_2,1_2&#8243;][et_pb_column_inner type=&#8221;1_2&#8243; saved_specialty_column_type=&#8221;3_4&#8243; _builder_version=&#8221;3.25&#8243; custom_padding=&#8221;|||&#8221; custom_padding__hover=&#8221;|||&#8221;][et_pb_image src=&#8221;http:\/\/amed.net.pl\/wp-content\/uploads\/2019\/04\/pol_pm_Kateter-do-transferu-zarodkow-FRYDMAN-MEMORY-1927_2.jpg&#8221; align_tablet=&#8221;center&#8221; align_last_edited=&#8221;on|desktop&#8221; _builder_version=&#8221;3.23&#8243;]&nbsp;<br \/>\n[\/et_pb_image][\/et_pb_column_inner][et_pb_column_inner type=&#8221;1_2&#8243; saved_specialty_column_type=&#8221;3_4&#8243; _builder_version=&#8221;3.25&#8243; custom_padding=&#8221;|||&#8221; custom_padding__hover=&#8221;|||&#8221;][et_pb_text _builder_version=&#8221;3.27.4&#8243;]<\/p>\n<blockquote>\n<ul>\n<li>\n<p><span>jednocz\u0119\u015bciowy kateter z pami\u0119ci\u0105 kszta\u0142tu do transferu zarodk\u00f3w przy minimum wysi\u0142ku i manipulacji<\/span><\/p>\n<\/li>\n<li>\n<p><span>elastyczny kateter mo\u017cna \u0142atwo formowa\u0107, zagina\u0107, co u\u0142atwia jego wprowadzenie przez w\u0105sk\u0105 szyjk\u0119 macicy<\/span><\/p>\n<\/li>\n<li>\n<p><span>kateter o d\u0142ugo\u015bci 18 cm, \u015brednicy zewn\u0119trznej 2,1 mm i wewn\u0119trznej 0,7 mm<\/span><\/p>\n<\/li>\n<\/ul>\n<\/blockquote>\n<p>[\/et_pb_text][\/et_pb_column_inner][\/et_pb_row_inner][et_pb_row_inner _builder_version=&#8221;3.25&#8243; custom_padding=&#8221;0|0px|28.1023px|0px|false|false&#8221;][et_pb_column_inner saved_specialty_column_type=&#8221;3_4&#8243; _builder_version=&#8221;3.25&#8243; background_color=&#8221;#ffffff&#8221; custom_padding=&#8221;|||&#8221; custom_padding__hover=&#8221;|||&#8221;][et_pb_cta button_url=&#8221;https:\/\/sklep.amed.net.pl\/pol_m_GINEKOLOGIA_Nieplodnosc_Wspomaganie-rozrodu_Katetery-do-transferu-zarodkow-1228.html&#8221; button_text=&#8221;Odwied\u017a nasz SKLEP !&#8221; _builder_version=&#8221;3.19.15&#8243; header_level=&#8221;h3&#8243; header_font=&#8221;||||||||&#8221; header_text_align=&#8221;center&#8221; header_font_size=&#8221;27px&#8221; use_background_color=&#8221;off&#8221; custom_button=&#8221;on&#8221; button_text_size=&#8221;27px&#8221; button_text_color=&#8221;#e09900&#8243; button_font=&#8221;||||||||&#8221; button_alignment=&#8221;center&#8221; background_layout=&#8221;light&#8221; animation_style=&#8221;bounce&#8221; link_option_url=&#8221;https:\/\/sklep.amed.net.pl\/pol_m_GINEKOLOGIA_Nieplodnosc_Wspomaganie-rozrodu_Katetery-do-transferu-zarodkow-1228.html&#8221; box_shadow_style_button=&#8221;preset2&#8243;]<\/p>\n<h4><span><strong><em><\/em><\/strong><\/span><\/h4>\n<h4><span><strong><em><\/em><\/strong><\/span><\/h4>\n<h4><span><strong><em><\/em><\/strong><\/span><\/h4>\n<h4><span><strong><em><\/em><\/strong><\/span><\/h4>\n<p>[\/et_pb_cta][et_pb_image align_tablet=&#8221;center&#8221; align_last_edited=&#8221;on|desktop&#8221; _builder_version=&#8221;3.23&#8243;]&nbsp;<\/p>\n<p style=\"text-align: center;\">[\/et_pb_image][\/et_pb_column_inner][\/et_pb_row_inner][\/et_pb_column][\/et_pb_section]<\/p>\n","protected":false},"excerpt":{"rendered":"<p>&nbsp; &nbsp; Kateter do transferu zarodk\u00f3w FRYDMAN MEMORY\u00a0&nbsp; jednocz\u0119\u015bciowy kateter z pami\u0119ci\u0105 kszta\u0142tu do transferu zarodk\u00f3w przy minimum wysi\u0142ku i manipulacji elastyczny kateter mo\u017cna \u0142atwo formowa\u0107, zagina\u0107, co u\u0142atwia jego wprowadzenie przez w\u0105sk\u0105 szyjk\u0119 macicy kateter o d\u0142ugo\u015bci 18 cm, \u015brednicy zewn\u0119trznej 2,1 mm i wewn\u0119trznej 0,7 mm &nbsp;<\/p>\n","protected":false},"author":2,"featured_media":0,"parent":2206,"menu_order":0,"comment_status":"closed","ping_status":"closed","template":"","meta":{"_et_pb_use_builder":"on","_et_pb_old_content":"","_et_gb_content_width":"","footnotes":""},"class_list":["post-2910","page","type-page","status-publish","hentry"],"yoast_head":"<!-- This site is optimized with the Yoast SEO plugin v27.5 - https:\/\/yoast.com\/product\/yoast-seo-wordpress\/ -->\n<title>Kateter do transferu zarodk\u00f3w Frydman Memory - amed.net.pl<\/title>\n<meta name=\"robots\" content=\"index, follow, max-snippet:-1, max-image-preview:large, max-video-preview:-1\" \/>\n<link rel=\"canonical\" href=\"https:\/\/amed.net.pl\/index.php\/produkty\/nieplodnosc\/wspomaganie-rozrodu\/katetery-do-transferu-zarodkow\/kateter-do-transferu-zarodkow-frydman-memory\/\" \/>\n<meta property=\"og:locale\" content=\"pl_PL\" \/>\n<meta property=\"og:type\" content=\"article\" \/>\n<meta property=\"og:title\" content=\"Kateter do transferu zarodk\u00f3w Frydman Memory - amed.net.pl\" \/>\n<meta property=\"og:description\" content=\"&nbsp; &nbsp; Kateter do transferu zarodk\u00f3w FRYDMAN MEMORY\u00a0&nbsp; jednocz\u0119\u015bciowy kateter z pami\u0119ci\u0105 kszta\u0142tu do transferu zarodk\u00f3w przy minimum wysi\u0142ku i manipulacji elastyczny kateter mo\u017cna \u0142atwo formowa\u0107, zagina\u0107, co u\u0142atwia jego wprowadzenie przez w\u0105sk\u0105 szyjk\u0119 macicy kateter o d\u0142ugo\u015bci 18 cm, \u015brednicy zewn\u0119trznej 2,1 mm i wewn\u0119trznej 0,7 mm &nbsp;\" \/>\n<meta property=\"og:url\" content=\"https:\/\/amed.net.pl\/index.php\/produkty\/nieplodnosc\/wspomaganie-rozrodu\/katetery-do-transferu-zarodkow\/kateter-do-transferu-zarodkow-frydman-memory\/\" \/>\n<meta property=\"og:site_name\" content=\"amed.net.pl\" \/>\n<meta property=\"article:modified_time\" content=\"2021-06-23T17:26:26+00:00\" \/>\n<meta name=\"twitter:card\" content=\"summary_large_image\" \/>\n<meta name=\"twitter:label1\" content=\"Szacowany czas czytania\" \/>\n\t<meta name=\"twitter:data1\" content=\"3 minuty\" \/>\n<script type=\"application\/ld+json\" class=\"yoast-schema-graph\">{\"@context\":\"https:\\\/\\\/schema.org\",\"@graph\":[{\"@type\":\"WebPage\",\"@id\":\"https:\\\/\\\/amed.net.pl\\\/index.php\\\/produkty\\\/nieplodnosc\\\/wspomaganie-rozrodu\\\/katetery-do-transferu-zarodkow\\\/kateter-do-transferu-zarodkow-frydman-memory\\\/\",\"url\":\"https:\\\/\\\/amed.net.pl\\\/index.php\\\/produkty\\\/nieplodnosc\\\/wspomaganie-rozrodu\\\/katetery-do-transferu-zarodkow\\\/kateter-do-transferu-zarodkow-frydman-memory\\\/\",\"name\":\"Kateter do transferu zarodk\u00f3w Frydman Memory - amed.net.pl\",\"isPartOf\":{\"@id\":\"https:\\\/\\\/amed.net.pl\\\/#website\"},\"datePublished\":\"2019-04-01T21:10:32+00:00\",\"dateModified\":\"2021-06-23T17:26:26+00:00\",\"breadcrumb\":{\"@id\":\"https:\\\/\\\/amed.net.pl\\\/index.php\\\/produkty\\\/nieplodnosc\\\/wspomaganie-rozrodu\\\/katetery-do-transferu-zarodkow\\\/kateter-do-transferu-zarodkow-frydman-memory\\\/#breadcrumb\"},\"inLanguage\":\"pl-PL\",\"potentialAction\":[{\"@type\":\"ReadAction\",\"target\":[\"https:\\\/\\\/amed.net.pl\\\/index.php\\\/produkty\\\/nieplodnosc\\\/wspomaganie-rozrodu\\\/katetery-do-transferu-zarodkow\\\/kateter-do-transferu-zarodkow-frydman-memory\\\/\"]}]},{\"@type\":\"BreadcrumbList\",\"@id\":\"https:\\\/\\\/amed.net.pl\\\/index.php\\\/produkty\\\/nieplodnosc\\\/wspomaganie-rozrodu\\\/katetery-do-transferu-zarodkow\\\/kateter-do-transferu-zarodkow-frydman-memory\\\/#breadcrumb\",\"itemListElement\":[{\"@type\":\"ListItem\",\"position\":1,\"name\":\"Strona g\u0142\u00f3wna\",\"item\":\"https:\\\/\\\/amed.net.pl\\\/\"},{\"@type\":\"ListItem\",\"position\":2,\"name\":\"Produkty\",\"item\":\"https:\\\/\\\/amed.net.pl\\\/index.php\\\/produkty\\\/\"},{\"@type\":\"ListItem\",\"position\":3,\"name\":\"Niep\u0142odno\u015b\u0107\",\"item\":\"https:\\\/\\\/amed.net.pl\\\/index.php\\\/produkty\\\/nieplodnosc\\\/\"},{\"@type\":\"ListItem\",\"position\":4,\"name\":\"Wspomaganie rozrodu\",\"item\":\"https:\\\/\\\/amed.net.pl\\\/index.php\\\/produkty\\\/nieplodnosc\\\/wspomaganie-rozrodu\\\/\"},{\"@type\":\"ListItem\",\"position\":5,\"name\":\"Katetery do transferu zarodk\u00f3w\",\"item\":\"https:\\\/\\\/amed.net.pl\\\/index.php\\\/produkty\\\/nieplodnosc\\\/wspomaganie-rozrodu\\\/katetery-do-transferu-zarodkow\\\/\"},{\"@type\":\"ListItem\",\"position\":6,\"name\":\"Kateter do transferu zarodk\u00f3w Frydman Memory\"}]},{\"@type\":\"WebSite\",\"@id\":\"https:\\\/\\\/amed.net.pl\\\/#website\",\"url\":\"https:\\\/\\\/amed.net.pl\\\/\",\"name\":\"amed.net.pl\",\"description\":\"Firma AMED - Lider w zaopatrzenie gabinet\u00f3w lekarskich: wzierniki ginekologiczne, wk\u0142adki wewn\u0105trzmaciczne, szczoteczki cytologiczne, cytologia, papiery USG, os\u0142onki do USG\",\"potentialAction\":[{\"@type\":\"SearchAction\",\"target\":{\"@type\":\"EntryPoint\",\"urlTemplate\":\"https:\\\/\\\/amed.net.pl\\\/?s={search_term_string}\"},\"query-input\":{\"@type\":\"PropertyValueSpecification\",\"valueRequired\":true,\"valueName\":\"search_term_string\"}}],\"inLanguage\":\"pl-PL\"}]}<\/script>\n<!-- \/ Yoast SEO plugin. -->","yoast_head_json":{"title":"Kateter do transferu zarodk\u00f3w Frydman Memory - amed.net.pl","robots":{"index":"index","follow":"follow","max-snippet":"max-snippet:-1","max-image-preview":"max-image-preview:large","max-video-preview":"max-video-preview:-1"},"canonical":"https:\/\/amed.net.pl\/index.php\/produkty\/nieplodnosc\/wspomaganie-rozrodu\/katetery-do-transferu-zarodkow\/kateter-do-transferu-zarodkow-frydman-memory\/","og_locale":"pl_PL","og_type":"article","og_title":"Kateter do transferu zarodk\u00f3w Frydman Memory - amed.net.pl","og_description":"&nbsp; &nbsp; Kateter do transferu zarodk\u00f3w FRYDMAN MEMORY\u00a0&nbsp; jednocz\u0119\u015bciowy kateter z pami\u0119ci\u0105 kszta\u0142tu do transferu zarodk\u00f3w przy minimum wysi\u0142ku i manipulacji elastyczny kateter mo\u017cna \u0142atwo formowa\u0107, zagina\u0107, co u\u0142atwia jego wprowadzenie przez w\u0105sk\u0105 szyjk\u0119 macicy kateter o d\u0142ugo\u015bci 18 cm, \u015brednicy zewn\u0119trznej 2,1 mm i wewn\u0119trznej 0,7 mm &nbsp;","og_url":"https:\/\/amed.net.pl\/index.php\/produkty\/nieplodnosc\/wspomaganie-rozrodu\/katetery-do-transferu-zarodkow\/kateter-do-transferu-zarodkow-frydman-memory\/","og_site_name":"amed.net.pl","article_modified_time":"2021-06-23T17:26:26+00:00","twitter_card":"summary_large_image","twitter_misc":{"Szacowany czas czytania":"3 minuty"},"schema":{"@context":"https:\/\/schema.org","@graph":[{"@type":"WebPage","@id":"https:\/\/amed.net.pl\/index.php\/produkty\/nieplodnosc\/wspomaganie-rozrodu\/katetery-do-transferu-zarodkow\/kateter-do-transferu-zarodkow-frydman-memory\/","url":"https:\/\/amed.net.pl\/index.php\/produkty\/nieplodnosc\/wspomaganie-rozrodu\/katetery-do-transferu-zarodkow\/kateter-do-transferu-zarodkow-frydman-memory\/","name":"Kateter do transferu zarodk\u00f3w Frydman Memory - amed.net.pl","isPartOf":{"@id":"https:\/\/amed.net.pl\/#website"},"datePublished":"2019-04-01T21:10:32+00:00","dateModified":"2021-06-23T17:26:26+00:00","breadcrumb":{"@id":"https:\/\/amed.net.pl\/index.php\/produkty\/nieplodnosc\/wspomaganie-rozrodu\/katetery-do-transferu-zarodkow\/kateter-do-transferu-zarodkow-frydman-memory\/#breadcrumb"},"inLanguage":"pl-PL","potentialAction":[{"@type":"ReadAction","target":["https:\/\/amed.net.pl\/index.php\/produkty\/nieplodnosc\/wspomaganie-rozrodu\/katetery-do-transferu-zarodkow\/kateter-do-transferu-zarodkow-frydman-memory\/"]}]},{"@type":"BreadcrumbList","@id":"https:\/\/amed.net.pl\/index.php\/produkty\/nieplodnosc\/wspomaganie-rozrodu\/katetery-do-transferu-zarodkow\/kateter-do-transferu-zarodkow-frydman-memory\/#breadcrumb","itemListElement":[{"@type":"ListItem","position":1,"name":"Strona g\u0142\u00f3wna","item":"https:\/\/amed.net.pl\/"},{"@type":"ListItem","position":2,"name":"Produkty","item":"https:\/\/amed.net.pl\/index.php\/produkty\/"},{"@type":"ListItem","position":3,"name":"Niep\u0142odno\u015b\u0107","item":"https:\/\/amed.net.pl\/index.php\/produkty\/nieplodnosc\/"},{"@type":"ListItem","position":4,"name":"Wspomaganie rozrodu","item":"https:\/\/amed.net.pl\/index.php\/produkty\/nieplodnosc\/wspomaganie-rozrodu\/"},{"@type":"ListItem","position":5,"name":"Katetery do transferu zarodk\u00f3w","item":"https:\/\/amed.net.pl\/index.php\/produkty\/nieplodnosc\/wspomaganie-rozrodu\/katetery-do-transferu-zarodkow\/"},{"@type":"ListItem","position":6,"name":"Kateter do transferu zarodk\u00f3w Frydman Memory"}]},{"@type":"WebSite","@id":"https:\/\/amed.net.pl\/#website","url":"https:\/\/amed.net.pl\/","name":"amed.net.pl","description":"Firma AMED - Lider w zaopatrzenie gabinet\u00f3w lekarskich: wzierniki ginekologiczne, wk\u0142adki wewn\u0105trzmaciczne, szczoteczki cytologiczne, cytologia, papiery USG, os\u0142onki do USG","potentialAction":[{"@type":"SearchAction","target":{"@type":"EntryPoint","urlTemplate":"https:\/\/amed.net.pl\/?s={search_term_string}"},"query-input":{"@type":"PropertyValueSpecification","valueRequired":true,"valueName":"search_term_string"}}],"inLanguage":"pl-PL"}]}},"_links":{"self":[{"href":"https:\/\/amed.net.pl\/index.php\/wp-json\/wp\/v2\/pages\/2910","targetHints":{"allow":["GET"]}}],"collection":[{"href":"https:\/\/amed.net.pl\/index.php\/wp-json\/wp\/v2\/pages"}],"about":[{"href":"https:\/\/amed.net.pl\/index.php\/wp-json\/wp\/v2\/types\/page"}],"author":[{"embeddable":true,"href":"https:\/\/amed.net.pl\/index.php\/wp-json\/wp\/v2\/users\/2"}],"replies":[{"embeddable":true,"href":"https:\/\/amed.net.pl\/index.php\/wp-json\/wp\/v2\/comments?post=2910"}],"version-history":[{"count":6,"href":"https:\/\/amed.net.pl\/index.php\/wp-json\/wp\/v2\/pages\/2910\/revisions"}],"predecessor-version":[{"id":4205,"href":"https:\/\/amed.net.pl\/index.php\/wp-json\/wp\/v2\/pages\/2910\/revisions\/4205"}],"up":[{"embeddable":true,"href":"https:\/\/amed.net.pl\/index.php\/wp-json\/wp\/v2\/pages\/2206"}],"wp:attachment":[{"href":"https:\/\/amed.net.pl\/index.php\/wp-json\/wp\/v2\/media?parent=2910"}],"curies":[{"name":"wp","href":"https:\/\/api.w.org\/{rel}","templated":true}]}}