{"id":2681,"date":"2019-03-22T17:49:13","date_gmt":"2019-03-22T16:49:13","guid":{"rendered":"http:\/\/wp.amed.net.pl\/?page_id=2681"},"modified":"2026-02-18T21:47:22","modified_gmt":"2026-02-18T20:47:22","slug":"kateter-do-inseminacji-domacicznej-standard","status":"publish","type":"page","link":"https:\/\/amed.net.pl\/index.php\/produkty\/nieplodnosc\/wspomaganie-rozrodu\/katetery-do-inseminacji\/kateter-do-inseminacji-domacicznej-standard\/","title":{"rendered":"Kateter do inseminacji domacicznej STANDARD"},"content":{"rendered":"<p>[et_pb_section fb_built=&#8221;1&#8243; specialty=&#8221;on&#8221; module_class=&#8221; et_pb_specialty_fullwidth&#8221; _builder_version=&#8221;4.16&#8243; inner_width=&#8221;89%&#8221; inner_width_tablet=&#8221;80%&#8221; inner_width_phone=&#8221;&#8221; inner_width_last_edited=&#8221;on|desktop&#8221; inner_max_width=&#8221;89%&#8221; inner_max_width_tablet=&#8221;80%&#8221; inner_max_width_phone=&#8221;&#8221; inner_max_width_last_edited=&#8221;on|desktop&#8221; custom_padding=&#8221;50.5125px|0|50.5125px|0px|false|false&#8221; make_fullwidth=&#8221;on&#8221; global_colors_info=&#8221;{}&#8221;][et_pb_column type=&#8221;1_4&#8243; _builder_version=&#8221;4.16&#8243; custom_padding=&#8221;|||&#8221; global_colors_info=&#8221;{}&#8221; custom_padding__hover=&#8221;|||&#8221;][et_pb_search _builder_version=&#8221;4.16&#8243; global_colors_info=&#8221;{}&#8221; button_text_size__hover_enabled=&#8221;off&#8221; button_one_text_size__hover_enabled=&#8221;off&#8221; button_two_text_size__hover_enabled=&#8221;off&#8221; button_text_color__hover_enabled=&#8221;off&#8221; button_one_text_color__hover_enabled=&#8221;off&#8221; button_two_text_color__hover_enabled=&#8221;off&#8221; button_border_width__hover_enabled=&#8221;off&#8221; button_one_border_width__hover_enabled=&#8221;off&#8221; button_two_border_width__hover_enabled=&#8221;off&#8221; button_border_color__hover_enabled=&#8221;off&#8221; button_one_border_color__hover_enabled=&#8221;off&#8221; button_two_border_color__hover_enabled=&#8221;off&#8221; button_border_radius__hover_enabled=&#8221;off&#8221; button_one_border_radius__hover_enabled=&#8221;off&#8221; button_two_border_radius__hover_enabled=&#8221;off&#8221; button_letter_spacing__hover_enabled=&#8221;off&#8221; button_one_letter_spacing__hover_enabled=&#8221;off&#8221; button_two_letter_spacing__hover_enabled=&#8221;off&#8221; button_bg_color__hover_enabled=&#8221;off&#8221; button_one_bg_color__hover_enabled=&#8221;off&#8221; button_two_bg_color__hover_enabled=&#8221;off&#8221;]&nbsp;<br \/>\n[\/et_pb_search][et_pb_social_media_follow follow_button=&#8221;on&#8221; _builder_version=&#8221;4.16&#8243; background_layout=&#8221;dark&#8221; global_colors_info=&#8221;{}&#8221;][et_pb_social_media_follow_network social_network=&#8221;facebook&#8221; url=&#8221;https:\/\/www.facebook.com\/AmedPolska\/&#8221; _builder_version=&#8221;4.16&#8243; background_color=&#8221;#e09900&#8243; global_colors_info=&#8221;{}&#8221; follow_button=&#8221;on&#8221; url_new_window=&#8221;on&#8221;]facebook[\/et_pb_social_media_follow_network][\/et_pb_social_media_follow][et_pb_sidebar area=&#8221;et_pb_widget_area_10&#8243; _builder_version=&#8221;4.16&#8243; header_font=&#8221;||||||||&#8221; global_colors_info=&#8221;{}&#8221;]&nbsp;<br \/>\n[\/et_pb_sidebar][\/et_pb_column][et_pb_column type=&#8221;3_4&#8243; specialty_columns=&#8221;3&#8243; _builder_version=&#8221;4.16&#8243; custom_padding=&#8221;|||&#8221; global_colors_info=&#8221;{}&#8221; custom_padding__hover=&#8221;|||&#8221;][et_pb_row_inner admin_label=&#8221;Wiersz&#8221; _builder_version=&#8221;4.16&#8243; custom_padding=&#8221;27px|0px|27px|0|false|false&#8221; global_colors_info=&#8221;{}&#8221;][et_pb_column_inner saved_specialty_column_type=&#8221;3_4&#8243; _builder_version=&#8221;4.16&#8243; custom_padding=&#8221;|||&#8221; global_colors_info=&#8221;{}&#8221; custom_padding__hover=&#8221;|||&#8221;][et_pb_text _builder_version=&#8221;4.27.5&#8243; header_font=&#8221;||||||||&#8221; header_text_align=&#8221;center&#8221; header_text_color=&#8221;#0c71c3&#8243; header_line_height=&#8221;1.1em&#8221; custom_padding=&#8221;10px|10px|10px|20px&#8221; hover_enabled=&#8221;0&#8243; global_colors_info=&#8221;{}&#8221; sticky_enabled=&#8221;0&#8243;]<\/p>\n<h1 style=\"text-align: left;\"><span color=\"#0c71c3\">Kateter do inseminacji domacicznej STANDARD, jednorazowy, sterylny<\/span><\/h1>\n<h1 style=\"text-align: left;\"><span style=\"color: #0c71c3;\">\u00a0\u00a0<\/span><\/h1>\n<p>[\/et_pb_text][\/et_pb_column_inner][\/et_pb_row_inner][et_pb_row_inner column_structure=&#8221;1_2,1_2&#8243; admin_label=&#8221;Wiersz&#8221; _builder_version=&#8221;4.16&#8243; custom_padding=&#8221;27px|0px|28px|0px|false|false&#8221; global_colors_info=&#8221;{}&#8221;][et_pb_column_inner type=&#8221;1_2&#8243; saved_specialty_column_type=&#8221;3_4&#8243; _builder_version=&#8221;4.16&#8243; custom_padding=&#8221;|||&#8221; global_colors_info=&#8221;{}&#8221; custom_padding__hover=&#8221;|||&#8221;][et_pb_image src=&#8221;https:\/\/amed.net.pl\/wp-content\/uploads\/2019\/04\/AG.4.3.244-STANDARD-1.jpg&#8221; align_tablet=&#8221;center&#8221; align_phone=&#8221;&#8221; align_last_edited=&#8221;on|desktop&#8221; _builder_version=&#8221;4.16&#8243; global_colors_info=&#8221;{}&#8221;]&nbsp;<br \/>\n[\/et_pb_image][\/et_pb_column_inner][et_pb_column_inner type=&#8221;1_2&#8243; saved_specialty_column_type=&#8221;3_4&#8243; _builder_version=&#8221;4.16&#8243; custom_padding=&#8221;|||&#8221; global_colors_info=&#8221;{}&#8221; custom_padding__hover=&#8221;|||&#8221;][et_pb_text _builder_version=&#8221;4.16&#8243; global_colors_info=&#8221;{}&#8221;]<\/p>\n<blockquote>\n<ul>\n<li>\n<p><span>\u0142atwe, sterylne wprowadzanie nasienia do jamy macicy w sztucznej inseminacji<\/span><\/p>\n<\/li>\n<li>\n<p><span><\/span><\/p>\n<p><span>d\u0142ugo\u015b\u0107 170 mm, \u015brednica katetera 2 mm (6F)<\/span><\/p>\n<\/li>\n<li>\n<p><span>delikatna i elastyczna kaniula<\/span><\/p>\n<\/li>\n<li>\n<p><span>skala centymetrowa<\/span><\/p>\n<\/li>\n<li>\n<p><span>ruchomy silikonowy pozycjoner<\/span><\/p>\n<\/li>\n<li>\n<p><span>dwa boczne otwory<\/span><\/p>\n<\/li>\n<li>\n<p><span>CERTYFIKATY: ISO 9001:2000\/ ISO 13485:2003, CE &#8211; 93\/42\/EEC<\/span><\/p>\n<\/li>\n<\/ul>\n<\/blockquote>\n<p>[\/et_pb_text][\/et_pb_column_inner][\/et_pb_row_inner][et_pb_row_inner column_structure=&#8221;1_2,1_2&#8243; _builder_version=&#8221;4.16&#8243; global_colors_info=&#8221;{}&#8221;][et_pb_column_inner type=&#8221;1_2&#8243; saved_specialty_column_type=&#8221;3_4&#8243; _builder_version=&#8221;4.16&#8243; background_color=&#8221;#ffffff&#8221; custom_padding=&#8221;|||&#8221; global_colors_info=&#8221;{}&#8221; custom_padding__hover=&#8221;|||&#8221;][et_pb_text _builder_version=&#8221;4.16&#8243; text_font=&#8221;||||||||&#8221; text_text_color=&#8221;#ffffff&#8221; background_color=&#8221;#1172c1&#8243; custom_padding=&#8221;10px|10px||10px&#8221; global_colors_info=&#8221;{}&#8221;]<\/p>\n<div>\n<h3 style=\"text-align: center;\"><strong><span>Wskazania do inseminacji domacicznej:<\/span><\/strong><\/h3>\n<\/div>\n<ul>\n<li>Nieprawid\u0142owa budowa uk\u0142adu rodnego kobiety<\/li>\n<li>Niep\u0142odno\u015b\u0107 idiopatyczna<\/li>\n<li>Problemy z owulacj\u0105<\/li>\n<li>Zesp\u00f3\u0142 policystycznych jajnik\u00f3w<\/li>\n<li>Endometrioza<\/li>\n<li>Obecno\u015b\u0107 w \u015bluzie przeciwcia\u0142 przeciwplemnikowych<\/li>\n<li>Nasienie m\u0119\u017cczyzny jest niskiej jako\u015bci<\/li>\n<\/ul>\n<p>[\/et_pb_text][et_pb_text _builder_version=&#8221;4.16&#8243; text_font=&#8221;||||||||&#8221; text_text_color=&#8221;#ffffff&#8221; background_color=&#8221;#1172c1&#8243; custom_padding=&#8221;10px|10px||10px&#8221; global_colors_info=&#8221;{}&#8221;]<\/p>\n<div>\n<h3 style=\"text-align: center;\"><strong><span>Zalety inseminacji domacicznej<\/span><\/strong><strong><span>:<\/span><\/strong><\/h3>\n<\/div>\n<ul>\n<li>Umo\u017cliwienie zaj\u015bcia w ci\u0105\u017c\u0119<\/li>\n<li>Zap\u0142odnienie zachodzi ju\u017c w organizmie kobiety<\/li>\n<li>Zabieg jest ma\u0142o inwazyjny<\/li>\n<li>Niebolesny, szybki i bezpieczny<\/li>\n<li>Wsp\u00f3lne z partnerem uczestniczenie w ca\u0142ej terapii zbli\u017ca emocjonalnie<\/li>\n<li>Jest zdecydowanie ta\u0144sza od metody In vitro<\/li>\n<\/ul>\n<p>[\/et_pb_text][\/et_pb_column_inner][et_pb_column_inner type=&#8221;1_2&#8243; saved_specialty_column_type=&#8221;3_4&#8243; _builder_version=&#8221;4.16&#8243; custom_padding=&#8221;|||&#8221; global_colors_info=&#8221;{}&#8221; custom_padding__hover=&#8221;|||&#8221;][et_pb_text _builder_version=&#8221;4.16&#8243; text_font=&#8221;||||||||&#8221; text_text_color=&#8221;#ffffff&#8221; background_color=&#8221;#1172c1&#8243; custom_padding=&#8221;10px|10px||10px&#8221; global_colors_info=&#8221;{}&#8221;]<\/p>\n<p><strong><span data-scayt_word=\"Inseminacja\" data-scaytid=\"5\">Inseminacja<\/span><span>\u00a0<\/span><span data-scayt_word=\"domaciczna\" data-scaytid=\"6\">domaciczna<\/span><\/strong><span>\u00a0to\u00a0<\/span><span data-scayt_word=\"podstawowa\" data-scaytid=\"7\">podstawowa<\/span><span>\u00a0<\/span><span data-scayt_word=\"technika\" data-scaytid=\"8\">technika<\/span><span>\u00a0<\/span><span data-scayt_word=\"medycznie\" data-scaytid=\"9\">medycznie<\/span><span>\u00a0<\/span><span data-scayt_word=\"wspomaganego\" data-scaytid=\"10\">wspomaganego<\/span><span>\u00a0<\/span><span data-scayt_word=\"rozrodu\" data-scaytid=\"11\">rozrodu<\/span><span>,\u00a0<\/span><span data-scayt_word=\"powszechnie\" data-scaytid=\"12\">powszechnie<\/span><span>\u00a0<\/span><span data-scayt_word=\"stosowana\" data-scaytid=\"13\">stosowana<\/span><span>\u00a0<\/span><span data-scayt_word=\"jako\" data-scaytid=\"14\">jako<\/span><span><\/span><span data-scayt_word=\"terapia\" data-scaytid=\"15\">terapia<\/span><span>\u00a0<\/span><span data-scayt_word=\"pierwszego\" data-scaytid=\"16\">pierwszego<\/span><span>\u00a0<\/span><span data-scayt_word=\"rzutu\" data-scaytid=\"17\">rzutu<\/span><span>\u00a0w\u00a0<\/span><span data-scayt_word=\"leczeniu\" data-scaytid=\"18\">leczeniu<\/span><span>\u00a0<\/span><span data-scayt_word=\"niep\u0142odno\u015bci\" data-scaytid=\"19\">niep\u0142odno\u015bci<\/span><span>.\u00a0<\/span><span data-scayt_word=\"Inseminacj\u0119\" data-scaytid=\"21\">Inseminacj\u0119<\/span><span>\u00a0<\/span><span data-scayt_word=\"najcz\u0119\u015bciej\" data-scaytid=\"22\">najcz\u0119\u015bciej<\/span><span>\u00a0<\/span><span data-scayt_word=\"stosujemy\" data-scaytid=\"23\">stosujemy<\/span><span>\u00a0u\u00a0<\/span><span data-scayt_word=\"kobiet\" data-scaytid=\"24\">kobiet<\/span><span>\u00a0z\u00a0<\/span><span data-scayt_word=\"niep\u0142odno\u015bci\u0105\" data-scaytid=\"25\">niep\u0142odno\u015bci\u0105<\/span><span>\u00a0<\/span><span data-scayt_word=\"zwi\u0105zan\u0105\" data-scaytid=\"27\">zwi\u0105zan\u0105<\/span><span>\u00a0z\u00a0<\/span><span data-scayt_word=\"brakiem\" data-scaytid=\"28\">brakiem<\/span><span>\u00a0<\/span><span data-scayt_word=\"owulacji\" data-scaytid=\"29\">owulacji<\/span><span>,\u00a0<\/span><span data-scayt_word=\"niep\u0142odno\u015bci\u0105\" data-scaytid=\"26\">niep\u0142odno\u015bci\u0105<\/span><span>\u00a0o\u00a0<\/span><span data-scayt_word=\"niewyja\u015bnionej\" data-scaytid=\"30\">niewyja\u015bnionej<\/span><span>\u00a0<\/span><span data-scayt_word=\"przyczynie\" data-scaytid=\"31\">przyczynie<\/span><span>\u00a0<\/span><span data-scayt_word=\"oraz\" data-scaytid=\"32\">oraz<\/span><span>\u00a0w\u00a0<\/span><span data-scayt_word=\"niekt\u00f3rych\" data-scaytid=\"33\">niekt\u00f3rych<\/span><span>\u00a0<\/span><span data-scayt_word=\"przypadkach\" data-scaytid=\"34\">przypadkach<\/span><span>\u00a0<\/span><span data-scayt_word=\"niep\u0142odno\u015bci\" data-scaytid=\"20\">niep\u0142odno\u015bci<\/span><span><\/span><span data-scayt_word=\"immunologicznej\" data-scaytid=\"36\">immunologicznej<\/span><span>\u00a0i w\u00a0<\/span><span data-scayt_word=\"przypadkach\" data-scaytid=\"35\">przypadkach<\/span><span>\u00a0<\/span><span data-scayt_word=\"lekkiego\" data-scaytid=\"37\">lekkiego<\/span><span>\u00a0<\/span><span data-scayt_word=\"stopnia\" data-scaytid=\"38\">stopnia<\/span><span>\u00a0<\/span><span data-scayt_word=\"upo\u015bledzenia\" data-scaytid=\"39\">upo\u015bledzenia<\/span><span>\u00a0<\/span><span data-scayt_word=\"parametr\u00f3w\" data-scaytid=\"40\">parametr\u00f3w<\/span><span>\u00a0<\/span><span data-scayt_word=\"nasienia\" data-scaytid=\"41\">nasienia<\/span><span>.<\/span><\/p>\n<p><span><\/span><\/p>\n<p>[\/et_pb_text][et_pb_cta button_url=&#8221;https:\/\/sklep.amed.net.pl\/pol_m_GINEKOLOGIA_Nieplodnosc_Wspomaganie-rozrodu_Katetery-do-inseminacji-domacicznej-570.html&#8221; button_text=&#8221;Odwied\u017a nasz SKLEP !&#8221; _builder_version=&#8221;4.16&#8243; header_level=&#8221;h3&#8243; header_font=&#8221;||||||||&#8221; header_text_align=&#8221;center&#8221; header_font_size=&#8221;27px&#8221; use_background_color=&#8221;off&#8221; custom_button=&#8221;on&#8221; button_text_size=&#8221;27px&#8221; button_text_color=&#8221;#e09900&#8243; button_font=&#8221;||||||||&#8221; button_alignment=&#8221;center&#8221; background_layout=&#8221;light&#8221; animation_style=&#8221;bounce&#8221; link_option_url=&#8221;https:\/\/sklep.amed.net.pl\/pol_m_GINEKOLOGIA_Nieplodnosc_Wspomaganie-rozrodu_Katetery-do-inseminacji-domacicznej-570.html&#8221; box_shadow_style_button=&#8221;preset2&#8243; global_colors_info=&#8221;{}&#8221;]<\/p>\n<h4><span><strong><em><\/em><\/strong><\/span><\/h4>\n<h4><span><strong><em><\/em><\/strong><\/span><\/h4>\n<h4><span><strong><em><\/em><\/strong><\/span><\/h4>\n<h4><span><strong><em><\/em><\/strong><\/span><\/h4>\n<p>[\/et_pb_cta][et_pb_image align_tablet=&#8221;center&#8221; align_phone=&#8221;&#8221; align_last_edited=&#8221;on|desktop&#8221; _builder_version=&#8221;4.16&#8243; global_colors_info=&#8221;{}&#8221;]&nbsp;<\/p>\n<p style=\"text-align: center;\">[\/et_pb_image][\/et_pb_column_inner][\/et_pb_row_inner][\/et_pb_column][\/et_pb_section]<\/p>\n","protected":false},"excerpt":{"rendered":"<p>&nbsp; &nbsp; Kateter do inseminacji domacicznej STANDARD, jednorazowy, sterylny \u00a0\u00a0&nbsp; \u0142atwe, sterylne wprowadzanie nasienia do jamy macicy w sztucznej inseminacji d\u0142ugo\u015b\u0107 170 mm, \u015brednica katetera 2 mm (6F) delikatna i elastyczna kaniula skala centymetrowa ruchomy silikonowy pozycjoner dwa boczne otwory CERTYFIKATY: ISO 9001:2000\/ ISO 13485:2003, CE &#8211; 93\/42\/EEC Wskazania do inseminacji domacicznej: Nieprawid\u0142owa budowa uk\u0142adu [&hellip;]<\/p>\n","protected":false},"author":2,"featured_media":0,"parent":2203,"menu_order":0,"comment_status":"closed","ping_status":"closed","template":"","meta":{"_et_pb_use_builder":"on","_et_pb_old_content":"","_et_gb_content_width":"","footnotes":""},"class_list":["post-2681","page","type-page","status-publish","hentry"],"yoast_head":"<!-- This site is optimized with the Yoast SEO plugin v27.4 - https:\/\/yoast.com\/product\/yoast-seo-wordpress\/ -->\n<title>Kateter do inseminacji domacicznej STANDARD - amed.net.pl<\/title>\n<meta name=\"robots\" content=\"index, follow, max-snippet:-1, max-image-preview:large, max-video-preview:-1\" \/>\n<link rel=\"canonical\" href=\"https:\/\/amed.net.pl\/index.php\/produkty\/nieplodnosc\/wspomaganie-rozrodu\/katetery-do-inseminacji\/kateter-do-inseminacji-domacicznej-standard\/\" \/>\n<meta property=\"og:locale\" content=\"pl_PL\" \/>\n<meta property=\"og:type\" content=\"article\" \/>\n<meta property=\"og:title\" content=\"Kateter do inseminacji domacicznej STANDARD - amed.net.pl\" \/>\n<meta property=\"og:description\" content=\"&nbsp; &nbsp; Kateter do inseminacji domacicznej STANDARD, jednorazowy, sterylny \u00a0\u00a0&nbsp; \u0142atwe, sterylne wprowadzanie nasienia do jamy macicy w sztucznej inseminacji d\u0142ugo\u015b\u0107 170 mm, \u015brednica katetera 2 mm (6F) delikatna i elastyczna kaniula skala centymetrowa ruchomy silikonowy pozycjoner dwa boczne otwory CERTYFIKATY: ISO 9001:2000\/ ISO 13485:2003, CE - 93\/42\/EEC Wskazania do inseminacji domacicznej: Nieprawid\u0142owa budowa uk\u0142adu [&hellip;]\" \/>\n<meta property=\"og:url\" content=\"https:\/\/amed.net.pl\/index.php\/produkty\/nieplodnosc\/wspomaganie-rozrodu\/katetery-do-inseminacji\/kateter-do-inseminacji-domacicznej-standard\/\" \/>\n<meta property=\"og:site_name\" content=\"amed.net.pl\" \/>\n<meta property=\"article:modified_time\" content=\"2026-02-18T20:47:22+00:00\" \/>\n<meta name=\"twitter:card\" content=\"summary_large_image\" \/>\n<meta name=\"twitter:label1\" content=\"Szacowany czas czytania\" \/>\n\t<meta name=\"twitter:data1\" content=\"5 minut\" \/>\n<script type=\"application\/ld+json\" class=\"yoast-schema-graph\">{\"@context\":\"https:\\\/\\\/schema.org\",\"@graph\":[{\"@type\":\"WebPage\",\"@id\":\"https:\\\/\\\/amed.net.pl\\\/index.php\\\/produkty\\\/nieplodnosc\\\/wspomaganie-rozrodu\\\/katetery-do-inseminacji\\\/kateter-do-inseminacji-domacicznej-standard\\\/\",\"url\":\"https:\\\/\\\/amed.net.pl\\\/index.php\\\/produkty\\\/nieplodnosc\\\/wspomaganie-rozrodu\\\/katetery-do-inseminacji\\\/kateter-do-inseminacji-domacicznej-standard\\\/\",\"name\":\"Kateter do inseminacji domacicznej STANDARD - amed.net.pl\",\"isPartOf\":{\"@id\":\"https:\\\/\\\/amed.net.pl\\\/#website\"},\"datePublished\":\"2019-03-22T16:49:13+00:00\",\"dateModified\":\"2026-02-18T20:47:22+00:00\",\"breadcrumb\":{\"@id\":\"https:\\\/\\\/amed.net.pl\\\/index.php\\\/produkty\\\/nieplodnosc\\\/wspomaganie-rozrodu\\\/katetery-do-inseminacji\\\/kateter-do-inseminacji-domacicznej-standard\\\/#breadcrumb\"},\"inLanguage\":\"pl-PL\",\"potentialAction\":[{\"@type\":\"ReadAction\",\"target\":[\"https:\\\/\\\/amed.net.pl\\\/index.php\\\/produkty\\\/nieplodnosc\\\/wspomaganie-rozrodu\\\/katetery-do-inseminacji\\\/kateter-do-inseminacji-domacicznej-standard\\\/\"]}]},{\"@type\":\"BreadcrumbList\",\"@id\":\"https:\\\/\\\/amed.net.pl\\\/index.php\\\/produkty\\\/nieplodnosc\\\/wspomaganie-rozrodu\\\/katetery-do-inseminacji\\\/kateter-do-inseminacji-domacicznej-standard\\\/#breadcrumb\",\"itemListElement\":[{\"@type\":\"ListItem\",\"position\":1,\"name\":\"Strona g\u0142\u00f3wna\",\"item\":\"https:\\\/\\\/amed.net.pl\\\/\"},{\"@type\":\"ListItem\",\"position\":2,\"name\":\"Produkty\",\"item\":\"https:\\\/\\\/amed.net.pl\\\/index.php\\\/produkty\\\/\"},{\"@type\":\"ListItem\",\"position\":3,\"name\":\"Niep\u0142odno\u015b\u0107\",\"item\":\"https:\\\/\\\/amed.net.pl\\\/index.php\\\/produkty\\\/nieplodnosc\\\/\"},{\"@type\":\"ListItem\",\"position\":4,\"name\":\"Wspomaganie rozrodu\",\"item\":\"https:\\\/\\\/amed.net.pl\\\/index.php\\\/produkty\\\/nieplodnosc\\\/wspomaganie-rozrodu\\\/\"},{\"@type\":\"ListItem\",\"position\":5,\"name\":\"Katetery do inseminacji domacicznej\",\"item\":\"https:\\\/\\\/amed.net.pl\\\/index.php\\\/produkty\\\/nieplodnosc\\\/wspomaganie-rozrodu\\\/katetery-do-inseminacji\\\/\"},{\"@type\":\"ListItem\",\"position\":6,\"name\":\"Kateter do inseminacji domacicznej STANDARD\"}]},{\"@type\":\"WebSite\",\"@id\":\"https:\\\/\\\/amed.net.pl\\\/#website\",\"url\":\"https:\\\/\\\/amed.net.pl\\\/\",\"name\":\"amed.net.pl\",\"description\":\"Firma AMED - Lider w zaopatrzenie gabinet\u00f3w lekarskich: wzierniki ginekologiczne, wk\u0142adki wewn\u0105trzmaciczne, szczoteczki cytologiczne, cytologia, papiery USG, os\u0142onki do USG\",\"potentialAction\":[{\"@type\":\"SearchAction\",\"target\":{\"@type\":\"EntryPoint\",\"urlTemplate\":\"https:\\\/\\\/amed.net.pl\\\/?s={search_term_string}\"},\"query-input\":{\"@type\":\"PropertyValueSpecification\",\"valueRequired\":true,\"valueName\":\"search_term_string\"}}],\"inLanguage\":\"pl-PL\"}]}<\/script>\n<!-- \/ Yoast SEO plugin. -->","yoast_head_json":{"title":"Kateter do inseminacji domacicznej STANDARD - amed.net.pl","robots":{"index":"index","follow":"follow","max-snippet":"max-snippet:-1","max-image-preview":"max-image-preview:large","max-video-preview":"max-video-preview:-1"},"canonical":"https:\/\/amed.net.pl\/index.php\/produkty\/nieplodnosc\/wspomaganie-rozrodu\/katetery-do-inseminacji\/kateter-do-inseminacji-domacicznej-standard\/","og_locale":"pl_PL","og_type":"article","og_title":"Kateter do inseminacji domacicznej STANDARD - amed.net.pl","og_description":"&nbsp; &nbsp; Kateter do inseminacji domacicznej STANDARD, jednorazowy, sterylny \u00a0\u00a0&nbsp; \u0142atwe, sterylne wprowadzanie nasienia do jamy macicy w sztucznej inseminacji d\u0142ugo\u015b\u0107 170 mm, \u015brednica katetera 2 mm (6F) delikatna i elastyczna kaniula skala centymetrowa ruchomy silikonowy pozycjoner dwa boczne otwory CERTYFIKATY: ISO 9001:2000\/ ISO 13485:2003, CE - 93\/42\/EEC Wskazania do inseminacji domacicznej: Nieprawid\u0142owa budowa uk\u0142adu [&hellip;]","og_url":"https:\/\/amed.net.pl\/index.php\/produkty\/nieplodnosc\/wspomaganie-rozrodu\/katetery-do-inseminacji\/kateter-do-inseminacji-domacicznej-standard\/","og_site_name":"amed.net.pl","article_modified_time":"2026-02-18T20:47:22+00:00","twitter_card":"summary_large_image","twitter_misc":{"Szacowany czas czytania":"5 minut"},"schema":{"@context":"https:\/\/schema.org","@graph":[{"@type":"WebPage","@id":"https:\/\/amed.net.pl\/index.php\/produkty\/nieplodnosc\/wspomaganie-rozrodu\/katetery-do-inseminacji\/kateter-do-inseminacji-domacicznej-standard\/","url":"https:\/\/amed.net.pl\/index.php\/produkty\/nieplodnosc\/wspomaganie-rozrodu\/katetery-do-inseminacji\/kateter-do-inseminacji-domacicznej-standard\/","name":"Kateter do inseminacji domacicznej STANDARD - amed.net.pl","isPartOf":{"@id":"https:\/\/amed.net.pl\/#website"},"datePublished":"2019-03-22T16:49:13+00:00","dateModified":"2026-02-18T20:47:22+00:00","breadcrumb":{"@id":"https:\/\/amed.net.pl\/index.php\/produkty\/nieplodnosc\/wspomaganie-rozrodu\/katetery-do-inseminacji\/kateter-do-inseminacji-domacicznej-standard\/#breadcrumb"},"inLanguage":"pl-PL","potentialAction":[{"@type":"ReadAction","target":["https:\/\/amed.net.pl\/index.php\/produkty\/nieplodnosc\/wspomaganie-rozrodu\/katetery-do-inseminacji\/kateter-do-inseminacji-domacicznej-standard\/"]}]},{"@type":"BreadcrumbList","@id":"https:\/\/amed.net.pl\/index.php\/produkty\/nieplodnosc\/wspomaganie-rozrodu\/katetery-do-inseminacji\/kateter-do-inseminacji-domacicznej-standard\/#breadcrumb","itemListElement":[{"@type":"ListItem","position":1,"name":"Strona g\u0142\u00f3wna","item":"https:\/\/amed.net.pl\/"},{"@type":"ListItem","position":2,"name":"Produkty","item":"https:\/\/amed.net.pl\/index.php\/produkty\/"},{"@type":"ListItem","position":3,"name":"Niep\u0142odno\u015b\u0107","item":"https:\/\/amed.net.pl\/index.php\/produkty\/nieplodnosc\/"},{"@type":"ListItem","position":4,"name":"Wspomaganie rozrodu","item":"https:\/\/amed.net.pl\/index.php\/produkty\/nieplodnosc\/wspomaganie-rozrodu\/"},{"@type":"ListItem","position":5,"name":"Katetery do inseminacji domacicznej","item":"https:\/\/amed.net.pl\/index.php\/produkty\/nieplodnosc\/wspomaganie-rozrodu\/katetery-do-inseminacji\/"},{"@type":"ListItem","position":6,"name":"Kateter do inseminacji domacicznej STANDARD"}]},{"@type":"WebSite","@id":"https:\/\/amed.net.pl\/#website","url":"https:\/\/amed.net.pl\/","name":"amed.net.pl","description":"Firma AMED - Lider w zaopatrzenie gabinet\u00f3w lekarskich: wzierniki ginekologiczne, wk\u0142adki wewn\u0105trzmaciczne, szczoteczki cytologiczne, cytologia, papiery USG, os\u0142onki do USG","potentialAction":[{"@type":"SearchAction","target":{"@type":"EntryPoint","urlTemplate":"https:\/\/amed.net.pl\/?s={search_term_string}"},"query-input":{"@type":"PropertyValueSpecification","valueRequired":true,"valueName":"search_term_string"}}],"inLanguage":"pl-PL"}]}},"_links":{"self":[{"href":"https:\/\/amed.net.pl\/index.php\/wp-json\/wp\/v2\/pages\/2681","targetHints":{"allow":["GET"]}}],"collection":[{"href":"https:\/\/amed.net.pl\/index.php\/wp-json\/wp\/v2\/pages"}],"about":[{"href":"https:\/\/amed.net.pl\/index.php\/wp-json\/wp\/v2\/types\/page"}],"author":[{"embeddable":true,"href":"https:\/\/amed.net.pl\/index.php\/wp-json\/wp\/v2\/users\/2"}],"replies":[{"embeddable":true,"href":"https:\/\/amed.net.pl\/index.php\/wp-json\/wp\/v2\/comments?post=2681"}],"version-history":[{"count":11,"href":"https:\/\/amed.net.pl\/index.php\/wp-json\/wp\/v2\/pages\/2681\/revisions"}],"predecessor-version":[{"id":5513,"href":"https:\/\/amed.net.pl\/index.php\/wp-json\/wp\/v2\/pages\/2681\/revisions\/5513"}],"up":[{"embeddable":true,"href":"https:\/\/amed.net.pl\/index.php\/wp-json\/wp\/v2\/pages\/2203"}],"wp:attachment":[{"href":"https:\/\/amed.net.pl\/index.php\/wp-json\/wp\/v2\/media?parent=2681"}],"curies":[{"name":"wp","href":"https:\/\/api.w.org\/{rel}","templated":true}]}}