{"id":2187,"date":"2019-01-13T23:02:17","date_gmt":"2019-01-13T22:02:17","guid":{"rendered":"http:\/\/wp.amed.net.pl\/?page_id=2187"},"modified":"2026-02-18T21:44:06","modified_gmt":"2026-02-18T20:44:06","slug":"kateter-do-hsg-tulipanowy","status":"publish","type":"page","link":"https:\/\/amed.net.pl\/index.php\/produkty\/nieplodnosc\/diagnostyka-nieplodnosci\/katetery-do-hsg\/kateter-do-hsg-tulipanowy\/","title":{"rendered":"Kateter do HSG tulipanowy"},"content":{"rendered":"<p>[et_pb_section fb_built=&#8221;1&#8243; specialty=&#8221;on&#8221; module_class=&#8221; et_pb_specialty_fullwidth&#8221; _builder_version=&#8221;4.16&#8243; inner_width=&#8221;89%&#8221; inner_width_tablet=&#8221;80%&#8221; inner_width_phone=&#8221;&#8221; inner_width_last_edited=&#8221;on|desktop&#8221; inner_max_width=&#8221;89%&#8221; inner_max_width_tablet=&#8221;80%&#8221; inner_max_width_phone=&#8221;&#8221; inner_max_width_last_edited=&#8221;on|desktop&#8221; custom_padding=&#8221;50.5125px|0|50.5125px|0px|false|false&#8221; make_fullwidth=&#8221;on&#8221; global_colors_info=&#8221;{}&#8221;][et_pb_column type=&#8221;1_4&#8243; _builder_version=&#8221;4.16&#8243; custom_padding=&#8221;|||&#8221; global_colors_info=&#8221;{}&#8221; custom_padding__hover=&#8221;|||&#8221;][et_pb_search _builder_version=&#8221;4.16&#8243; global_colors_info=&#8221;{}&#8221; button_text_size__hover_enabled=&#8221;off&#8221; button_one_text_size__hover_enabled=&#8221;off&#8221; button_two_text_size__hover_enabled=&#8221;off&#8221; button_text_color__hover_enabled=&#8221;off&#8221; button_one_text_color__hover_enabled=&#8221;off&#8221; button_two_text_color__hover_enabled=&#8221;off&#8221; button_border_width__hover_enabled=&#8221;off&#8221; button_one_border_width__hover_enabled=&#8221;off&#8221; button_two_border_width__hover_enabled=&#8221;off&#8221; button_border_color__hover_enabled=&#8221;off&#8221; button_one_border_color__hover_enabled=&#8221;off&#8221; button_two_border_color__hover_enabled=&#8221;off&#8221; button_border_radius__hover_enabled=&#8221;off&#8221; button_one_border_radius__hover_enabled=&#8221;off&#8221; button_two_border_radius__hover_enabled=&#8221;off&#8221; button_letter_spacing__hover_enabled=&#8221;off&#8221; button_one_letter_spacing__hover_enabled=&#8221;off&#8221; button_two_letter_spacing__hover_enabled=&#8221;off&#8221; button_bg_color__hover_enabled=&#8221;off&#8221; button_one_bg_color__hover_enabled=&#8221;off&#8221; button_two_bg_color__hover_enabled=&#8221;off&#8221;]&nbsp;<br \/>\n[\/et_pb_search][et_pb_social_media_follow follow_button=&#8221;on&#8221; _builder_version=&#8221;4.16&#8243; background_layout=&#8221;dark&#8221; global_colors_info=&#8221;{}&#8221;][et_pb_social_media_follow_network social_network=&#8221;facebook&#8221; url=&#8221;https:\/\/www.facebook.com\/AmedPolska\/&#8221; _builder_version=&#8221;4.16&#8243; background_color=&#8221;#e09900&#8243; global_colors_info=&#8221;{}&#8221; follow_button=&#8221;on&#8221; url_new_window=&#8221;on&#8221;]facebook[\/et_pb_social_media_follow_network][\/et_pb_social_media_follow][et_pb_sidebar area=&#8221;et_pb_widget_area_9&#8243; _builder_version=&#8221;4.16&#8243; header_font=&#8221;||||||||&#8221; global_colors_info=&#8221;{}&#8221;]&nbsp;<br \/>\n[\/et_pb_sidebar][\/et_pb_column][et_pb_column type=&#8221;3_4&#8243; specialty_columns=&#8221;3&#8243; _builder_version=&#8221;4.16&#8243; custom_padding=&#8221;|||&#8221; global_colors_info=&#8221;{}&#8221; custom_padding__hover=&#8221;|||&#8221;][et_pb_row_inner admin_label=&#8221;Wiersz&#8221; _builder_version=&#8221;4.16&#8243; custom_padding=&#8221;27px|0px|27px|0|false|false&#8221; global_colors_info=&#8221;{}&#8221;][et_pb_column_inner saved_specialty_column_type=&#8221;3_4&#8243; _builder_version=&#8221;4.16&#8243; custom_padding=&#8221;|||&#8221; global_colors_info=&#8221;{}&#8221; custom_padding__hover=&#8221;|||&#8221;][et_pb_text _builder_version=&#8221;4.27.5&#8243; header_font=&#8221;||||||||&#8221; header_text_align=&#8221;center&#8221; header_text_color=&#8221;#0c71c3&#8243; header_line_height=&#8221;1.1em&#8221; custom_padding=&#8221;10px|10px|10px|20px&#8221; hover_enabled=&#8221;0&#8243; global_colors_info=&#8221;{}&#8221; sticky_enabled=&#8221;0&#8243;]<\/p>\n<h1 style=\"text-align: left;\"><span color=\"#0c71c3\">Kateter tulipanowy do Salpingografii i Hysterosalpingografii (HSG), jednorazowy, sterylny<\/span><\/h1>\n<h1 style=\"text-align: left;\"><span style=\"color: #0c71c3;\">\u00a0\u00a0<\/span><\/h1>\n<p>[\/et_pb_text][\/et_pb_column_inner][\/et_pb_row_inner][et_pb_row_inner column_structure=&#8221;1_2,1_2&#8243; admin_label=&#8221;Wiersz&#8221; _builder_version=&#8221;4.16&#8243; custom_padding=&#8221;27px|0px|28px|0px|false|false&#8221; global_colors_info=&#8221;{}&#8221;][et_pb_column_inner type=&#8221;1_2&#8243; saved_specialty_column_type=&#8221;3_4&#8243; _builder_version=&#8221;4.16&#8243; custom_padding=&#8221;|||&#8221; global_colors_info=&#8221;{}&#8221; custom_padding__hover=&#8221;|||&#8221;][et_pb_image src=&#8221;https:\/\/amed.net.pl\/wp-content\/uploads\/2019\/03\/Tulipan-4.jpg&#8221; align_tablet=&#8221;center&#8221; align_phone=&#8221;&#8221; align_last_edited=&#8221;on|desktop&#8221; _builder_version=&#8221;4.16&#8243; global_colors_info=&#8221;{}&#8221;]&nbsp;<br \/>\n[\/et_pb_image][\/et_pb_column_inner][et_pb_column_inner type=&#8221;1_2&#8243; saved_specialty_column_type=&#8221;3_4&#8243; _builder_version=&#8221;4.16&#8243; custom_padding=&#8221;|||&#8221; global_colors_info=&#8221;{}&#8221; custom_padding__hover=&#8221;|||&#8221;][et_pb_text _builder_version=&#8221;4.16&#8243; global_colors_info=&#8221;{}&#8221;]<\/p>\n<blockquote>\n<p><span><strong>Ka\u017cdy kateter zawiera:<\/strong><\/span><\/p>\n<ul>\n<li>\n<p><span>prze\u017aroczysty tulipan ze sto\u017ckowat\u0105 kaniul\u0105 w centralnej cz\u0119\u015bci oraz przew\u00f3d, kt\u00f3ry mo\u017cna pod\u0142\u0105czy\u0107 do systemu pr\u00f3\u017cniowego<\/span><\/p>\n<\/li>\n<li>\n<p><span>\u015brodkowy przew\u00f3d z zaworem odcinaj\u0105co-zamykaj\u0105cym do wprowadzenia \u015brodka kontrastuj\u0105cego<\/span><\/p>\n<\/li>\n<li>\n<p>ca\u0142y system zapewnia ca\u0142kowit\u0105 wodoszczelno\u015b\u0107 w obr\u0119bie szyjki macicy i zapobiega wyp\u0142yni\u0119ciu \u015brodka kontrastuj\u0105cego<\/p>\n<\/li>\n<li>\n<p>przew\u00f3d mo\u017cna dodatkowo wysun\u0105\u0107 przez tulipan dla \u0142atwiejszego wprowadzenia przez kana\u0142 szyjki macicy (dot. kateter\u00f3w AG.4.1.415)<\/p>\n<\/li>\n<\/ul>\n<\/blockquote>\n<p>[\/et_pb_text][\/et_pb_column_inner][\/et_pb_row_inner][et_pb_row_inner column_structure=&#8221;1_2,1_2&#8243; _builder_version=&#8221;4.16&#8243; global_colors_info=&#8221;{}&#8221;][et_pb_column_inner type=&#8221;1_2&#8243; saved_specialty_column_type=&#8221;3_4&#8243; _builder_version=&#8221;4.16&#8243; background_color=&#8221;#ffffff&#8221; custom_padding=&#8221;|||&#8221; global_colors_info=&#8221;{}&#8221; custom_padding__hover=&#8221;|||&#8221;][et_pb_text _builder_version=&#8221;4.16&#8243; text_font=&#8221;||||||||&#8221; text_text_color=&#8221;#ffffff&#8221; background_color=&#8221;#1172c1&#8243; custom_padding=&#8221;10px|10px||10px&#8221; global_colors_info=&#8221;{}&#8221;]<\/p>\n<h3 style=\"text-align: center;\"><span><strong><\/strong><\/span><\/h3>\n<h3 style=\"text-align: center;\"><span><strong>Zastosowanie<\/strong><\/span><\/h3>\n<p><span><strong><\/strong><\/span><\/p>\n<ul>\n<li><span data-scayt_word=\"diagnostyka\" data-scaytid=\"360\">diagnostyka<\/span><span>\u00a0<\/span><span data-scayt_word=\"niep\u0142odno\u015bci\" data-scaytid=\"356\">niep\u0142odno\u015bci<\/span><\/li>\n<li><span>ocena\u00a0dro\u017cno\u015bci\u00a0jajowod\u00f3w<\/span><\/li>\n<li><span data-scayt_word=\"diagnostyka\" data-scaytid=\"361\">diagnostyka<\/span><span>\u00a0<\/span><span data-scayt_word=\"nieprawid\u0142owego\" data-scaytid=\"366\">nieprawid\u0142owego krwawienia z macicy<\/span><\/li>\n<li><span data-scayt_word=\"diagnostyka\" data-scaytid=\"368\">diagnostyka<\/span><span>\u00a0<\/span><span data-scayt_word=\"nieprawid\u0142owo\u015bci\" data-scaytid=\"370\">nieprawid\u0142owo\u015bci<\/span><span>\u00a0<\/span><span data-scayt_word=\"menstruacyjnych\" data-scaytid=\"376\">menstruacyjnych<\/span><\/li>\n<li><span data-scayt_word=\"diagnostyka\" data-scaytid=\"369\">diagnostyka<\/span><span>\u00a0<\/span><span data-scayt_word=\"wielokrotnych\" data-scaytid=\"377\">wielokrotnych<\/span><span>\u00a0<\/span><span data-scayt_word=\"poronie\u0144\" data-scaytid=\"378\">poronie\u0144<\/span><\/li>\n<li><span data-scayt_word=\"diagnostyka\" data-scaytid=\"413\">diagnostyka<\/span><span>\u00a0<\/span><span data-scayt_word=\"nieprawid\u0142owo\u015bci\" data-scaytid=\"414\">nieprawid\u0142owo\u015bci<\/span><span>\u00a0<\/span><span data-scayt_word=\"macicy\" data-scaytid=\"415\">macicy<\/span><\/li>\n<\/ul>\n<p><span>\u00a0<\/span><\/p>\n<p>[\/et_pb_text][et_pb_cta button_url=&#8221;https:\/\/sklep.amed.net.pl\/pol_m_GINEKOLOGIA_Nieplodnosc_Diagnostyka-nieplodnosci-1268.html&#8221; button_text=&#8221;Odwied\u017a nasz SKLEP !&#8221; _builder_version=&#8221;4.16&#8243; header_level=&#8221;h3&#8243; header_font=&#8221;||||||||&#8221; header_text_align=&#8221;center&#8221; header_font_size=&#8221;27px&#8221; use_background_color=&#8221;off&#8221; custom_button=&#8221;on&#8221; button_text_size=&#8221;27px&#8221; button_text_color=&#8221;#e09900&#8243; button_font=&#8221;||||||||&#8221; button_alignment=&#8221;center&#8221; background_layout=&#8221;light&#8221; animation_style=&#8221;bounce&#8221; link_option_url=&#8221;https:\/\/sklep.amed.net.pl\/pol_m_GINEKOLOGIA_Nieplodnosc_Diagnostyka-nieplodnosci-1268.html&#8221; box_shadow_style_button=&#8221;preset2&#8243; global_colors_info=&#8221;{}&#8221;]<\/p>\n<h4><span><strong><em><\/em><\/strong><\/span><\/h4>\n<h4><span><strong><em><\/em><\/strong><\/span><\/h4>\n<h4><span><strong><em><\/em><\/strong><\/span><\/h4>\n<h4><span><strong><em><\/em><\/strong><\/span><\/h4>\n<p>[\/et_pb_cta][\/et_pb_column_inner][et_pb_column_inner type=&#8221;1_2&#8243; saved_specialty_column_type=&#8221;3_4&#8243; _builder_version=&#8221;4.16&#8243; custom_padding=&#8221;|||&#8221; global_colors_info=&#8221;{}&#8221; custom_padding__hover=&#8221;|||&#8221;][et_pb_text _builder_version=&#8221;4.16&#8243; text_font=&#8221;||||||||&#8221; text_text_color=&#8221;#ffffff&#8221; background_color=&#8221;#1172c1&#8243; custom_padding=&#8221;10px|10px||10px&#8221; global_colors_info=&#8221;{}&#8221;]<\/p>\n<p><span>Badanie HSG polega na otrzymaniu obrazu jamy macicy i jajowod\u00f3w przy u\u017cyciu promieni rentgenowskich. Obraz jamy macicy i jajowod\u00f3w otrzymuje si\u0119 poprzez wstrzykni\u0119cie do kana\u0142u rodnego kontrastu, kt\u00f3ry w spos\u00f3b znacz\u0105cy poch\u0142ania promienie rentgenowskie.<\/span><\/p>\n<p><span>Badanie to jest bezinwazyjnym sposobem umo\u017cliwiaj\u0105cym ocen\u0119 stanu jamy macicy (diagnozy zmian rozwojowych, niedorozwoju macicy, guz\u00f3w macicy), oszacowanie zmian b\u0142on \u015bluzowych czyli endometrium (obecno\u015bci polip\u00f3w, hipertrofii, zrost\u00f3w wewn\u0105trzmacicznych), a tak\u017ce ocen\u0119 dro\u017cno\u015bci i kszta\u0142tu jajowod\u00f3w oraz zmian w obszarze przydatk\u00f3w macicy (diagnoz\u0119 zrost\u00f3w oko\u0142oprzydatkowych). Badanie przeprowadzane jest w celu dok\u0142adnego okre\u015blenia specyfiki istniej\u0105cych zmian.<\/span><\/p>\n<p><span><\/span><\/p>\n<p>[\/et_pb_text][et_pb_image align_tablet=&#8221;center&#8221; align_phone=&#8221;&#8221; align_last_edited=&#8221;on|desktop&#8221; _builder_version=&#8221;4.16&#8243; global_colors_info=&#8221;{}&#8221;]&nbsp;<\/p>\n<p style=\"text-align: center;\">[\/et_pb_image][\/et_pb_column_inner][\/et_pb_row_inner][et_pb_row_inner _builder_version=&#8221;4.16&#8243; global_colors_info=&#8221;{}&#8221;][et_pb_column_inner saved_specialty_column_type=&#8221;3_4&#8243; _builder_version=&#8221;4.16&#8243; custom_padding=&#8221;|||&#8221; global_colors_info=&#8221;{}&#8221; custom_padding__hover=&#8221;|||&#8221;][et_pb_text _builder_version=&#8221;4.16&#8243; global_colors_info=&#8221;{}&#8221;]<\/p>\n<p><span><strong>Dost\u0119pnych pi\u0119\u0107 modeli kateter\u00f3w tulipanowych HSG:<\/strong><\/span><\/p>\n<table border=\"1\" width=\"611\">\n<tbody>\n<tr>\n<td><span>\u00a0Kod produktu<\/span><\/td>\n<td><span>\u00a0\u015arednica ko\u0144c\u00f3wki katetera<\/span><\/td>\n<td><span>Informacje<\/span><br \/><span>dodatkowe<\/span><\/td>\n<\/tr>\n<tr>\n<td><span>\u00a0AG.4.1.415.20<\/span><\/td>\n<td><span>\u00a020 mm<br \/><\/span><\/td>\n<td><span>\u00a0ruchomy kateter<\/span><span><\/span><\/td>\n<\/tr>\n<tr>\n<td><span>\u00a0AG.4.1.415.25<\/span><\/td>\n<td><span>25 mm<br \/><\/span><\/td>\n<td><span><\/span><span>\u00a0ruchomy kateter<\/span><\/td>\n<\/tr>\n<tr>\n<td><span>\u00a0AG.4.1.415.30<\/span><\/td>\n<td><span>30 mm<br \/><\/span><\/td>\n<td><span><\/span><span>\u00a0ruchomy kateter<\/span><\/td>\n<\/tr>\n<tr>\n<td><span>\u00a0AG.4.1.415.35<\/span><\/td>\n<td><span>35 mm<br \/><\/span><\/td>\n<td><span><\/span><span>\u00a0ruchomy kateter<\/span><\/td>\n<\/tr>\n<tr>\n<td><span>\u00a0AG.4.1.416<\/span><\/td>\n<td><span>20\/23 mm<br \/>23\/28 mm<br \/>28\/35 mm<br \/><\/span><\/td>\n<td><span>\u00a0trzy rozmiary tulipana<br \/>w jednym zestawie<br \/><\/span><span><\/span><\/td>\n<\/tr>\n<\/tbody>\n<\/table>\n<p>&nbsp;<\/p>\n<p>[\/et_pb_text][\/et_pb_column_inner][\/et_pb_row_inner][\/et_pb_column][\/et_pb_section]<\/p>\n","protected":false},"excerpt":{"rendered":"<p>&nbsp; &nbsp; Kateter tulipanowy do Salpingografii i Hysterosalpingografii (HSG), jednorazowy, sterylny \u00a0\u00a0&nbsp; Ka\u017cdy kateter zawiera: prze\u017aroczysty tulipan ze sto\u017ckowat\u0105 kaniul\u0105 w centralnej cz\u0119\u015bci oraz przew\u00f3d, kt\u00f3ry mo\u017cna pod\u0142\u0105czy\u0107 do systemu pr\u00f3\u017cniowego \u015brodkowy przew\u00f3d z zaworem odcinaj\u0105co-zamykaj\u0105cym do wprowadzenia \u015brodka kontrastuj\u0105cego ca\u0142y system zapewnia ca\u0142kowit\u0105 wodoszczelno\u015b\u0107 w obr\u0119bie szyjki macicy i zapobiega wyp\u0142yni\u0119ciu \u015brodka kontrastuj\u0105cego przew\u00f3d [&hellip;]<\/p>\n","protected":false},"author":2,"featured_media":0,"parent":2179,"menu_order":0,"comment_status":"closed","ping_status":"closed","template":"","meta":{"_et_pb_use_builder":"on","_et_pb_old_content":"","_et_gb_content_width":"","footnotes":""},"class_list":["post-2187","page","type-page","status-publish","hentry"],"yoast_head":"<!-- This site is optimized with the Yoast SEO plugin v27.5 - https:\/\/yoast.com\/product\/yoast-seo-wordpress\/ -->\n<title>Kateter do HSG tulipanowy - amed.net.pl<\/title>\n<meta name=\"robots\" content=\"index, follow, max-snippet:-1, max-image-preview:large, max-video-preview:-1\" \/>\n<link rel=\"canonical\" href=\"https:\/\/amed.net.pl\/index.php\/produkty\/nieplodnosc\/diagnostyka-nieplodnosci\/katetery-do-hsg\/kateter-do-hsg-tulipanowy\/\" \/>\n<meta property=\"og:locale\" content=\"pl_PL\" \/>\n<meta property=\"og:type\" content=\"article\" \/>\n<meta property=\"og:title\" content=\"Kateter do HSG tulipanowy - amed.net.pl\" \/>\n<meta property=\"og:description\" content=\"&nbsp; &nbsp; Kateter tulipanowy do Salpingografii i Hysterosalpingografii (HSG), jednorazowy, sterylny \u00a0\u00a0&nbsp; Ka\u017cdy kateter zawiera: prze\u017aroczysty tulipan ze sto\u017ckowat\u0105 kaniul\u0105 w centralnej cz\u0119\u015bci oraz przew\u00f3d, kt\u00f3ry mo\u017cna pod\u0142\u0105czy\u0107 do systemu pr\u00f3\u017cniowego \u015brodkowy przew\u00f3d z zaworem odcinaj\u0105co-zamykaj\u0105cym do wprowadzenia \u015brodka kontrastuj\u0105cego ca\u0142y system zapewnia ca\u0142kowit\u0105 wodoszczelno\u015b\u0107 w obr\u0119bie szyjki macicy i zapobiega wyp\u0142yni\u0119ciu \u015brodka kontrastuj\u0105cego przew\u00f3d [&hellip;]\" \/>\n<meta property=\"og:url\" content=\"https:\/\/amed.net.pl\/index.php\/produkty\/nieplodnosc\/diagnostyka-nieplodnosci\/katetery-do-hsg\/kateter-do-hsg-tulipanowy\/\" \/>\n<meta property=\"og:site_name\" content=\"amed.net.pl\" \/>\n<meta property=\"article:modified_time\" content=\"2026-02-18T20:44:06+00:00\" \/>\n<meta name=\"twitter:card\" content=\"summary_large_image\" \/>\n<meta name=\"twitter:label1\" content=\"Szacowany czas czytania\" \/>\n\t<meta name=\"twitter:data1\" content=\"5 minut\" \/>\n<script type=\"application\/ld+json\" class=\"yoast-schema-graph\">{\"@context\":\"https:\\\/\\\/schema.org\",\"@graph\":[{\"@type\":\"WebPage\",\"@id\":\"https:\\\/\\\/amed.net.pl\\\/index.php\\\/produkty\\\/nieplodnosc\\\/diagnostyka-nieplodnosci\\\/katetery-do-hsg\\\/kateter-do-hsg-tulipanowy\\\/\",\"url\":\"https:\\\/\\\/amed.net.pl\\\/index.php\\\/produkty\\\/nieplodnosc\\\/diagnostyka-nieplodnosci\\\/katetery-do-hsg\\\/kateter-do-hsg-tulipanowy\\\/\",\"name\":\"Kateter do HSG tulipanowy - amed.net.pl\",\"isPartOf\":{\"@id\":\"https:\\\/\\\/amed.net.pl\\\/#website\"},\"datePublished\":\"2019-01-13T22:02:17+00:00\",\"dateModified\":\"2026-02-18T20:44:06+00:00\",\"breadcrumb\":{\"@id\":\"https:\\\/\\\/amed.net.pl\\\/index.php\\\/produkty\\\/nieplodnosc\\\/diagnostyka-nieplodnosci\\\/katetery-do-hsg\\\/kateter-do-hsg-tulipanowy\\\/#breadcrumb\"},\"inLanguage\":\"pl-PL\",\"potentialAction\":[{\"@type\":\"ReadAction\",\"target\":[\"https:\\\/\\\/amed.net.pl\\\/index.php\\\/produkty\\\/nieplodnosc\\\/diagnostyka-nieplodnosci\\\/katetery-do-hsg\\\/kateter-do-hsg-tulipanowy\\\/\"]}]},{\"@type\":\"BreadcrumbList\",\"@id\":\"https:\\\/\\\/amed.net.pl\\\/index.php\\\/produkty\\\/nieplodnosc\\\/diagnostyka-nieplodnosci\\\/katetery-do-hsg\\\/kateter-do-hsg-tulipanowy\\\/#breadcrumb\",\"itemListElement\":[{\"@type\":\"ListItem\",\"position\":1,\"name\":\"Strona g\u0142\u00f3wna\",\"item\":\"https:\\\/\\\/amed.net.pl\\\/\"},{\"@type\":\"ListItem\",\"position\":2,\"name\":\"Produkty\",\"item\":\"https:\\\/\\\/amed.net.pl\\\/index.php\\\/produkty\\\/\"},{\"@type\":\"ListItem\",\"position\":3,\"name\":\"Niep\u0142odno\u015b\u0107\",\"item\":\"https:\\\/\\\/amed.net.pl\\\/index.php\\\/produkty\\\/nieplodnosc\\\/\"},{\"@type\":\"ListItem\",\"position\":4,\"name\":\"Diagnostyka niep\u0142odno\u015bci\",\"item\":\"https:\\\/\\\/amed.net.pl\\\/index.php\\\/produkty\\\/nieplodnosc\\\/diagnostyka-nieplodnosci\\\/\"},{\"@type\":\"ListItem\",\"position\":5,\"name\":\"Katetery do HSG\",\"item\":\"https:\\\/\\\/amed.net.pl\\\/index.php\\\/produkty\\\/nieplodnosc\\\/diagnostyka-nieplodnosci\\\/katetery-do-hsg\\\/\"},{\"@type\":\"ListItem\",\"position\":6,\"name\":\"Kateter do HSG tulipanowy\"}]},{\"@type\":\"WebSite\",\"@id\":\"https:\\\/\\\/amed.net.pl\\\/#website\",\"url\":\"https:\\\/\\\/amed.net.pl\\\/\",\"name\":\"amed.net.pl\",\"description\":\"Firma AMED - Lider w zaopatrzenie gabinet\u00f3w lekarskich: wzierniki ginekologiczne, wk\u0142adki wewn\u0105trzmaciczne, szczoteczki cytologiczne, cytologia, papiery USG, os\u0142onki do USG\",\"potentialAction\":[{\"@type\":\"SearchAction\",\"target\":{\"@type\":\"EntryPoint\",\"urlTemplate\":\"https:\\\/\\\/amed.net.pl\\\/?s={search_term_string}\"},\"query-input\":{\"@type\":\"PropertyValueSpecification\",\"valueRequired\":true,\"valueName\":\"search_term_string\"}}],\"inLanguage\":\"pl-PL\"}]}<\/script>\n<!-- \/ Yoast SEO plugin. -->","yoast_head_json":{"title":"Kateter do HSG tulipanowy - amed.net.pl","robots":{"index":"index","follow":"follow","max-snippet":"max-snippet:-1","max-image-preview":"max-image-preview:large","max-video-preview":"max-video-preview:-1"},"canonical":"https:\/\/amed.net.pl\/index.php\/produkty\/nieplodnosc\/diagnostyka-nieplodnosci\/katetery-do-hsg\/kateter-do-hsg-tulipanowy\/","og_locale":"pl_PL","og_type":"article","og_title":"Kateter do HSG tulipanowy - amed.net.pl","og_description":"&nbsp; &nbsp; Kateter tulipanowy do Salpingografii i Hysterosalpingografii (HSG), jednorazowy, sterylny \u00a0\u00a0&nbsp; Ka\u017cdy kateter zawiera: prze\u017aroczysty tulipan ze sto\u017ckowat\u0105 kaniul\u0105 w centralnej cz\u0119\u015bci oraz przew\u00f3d, kt\u00f3ry mo\u017cna pod\u0142\u0105czy\u0107 do systemu pr\u00f3\u017cniowego \u015brodkowy przew\u00f3d z zaworem odcinaj\u0105co-zamykaj\u0105cym do wprowadzenia \u015brodka kontrastuj\u0105cego ca\u0142y system zapewnia ca\u0142kowit\u0105 wodoszczelno\u015b\u0107 w obr\u0119bie szyjki macicy i zapobiega wyp\u0142yni\u0119ciu \u015brodka kontrastuj\u0105cego przew\u00f3d [&hellip;]","og_url":"https:\/\/amed.net.pl\/index.php\/produkty\/nieplodnosc\/diagnostyka-nieplodnosci\/katetery-do-hsg\/kateter-do-hsg-tulipanowy\/","og_site_name":"amed.net.pl","article_modified_time":"2026-02-18T20:44:06+00:00","twitter_card":"summary_large_image","twitter_misc":{"Szacowany czas czytania":"5 minut"},"schema":{"@context":"https:\/\/schema.org","@graph":[{"@type":"WebPage","@id":"https:\/\/amed.net.pl\/index.php\/produkty\/nieplodnosc\/diagnostyka-nieplodnosci\/katetery-do-hsg\/kateter-do-hsg-tulipanowy\/","url":"https:\/\/amed.net.pl\/index.php\/produkty\/nieplodnosc\/diagnostyka-nieplodnosci\/katetery-do-hsg\/kateter-do-hsg-tulipanowy\/","name":"Kateter do HSG tulipanowy - amed.net.pl","isPartOf":{"@id":"https:\/\/amed.net.pl\/#website"},"datePublished":"2019-01-13T22:02:17+00:00","dateModified":"2026-02-18T20:44:06+00:00","breadcrumb":{"@id":"https:\/\/amed.net.pl\/index.php\/produkty\/nieplodnosc\/diagnostyka-nieplodnosci\/katetery-do-hsg\/kateter-do-hsg-tulipanowy\/#breadcrumb"},"inLanguage":"pl-PL","potentialAction":[{"@type":"ReadAction","target":["https:\/\/amed.net.pl\/index.php\/produkty\/nieplodnosc\/diagnostyka-nieplodnosci\/katetery-do-hsg\/kateter-do-hsg-tulipanowy\/"]}]},{"@type":"BreadcrumbList","@id":"https:\/\/amed.net.pl\/index.php\/produkty\/nieplodnosc\/diagnostyka-nieplodnosci\/katetery-do-hsg\/kateter-do-hsg-tulipanowy\/#breadcrumb","itemListElement":[{"@type":"ListItem","position":1,"name":"Strona g\u0142\u00f3wna","item":"https:\/\/amed.net.pl\/"},{"@type":"ListItem","position":2,"name":"Produkty","item":"https:\/\/amed.net.pl\/index.php\/produkty\/"},{"@type":"ListItem","position":3,"name":"Niep\u0142odno\u015b\u0107","item":"https:\/\/amed.net.pl\/index.php\/produkty\/nieplodnosc\/"},{"@type":"ListItem","position":4,"name":"Diagnostyka niep\u0142odno\u015bci","item":"https:\/\/amed.net.pl\/index.php\/produkty\/nieplodnosc\/diagnostyka-nieplodnosci\/"},{"@type":"ListItem","position":5,"name":"Katetery do HSG","item":"https:\/\/amed.net.pl\/index.php\/produkty\/nieplodnosc\/diagnostyka-nieplodnosci\/katetery-do-hsg\/"},{"@type":"ListItem","position":6,"name":"Kateter do HSG tulipanowy"}]},{"@type":"WebSite","@id":"https:\/\/amed.net.pl\/#website","url":"https:\/\/amed.net.pl\/","name":"amed.net.pl","description":"Firma AMED - Lider w zaopatrzenie gabinet\u00f3w lekarskich: wzierniki ginekologiczne, wk\u0142adki wewn\u0105trzmaciczne, szczoteczki cytologiczne, cytologia, papiery USG, os\u0142onki do USG","potentialAction":[{"@type":"SearchAction","target":{"@type":"EntryPoint","urlTemplate":"https:\/\/amed.net.pl\/?s={search_term_string}"},"query-input":{"@type":"PropertyValueSpecification","valueRequired":true,"valueName":"search_term_string"}}],"inLanguage":"pl-PL"}]}},"_links":{"self":[{"href":"https:\/\/amed.net.pl\/index.php\/wp-json\/wp\/v2\/pages\/2187","targetHints":{"allow":["GET"]}}],"collection":[{"href":"https:\/\/amed.net.pl\/index.php\/wp-json\/wp\/v2\/pages"}],"about":[{"href":"https:\/\/amed.net.pl\/index.php\/wp-json\/wp\/v2\/types\/page"}],"author":[{"embeddable":true,"href":"https:\/\/amed.net.pl\/index.php\/wp-json\/wp\/v2\/users\/2"}],"replies":[{"embeddable":true,"href":"https:\/\/amed.net.pl\/index.php\/wp-json\/wp\/v2\/comments?post=2187"}],"version-history":[{"count":7,"href":"https:\/\/amed.net.pl\/index.php\/wp-json\/wp\/v2\/pages\/2187\/revisions"}],"predecessor-version":[{"id":5510,"href":"https:\/\/amed.net.pl\/index.php\/wp-json\/wp\/v2\/pages\/2187\/revisions\/5510"}],"up":[{"embeddable":true,"href":"https:\/\/amed.net.pl\/index.php\/wp-json\/wp\/v2\/pages\/2179"}],"wp:attachment":[{"href":"https:\/\/amed.net.pl\/index.php\/wp-json\/wp\/v2\/media?parent=2187"}],"curies":[{"name":"wp","href":"https:\/\/api.w.org\/{rel}","templated":true}]}}