{"id":1823,"date":"2018-08-28T16:52:27","date_gmt":"2018-08-28T14:52:27","guid":{"rendered":"http:\/\/wp.amed.net.pl\/?page_id=1823"},"modified":"2026-02-18T19:58:08","modified_gmt":"2026-02-18T18:58:08","slug":"biopsgyn-kateter-do-biopsji-aspiracyjnej-endometrium-typu-endosampler","status":"publish","type":"page","link":"https:\/\/amed.net.pl\/index.php\/produkty\/ginekologia-i-poloznictwo\/biopsgyn-kateter-do-biopsji-aspiracyjnej-endometrium-typu-endosampler\/","title":{"rendered":"BIOPSGYN Kateter do biopsji aspiracyjnej endometrium typu endosampler"},"content":{"rendered":"<p>[et_pb_section fb_built=&#8221;1&#8243; specialty=&#8221;on&#8221; _builder_version=&#8221;4.16&#8243; custom_padding=&#8221;18px|0px|50.5125px|0px|false|false&#8221; global_colors_info=&#8221;{}&#8221;][et_pb_column type=&#8221;1_4&#8243; _builder_version=&#8221;4.16&#8243; custom_padding=&#8221;|||&#8221; global_colors_info=&#8221;{}&#8221; custom_padding__hover=&#8221;|||&#8221;][et_pb_search _builder_version=&#8221;4.16&#8243; global_colors_info=&#8221;{}&#8221; button_text_size__hover_enabled=&#8221;off&#8221; button_one_text_size__hover_enabled=&#8221;off&#8221; button_two_text_size__hover_enabled=&#8221;off&#8221; button_text_color__hover_enabled=&#8221;off&#8221; button_one_text_color__hover_enabled=&#8221;off&#8221; button_two_text_color__hover_enabled=&#8221;off&#8221; button_border_width__hover_enabled=&#8221;off&#8221; button_one_border_width__hover_enabled=&#8221;off&#8221; button_two_border_width__hover_enabled=&#8221;off&#8221; button_border_color__hover_enabled=&#8221;off&#8221; button_one_border_color__hover_enabled=&#8221;off&#8221; button_two_border_color__hover_enabled=&#8221;off&#8221; button_border_radius__hover_enabled=&#8221;off&#8221; button_one_border_radius__hover_enabled=&#8221;off&#8221; button_two_border_radius__hover_enabled=&#8221;off&#8221; button_letter_spacing__hover_enabled=&#8221;off&#8221; button_one_letter_spacing__hover_enabled=&#8221;off&#8221; button_two_letter_spacing__hover_enabled=&#8221;off&#8221; button_bg_color__hover_enabled=&#8221;off&#8221; button_one_bg_color__hover_enabled=&#8221;off&#8221; button_two_bg_color__hover_enabled=&#8221;off&#8221;][\/et_pb_search][et_pb_social_media_follow follow_button=&#8221;on&#8221; _builder_version=&#8221;4.16&#8243; background_layout=&#8221;dark&#8221; global_colors_info=&#8221;{}&#8221;][et_pb_social_media_follow_network social_network=&#8221;facebook&#8221; url=&#8221;https:\/\/www.facebook.com\/AmedPolska\/&#8221; _builder_version=&#8221;4.16&#8243; background_color=&#8221;#e09900&#8243; global_colors_info=&#8221;{}&#8221; follow_button=&#8221;on&#8221; url_new_window=&#8221;on&#8221;]facebook[\/et_pb_social_media_follow_network][\/et_pb_social_media_follow][et_pb_sidebar area=&#8221;et_pb_widget_area_7&#8243; _builder_version=&#8221;4.16&#8243; global_colors_info=&#8221;{}&#8221;][\/et_pb_sidebar][\/et_pb_column][et_pb_column type=&#8221;3_4&#8243; specialty_columns=&#8221;3&#8243; _builder_version=&#8221;4.16&#8243; custom_padding=&#8221;|||&#8221; global_colors_info=&#8221;{}&#8221; custom_padding__hover=&#8221;|||&#8221;][et_pb_row_inner _builder_version=&#8221;4.16&#8243; custom_padding=&#8221;0|0px|0|0px|false|false&#8221; global_colors_info=&#8221;{}&#8221;][et_pb_column_inner saved_specialty_column_type=&#8221;3_4&#8243; _builder_version=&#8221;4.16&#8243; custom_padding=&#8221;|||&#8221; global_colors_info=&#8221;{}&#8221; custom_padding__hover=&#8221;|||&#8221;][et_pb_image src=&#8221;https:\/\/amed.net.pl\/wp-content\/uploads\/2019\/04\/Original-4.jpg&#8221; align_tablet=&#8221;center&#8221; align_phone=&#8221;&#8221; align_last_edited=&#8221;on|desktop&#8221; _builder_version=&#8221;4.16&#8243; max_width=&#8221;50%&#8221; global_colors_info=&#8221;{}&#8221;][\/et_pb_image][\/et_pb_column_inner][\/et_pb_row_inner][et_pb_row_inner admin_label=&#8221;Wiersz&#8221; _builder_version=&#8221;4.16&#8243; custom_padding=&#8221;27px|0px|27px|0px|false|false&#8221; global_colors_info=&#8221;{}&#8221;][et_pb_column_inner saved_specialty_column_type=&#8221;3_4&#8243; _builder_version=&#8221;4.16&#8243; custom_padding=&#8221;|||&#8221; global_colors_info=&#8221;{}&#8221; custom_padding__hover=&#8221;|||&#8221;][et_pb_text _builder_version=&#8221;4.27.5&#8243; custom_padding=&#8221;10px|10px|10px|20px&#8221; global_colors_info=&#8221;{}&#8221;]<\/p>\n<h1 style=\"text-align: left;\"><span style=\"font-family: 'Cormorant Upright'; font-weight: normal;\"><span color=\"#0c71c3\" style=\"color: #0c71c3;\">BIOPS G Y N <\/span><\/span><span style=\"color: #0c71c3;\">Kateter do biopsji endometrium ze strzykawk\u0105 typ-Y<\/span><\/h1>\n<h1 style=\"text-align: left;\"><span style=\"color: #0c71c3;\"> \/odpowiednik ENDOSAMPLER\/<\/span><\/h1>\n<p>[\/et_pb_text][\/et_pb_column_inner][\/et_pb_row_inner][et_pb_row_inner column_structure=&#8221;1_2,1_2&#8243; admin_label=&#8221;Wiersz&#8221; _builder_version=&#8221;4.16&#8243; global_colors_info=&#8221;{}&#8221;][et_pb_column_inner type=&#8221;1_2&#8243; saved_specialty_column_type=&#8221;3_4&#8243; _builder_version=&#8221;4.16&#8243; custom_padding=&#8221;|||&#8221; global_colors_info=&#8221;{}&#8221; custom_padding__hover=&#8221;|||&#8221;][et_pb_image src=&#8221;https:\/\/amed.net.pl\/wp-content\/uploads\/2018\/08\/Endosampler-2.jpg&#8221; align_tablet=&#8221;center&#8221; align_phone=&#8221;&#8221; align_last_edited=&#8221;on|desktop&#8221; _builder_version=&#8221;4.16&#8243; global_colors_info=&#8221;{}&#8221;][\/et_pb_image][et_pb_cta button_url=&#8221;https:\/\/sklep.amed.net.pl\/pol_m_GINEKOLOGIA_Diagnostyka-i-biopsja-555.html&#8221; url_new_window=&#8221;on&#8221; button_text=&#8221;Odwied\u017a nasz SKLEP!&#8221; _builder_version=&#8221;4.16&#8243; header_level=&#8221;h3&#8243; header_font=&#8221;||||||||&#8221; header_text_align=&#8221;center&#8221; header_font_size=&#8221;27px&#8221; use_background_color=&#8221;off&#8221; custom_button=&#8221;on&#8221; button_text_color=&#8221;#e09900&#8243; button_font=&#8221;||||||||&#8221; background_layout=&#8221;light&#8221; animation_style=&#8221;bounce&#8221; link_option_url=&#8221;https:\/\/sklep.amed.net.pl\/pol_m_GINEKOLOGIA_Diagnostyka-i-biopsja-555.html&#8221; link_option_url_new_window=&#8221;on&#8221; global_colors_info=&#8221;{}&#8221;]<\/p>\n<h4><strong>Pe\u0142na oferta narz\u0119dzi jednorazowych<\/strong><\/h4>\n<p>[\/et_pb_cta][\/et_pb_column_inner][et_pb_column_inner type=&#8221;1_2&#8243; saved_specialty_column_type=&#8221;3_4&#8243; _builder_version=&#8221;4.16&#8243; custom_padding=&#8221;|||&#8221; global_colors_info=&#8221;{}&#8221; custom_padding__hover=&#8221;|||&#8221;][et_pb_text _builder_version=&#8221;4.27.5&#8243; text_font=&#8221;||||||||&#8221; header_font=&#8221;||||||||&#8221; header_line_height=&#8221;1.2em&#8221; header_5_font=&#8221;||||||||&#8221; text_orientation=&#8221;center&#8221; custom_margin=&#8221;|||&#8221; custom_padding=&#8221;|10px||&#8221; inline_fonts=&#8221;Abel&#8221; global_colors_info=&#8221;{}&#8221;]<\/p>\n<p style=\"text-align: center;\">Kateter ze strzykawk\u0105 jest\u00a0sterylnym kateterem\u00a0jednorazowego u\u017cytku,\u00a0przeznaczony do zastosowa\u0144 diagnostycznych i leczniczych stan\u00f3w macicy.<\/p>\n<p style=\"text-align: center;\">Kateter s\u0142u\u017cy do pobierania wyra\u017anie zr\u00f3\u017cnicowanych pr\u00f3bek tkanki endometrialnej bez znieczulenia w plac\u00f3wce ambulatoryjnej lub w gabinecie. Pr\u00f3bka jest wykorzystywana do postawienia diagnozy cytologicznej i histopatologicznej.<\/p>\n<p style=\"text-align: center;\">Kateter ma kszta\u0142t lekko wygi\u0119ty, a na jednej stronie znajduje si\u0119 otw\u00f3r do pobierania pr\u00f3bek tkanki ze wszystkich obszar\u00f3w \u015bluz\u00f3wki w jamie macicy, w tym z rog\u00f3w macicy.<\/p>\n<p>[\/et_pb_text][\/et_pb_column_inner][\/et_pb_row_inner][et_pb_row_inner column_structure=&#8221;1_2,1_2&#8243; _builder_version=&#8221;4.16&#8243; global_colors_info=&#8221;{}&#8221;][et_pb_column_inner type=&#8221;1_2&#8243; saved_specialty_column_type=&#8221;3_4&#8243; _builder_version=&#8221;4.16&#8243; custom_padding=&#8221;|||&#8221; global_colors_info=&#8221;{}&#8221; custom_padding__hover=&#8221;|||&#8221;][et_pb_text _builder_version=&#8221;4.27.5&#8243; custom_margin=&#8221;|||&#8221; custom_padding=&#8221;5px||5px|&#8221; global_colors_info=&#8221;{}&#8221;]<\/p>\n<blockquote>\n<ul>\n<li><span style=\"font-size: 14px;\">mechanizm zapobiegaj\u0105cy cofni\u0119ciu wprowadzanego p\u0142ynu<\/span><\/li>\n<li><span style=\"font-size: 14px;\">powi\u0119kszony otw\u00f3r na zako\u0144czeniu katetera dla skuteczniejszego pobierania materia\u0142u<\/span><\/li>\n<li><span style=\"font-size: 14px;\">\u201ezamkni\u0119ty\u201d system zapobiega zanieczyszczeniu pobranego materia\u0142u<\/span><\/li>\n<li><span style=\"font-size: 14px;\">jednorazowy, sterylny<\/span><\/li>\n<\/ul>\n<\/blockquote>\n<p>[\/et_pb_text][\/et_pb_column_inner][et_pb_column_inner type=&#8221;1_2&#8243; saved_specialty_column_type=&#8221;3_4&#8243; _builder_version=&#8221;4.16&#8243; custom_padding=&#8221;|||&#8221; global_colors_info=&#8221;{}&#8221; custom_padding__hover=&#8221;|||&#8221;][et_pb_text _builder_version=&#8221;4.27.5&#8243; custom_margin=&#8221;|||&#8221; custom_padding=&#8221;5px||5px|&#8221; global_colors_info=&#8221;{}&#8221;]<\/p>\n<blockquote>\n<ul>\n<li>kateter o \u015brednicy 3 mm i strzykawka luer-lock 10ml<\/li>\n<li>skala centymetrowa na kateterze<\/li>\n<li>p\u00f3\u0142sztywny formowalny kateter \u2013 \u0142atwiejsze wprowadzenie i wstrzykni\u0119cie \u015brodka kontrastuj\u0105cego<\/li>\n<li>wygi\u0119ta konstrukcja u\u0142atwiaj\u0105ca manipulacj\u0119<\/li>\n<\/ul>\n<\/blockquote>\n<p>[\/et_pb_text][\/et_pb_column_inner][\/et_pb_row_inner][et_pb_row_inner _builder_version=&#8221;4.16&#8243; custom_padding=&#8221;0|0px|0|0px|false|false&#8221; global_colors_info=&#8221;{}&#8221;][et_pb_column_inner saved_specialty_column_type=&#8221;3_4&#8243; _builder_version=&#8221;4.16&#8243; custom_padding=&#8221;|||&#8221; global_colors_info=&#8221;{}&#8221; custom_padding__hover=&#8221;|||&#8221;][et_pb_image src=&#8221;https:\/\/amed.net.pl\/wp-content\/uploads\/2019\/04\/Original-4.jpg&#8221; align_tablet=&#8221;center&#8221; align_phone=&#8221;&#8221; align_last_edited=&#8221;on|desktop&#8221; _builder_version=&#8221;4.16&#8243; max_width=&#8221;50%&#8221; global_colors_info=&#8221;{}&#8221;][\/et_pb_image][\/et_pb_column_inner][\/et_pb_row_inner][\/et_pb_column][\/et_pb_section]<\/p>\n","protected":false},"excerpt":{"rendered":"<p>BIOPS G Y N Kateter do biopsji endometrium ze strzykawk\u0105 typ-Y \/odpowiednik ENDOSAMPLER\/Pe\u0142na oferta narz\u0119dzi jednorazowychKateter ze strzykawk\u0105 jest\u00a0sterylnym kateterem\u00a0jednorazowego u\u017cytku,\u00a0przeznaczony do zastosowa\u0144 diagnostycznych i leczniczych stan\u00f3w macicy. Kateter s\u0142u\u017cy do pobierania wyra\u017anie zr\u00f3\u017cnicowanych pr\u00f3bek tkanki endometrialnej bez znieczulenia w plac\u00f3wce ambulatoryjnej lub w gabinecie. Pr\u00f3bka jest wykorzystywana do postawienia diagnozy cytologicznej i histopatologicznej. Kateter [&hellip;]<\/p>\n","protected":false},"author":2,"featured_media":0,"parent":344,"menu_order":0,"comment_status":"closed","ping_status":"closed","template":"","meta":{"_et_pb_use_builder":"on","_et_pb_old_content":"","_et_gb_content_width":"","footnotes":""},"class_list":["post-1823","page","type-page","status-publish","hentry"],"yoast_head":"<!-- This site is optimized with the Yoast SEO plugin v27.4 - https:\/\/yoast.com\/product\/yoast-seo-wordpress\/ -->\n<title>BIOPSGYN Kateter do biopsji aspiracyjnej endometrium typu endosampler<\/title>\n<meta name=\"description\" content=\"Kateter ze strzykawk\u0105 typu endosampler jest przeznaczony do zastosowa\u0144 diagnostycznych i leczniczych stan\u00f3w macicy.\" \/>\n<meta name=\"robots\" content=\"index, follow, max-snippet:-1, max-image-preview:large, max-video-preview:-1\" \/>\n<link rel=\"canonical\" href=\"https:\/\/amed.net.pl\/index.php\/produkty\/ginekologia-i-poloznictwo\/biopsgyn-kateter-do-biopsji-aspiracyjnej-endometrium-typu-endosampler\/\" \/>\n<meta property=\"og:locale\" content=\"pl_PL\" \/>\n<meta property=\"og:type\" content=\"article\" \/>\n<meta property=\"og:title\" content=\"BIOPSGYN Kateter do biopsji aspiracyjnej endometrium typu endosampler\" \/>\n<meta property=\"og:description\" content=\"Kateter ze strzykawk\u0105 typu endosampler jest przeznaczony do zastosowa\u0144 diagnostycznych i leczniczych stan\u00f3w macicy.\" \/>\n<meta property=\"og:url\" content=\"https:\/\/amed.net.pl\/index.php\/produkty\/ginekologia-i-poloznictwo\/biopsgyn-kateter-do-biopsji-aspiracyjnej-endometrium-typu-endosampler\/\" \/>\n<meta property=\"og:site_name\" content=\"amed.net.pl\" \/>\n<meta property=\"article:modified_time\" content=\"2026-02-18T18:58:08+00:00\" \/>\n<meta name=\"twitter:card\" content=\"summary_large_image\" \/>\n<meta name=\"twitter:label1\" content=\"Szacowany czas czytania\" \/>\n\t<meta name=\"twitter:data1\" content=\"5 minut\" \/>\n<script type=\"application\/ld+json\" class=\"yoast-schema-graph\">{\"@context\":\"https:\\\/\\\/schema.org\",\"@graph\":[{\"@type\":\"WebPage\",\"@id\":\"https:\\\/\\\/amed.net.pl\\\/index.php\\\/produkty\\\/ginekologia-i-poloznictwo\\\/biopsgyn-kateter-do-biopsji-aspiracyjnej-endometrium-typu-endosampler\\\/\",\"url\":\"https:\\\/\\\/amed.net.pl\\\/index.php\\\/produkty\\\/ginekologia-i-poloznictwo\\\/biopsgyn-kateter-do-biopsji-aspiracyjnej-endometrium-typu-endosampler\\\/\",\"name\":\"BIOPSGYN Kateter do biopsji aspiracyjnej endometrium typu endosampler\",\"isPartOf\":{\"@id\":\"https:\\\/\\\/amed.net.pl\\\/#website\"},\"datePublished\":\"2018-08-28T14:52:27+00:00\",\"dateModified\":\"2026-02-18T18:58:08+00:00\",\"description\":\"Kateter ze strzykawk\u0105 typu endosampler jest przeznaczony do zastosowa\u0144 diagnostycznych i leczniczych stan\u00f3w macicy.\",\"breadcrumb\":{\"@id\":\"https:\\\/\\\/amed.net.pl\\\/index.php\\\/produkty\\\/ginekologia-i-poloznictwo\\\/biopsgyn-kateter-do-biopsji-aspiracyjnej-endometrium-typu-endosampler\\\/#breadcrumb\"},\"inLanguage\":\"pl-PL\",\"potentialAction\":[{\"@type\":\"ReadAction\",\"target\":[\"https:\\\/\\\/amed.net.pl\\\/index.php\\\/produkty\\\/ginekologia-i-poloznictwo\\\/biopsgyn-kateter-do-biopsji-aspiracyjnej-endometrium-typu-endosampler\\\/\"]}]},{\"@type\":\"BreadcrumbList\",\"@id\":\"https:\\\/\\\/amed.net.pl\\\/index.php\\\/produkty\\\/ginekologia-i-poloznictwo\\\/biopsgyn-kateter-do-biopsji-aspiracyjnej-endometrium-typu-endosampler\\\/#breadcrumb\",\"itemListElement\":[{\"@type\":\"ListItem\",\"position\":1,\"name\":\"Strona g\u0142\u00f3wna\",\"item\":\"https:\\\/\\\/amed.net.pl\\\/\"},{\"@type\":\"ListItem\",\"position\":2,\"name\":\"Produkty\",\"item\":\"https:\\\/\\\/amed.net.pl\\\/index.php\\\/produkty\\\/\"},{\"@type\":\"ListItem\",\"position\":3,\"name\":\"Ginekologia i Po\u0142o\u017cnictwo\",\"item\":\"https:\\\/\\\/amed.net.pl\\\/index.php\\\/produkty\\\/ginekologia-i-poloznictwo\\\/\"},{\"@type\":\"ListItem\",\"position\":4,\"name\":\"BIOPSGYN Kateter do biopsji aspiracyjnej endometrium typu endosampler\"}]},{\"@type\":\"WebSite\",\"@id\":\"https:\\\/\\\/amed.net.pl\\\/#website\",\"url\":\"https:\\\/\\\/amed.net.pl\\\/\",\"name\":\"amed.net.pl\",\"description\":\"Firma AMED - Lider w zaopatrzenie gabinet\u00f3w lekarskich: wzierniki ginekologiczne, wk\u0142adki wewn\u0105trzmaciczne, szczoteczki cytologiczne, cytologia, papiery USG, os\u0142onki do USG\",\"potentialAction\":[{\"@type\":\"SearchAction\",\"target\":{\"@type\":\"EntryPoint\",\"urlTemplate\":\"https:\\\/\\\/amed.net.pl\\\/?s={search_term_string}\"},\"query-input\":{\"@type\":\"PropertyValueSpecification\",\"valueRequired\":true,\"valueName\":\"search_term_string\"}}],\"inLanguage\":\"pl-PL\"}]}<\/script>\n<!-- \/ Yoast SEO plugin. -->","yoast_head_json":{"title":"BIOPSGYN Kateter do biopsji aspiracyjnej endometrium typu endosampler","description":"Kateter ze strzykawk\u0105 typu endosampler jest przeznaczony do zastosowa\u0144 diagnostycznych i leczniczych stan\u00f3w macicy.","robots":{"index":"index","follow":"follow","max-snippet":"max-snippet:-1","max-image-preview":"max-image-preview:large","max-video-preview":"max-video-preview:-1"},"canonical":"https:\/\/amed.net.pl\/index.php\/produkty\/ginekologia-i-poloznictwo\/biopsgyn-kateter-do-biopsji-aspiracyjnej-endometrium-typu-endosampler\/","og_locale":"pl_PL","og_type":"article","og_title":"BIOPSGYN Kateter do biopsji aspiracyjnej endometrium typu endosampler","og_description":"Kateter ze strzykawk\u0105 typu endosampler jest przeznaczony do zastosowa\u0144 diagnostycznych i leczniczych stan\u00f3w macicy.","og_url":"https:\/\/amed.net.pl\/index.php\/produkty\/ginekologia-i-poloznictwo\/biopsgyn-kateter-do-biopsji-aspiracyjnej-endometrium-typu-endosampler\/","og_site_name":"amed.net.pl","article_modified_time":"2026-02-18T18:58:08+00:00","twitter_card":"summary_large_image","twitter_misc":{"Szacowany czas czytania":"5 minut"},"schema":{"@context":"https:\/\/schema.org","@graph":[{"@type":"WebPage","@id":"https:\/\/amed.net.pl\/index.php\/produkty\/ginekologia-i-poloznictwo\/biopsgyn-kateter-do-biopsji-aspiracyjnej-endometrium-typu-endosampler\/","url":"https:\/\/amed.net.pl\/index.php\/produkty\/ginekologia-i-poloznictwo\/biopsgyn-kateter-do-biopsji-aspiracyjnej-endometrium-typu-endosampler\/","name":"BIOPSGYN Kateter do biopsji aspiracyjnej endometrium typu endosampler","isPartOf":{"@id":"https:\/\/amed.net.pl\/#website"},"datePublished":"2018-08-28T14:52:27+00:00","dateModified":"2026-02-18T18:58:08+00:00","description":"Kateter ze strzykawk\u0105 typu endosampler jest przeznaczony do zastosowa\u0144 diagnostycznych i leczniczych stan\u00f3w macicy.","breadcrumb":{"@id":"https:\/\/amed.net.pl\/index.php\/produkty\/ginekologia-i-poloznictwo\/biopsgyn-kateter-do-biopsji-aspiracyjnej-endometrium-typu-endosampler\/#breadcrumb"},"inLanguage":"pl-PL","potentialAction":[{"@type":"ReadAction","target":["https:\/\/amed.net.pl\/index.php\/produkty\/ginekologia-i-poloznictwo\/biopsgyn-kateter-do-biopsji-aspiracyjnej-endometrium-typu-endosampler\/"]}]},{"@type":"BreadcrumbList","@id":"https:\/\/amed.net.pl\/index.php\/produkty\/ginekologia-i-poloznictwo\/biopsgyn-kateter-do-biopsji-aspiracyjnej-endometrium-typu-endosampler\/#breadcrumb","itemListElement":[{"@type":"ListItem","position":1,"name":"Strona g\u0142\u00f3wna","item":"https:\/\/amed.net.pl\/"},{"@type":"ListItem","position":2,"name":"Produkty","item":"https:\/\/amed.net.pl\/index.php\/produkty\/"},{"@type":"ListItem","position":3,"name":"Ginekologia i Po\u0142o\u017cnictwo","item":"https:\/\/amed.net.pl\/index.php\/produkty\/ginekologia-i-poloznictwo\/"},{"@type":"ListItem","position":4,"name":"BIOPSGYN Kateter do biopsji aspiracyjnej endometrium typu endosampler"}]},{"@type":"WebSite","@id":"https:\/\/amed.net.pl\/#website","url":"https:\/\/amed.net.pl\/","name":"amed.net.pl","description":"Firma AMED - Lider w zaopatrzenie gabinet\u00f3w lekarskich: wzierniki ginekologiczne, wk\u0142adki wewn\u0105trzmaciczne, szczoteczki cytologiczne, cytologia, papiery USG, os\u0142onki do USG","potentialAction":[{"@type":"SearchAction","target":{"@type":"EntryPoint","urlTemplate":"https:\/\/amed.net.pl\/?s={search_term_string}"},"query-input":{"@type":"PropertyValueSpecification","valueRequired":true,"valueName":"search_term_string"}}],"inLanguage":"pl-PL"}]}},"_links":{"self":[{"href":"https:\/\/amed.net.pl\/index.php\/wp-json\/wp\/v2\/pages\/1823","targetHints":{"allow":["GET"]}}],"collection":[{"href":"https:\/\/amed.net.pl\/index.php\/wp-json\/wp\/v2\/pages"}],"about":[{"href":"https:\/\/amed.net.pl\/index.php\/wp-json\/wp\/v2\/types\/page"}],"author":[{"embeddable":true,"href":"https:\/\/amed.net.pl\/index.php\/wp-json\/wp\/v2\/users\/2"}],"replies":[{"embeddable":true,"href":"https:\/\/amed.net.pl\/index.php\/wp-json\/wp\/v2\/comments?post=1823"}],"version-history":[{"count":37,"href":"https:\/\/amed.net.pl\/index.php\/wp-json\/wp\/v2\/pages\/1823\/revisions"}],"predecessor-version":[{"id":5467,"href":"https:\/\/amed.net.pl\/index.php\/wp-json\/wp\/v2\/pages\/1823\/revisions\/5467"}],"up":[{"embeddable":true,"href":"https:\/\/amed.net.pl\/index.php\/wp-json\/wp\/v2\/pages\/344"}],"wp:attachment":[{"href":"https:\/\/amed.net.pl\/index.php\/wp-json\/wp\/v2\/media?parent=1823"}],"curies":[{"name":"wp","href":"https:\/\/api.w.org\/{rel}","templated":true}]}}