{"id":1624,"date":"2018-05-03T17:14:44","date_gmt":"2018-05-03T15:14:44","guid":{"rendered":"http:\/\/wp.amed.net.pl\/?page_id=1624"},"modified":"2021-06-23T13:39:25","modified_gmt":"2021-06-23T11:39:25","slug":"haczyk-do-wyjmowania-wkladek","status":"publish","type":"page","link":"https:\/\/amed.net.pl\/index.php\/produkty\/ginekologia-i-poloznictwo\/narzedzia-jednorazowe-plastikowe\/haczyk-do-wyjmowania-wkladek\/","title":{"rendered":"Haczyk do wyjmowania wk\u0142adek"},"content":{"rendered":"<p>[et_pb_section fb_built=&#8221;1&#8243; specialty=&#8221;on&#8221; module_class=&#8221; et_pb_specialty_fullwidth&#8221; _builder_version=&#8221;3.22&#8243; inner_width=&#8221;89%&#8221; inner_width_tablet=&#8221;80%&#8221; inner_width_phone=&#8221;&#8221; inner_width_last_edited=&#8221;on|desktop&#8221; inner_max_width=&#8221;89%&#8221; inner_max_width_tablet=&#8221;80%&#8221; inner_max_width_phone=&#8221;&#8221; inner_max_width_last_edited=&#8221;on|desktop&#8221; custom_padding=&#8221;50.5125px|0px|50.5125px|0px&#8221; make_fullwidth=&#8221;on&#8221;][et_pb_column type=&#8221;1_4&#8243; _builder_version=&#8221;3.25&#8243; custom_padding=&#8221;|||&#8221; custom_padding__hover=&#8221;|||&#8221;][et_pb_search _builder_version=&#8221;3.23&#8243; button_text_size__hover_enabled=&#8221;off&#8221; button_one_text_size__hover_enabled=&#8221;off&#8221; button_two_text_size__hover_enabled=&#8221;off&#8221; button_text_color__hover_enabled=&#8221;off&#8221; button_one_text_color__hover_enabled=&#8221;off&#8221; button_two_text_color__hover_enabled=&#8221;off&#8221; button_border_width__hover_enabled=&#8221;off&#8221; button_one_border_width__hover_enabled=&#8221;off&#8221; button_two_border_width__hover_enabled=&#8221;off&#8221; button_border_color__hover_enabled=&#8221;off&#8221; button_one_border_color__hover_enabled=&#8221;off&#8221; button_two_border_color__hover_enabled=&#8221;off&#8221; button_border_radius__hover_enabled=&#8221;off&#8221; button_one_border_radius__hover_enabled=&#8221;off&#8221; button_two_border_radius__hover_enabled=&#8221;off&#8221; button_letter_spacing__hover_enabled=&#8221;off&#8221; button_one_letter_spacing__hover_enabled=&#8221;off&#8221; button_two_letter_spacing__hover_enabled=&#8221;off&#8221; button_bg_color__hover_enabled=&#8221;off&#8221; button_one_bg_color__hover_enabled=&#8221;off&#8221; button_two_bg_color__hover_enabled=&#8221;off&#8221;][\/et_pb_search][et_pb_social_media_follow follow_button=&#8221;on&#8221; _builder_version=&#8221;3.0.87&#8243; background_layout=&#8221;dark&#8221;][et_pb_social_media_follow_network social_network=&#8221;facebook&#8221; url=&#8221;https:\/\/www.facebook.com\/AmedPolska\/&#8221; _builder_version=&#8221;3.0.76&#8243; background_color=&#8221;#e09900&#8243; follow_button=&#8221;on&#8221; url_new_window=&#8221;on&#8221;]facebook[\/et_pb_social_media_follow_network][\/et_pb_social_media_follow][et_pb_sidebar area=&#8221;et_pb_widget_area_6&#8243; _builder_version=&#8221;3.0.83&#8243;][\/et_pb_sidebar][\/et_pb_column][et_pb_column type=&#8221;3_4&#8243; specialty_columns=&#8221;3&#8243; _builder_version=&#8221;3.25&#8243; custom_padding=&#8221;|||&#8221; custom_padding__hover=&#8221;|||&#8221;][et_pb_row_inner admin_label=&#8221;Wiersz&#8221; _builder_version=&#8221;3.25&#8243; custom_padding=&#8221;27px|0px|27px|0px&#8221;][et_pb_column_inner saved_specialty_column_type=&#8221;3_4&#8243; _builder_version=&#8221;3.25&#8243; custom_padding=&#8221;|||&#8221; custom_padding__hover=&#8221;|||&#8221;][et_pb_text _builder_version=&#8221;3.27.4&#8243; custom_padding=&#8221;10px|10px|10px|20px&#8221; box_shadow_style=&#8221;preset3&#8243;]<\/p>\n<h1 style=\"text-align: center;\"><span style=\"color: #0c71c3;\"><strong>Haczyk do wyjmowania wk\u0142adek<\/strong><\/span><\/h1>\n<p>[\/et_pb_text][\/et_pb_column_inner][\/et_pb_row_inner][et_pb_row_inner column_structure=&#8221;1_2,1_2&#8243; admin_label=&#8221;Wiersz&#8221; _builder_version=&#8221;3.25&#8243;][et_pb_column_inner type=&#8221;1_2&#8243; saved_specialty_column_type=&#8221;3_4&#8243; _builder_version=&#8221;3.25&#8243; custom_padding=&#8221;|||&#8221; custom_padding__hover=&#8221;|||&#8221;][et_pb_image src=&#8221;http:\/\/amed.net.pl\/wp-content\/uploads\/2018\/05\/haczyk-3.jpg&#8221; align_tablet=&#8221;center&#8221; align_phone=&#8221;&#8221; align_last_edited=&#8221;on|desktop&#8221; _builder_version=&#8221;3.23&#8243;][\/et_pb_image][\/et_pb_column_inner][et_pb_column_inner type=&#8221;1_2&#8243; saved_specialty_column_type=&#8221;3_4&#8243; _builder_version=&#8221;3.25&#8243; custom_padding=&#8221;|||&#8221; custom_padding__hover=&#8221;|||&#8221;][et_pb_text _builder_version=&#8221;4.7.4&#8243; header_font=&#8221;||||||||&#8221; custom_margin=&#8221;60px|||&#8221; hover_enabled=&#8221;0&#8243; inline_fonts=&#8221;Abel&#8221; sticky_enabled=&#8221;0&#8243;]<\/p>\n<h4 style=\"text-align: center;\"><span style=\"color: #000000;\"><b><i>HACZYK DO WYJMOWANIA<\/i><\/b><\/span><\/h4>\n<h4 style=\"text-align: center;\"><span style=\"color: #000000;\"><b><i> WK\u0141ADEK Z NITK\u0104<\/i><\/b><\/span><\/h4>\n<blockquote>\n<ul>\n<li style=\"text-align: left;\"><span style=\"font-size: medium;\"><strong><em><span style=\"font-family: inherit;\"><span class=\"textOrangeBold\">specjalna konstrukcja u\u0142atwiaj\u0105ca uchwycenie i wyci\u0105gni\u0119cie nitki<\/span><\/span><\/em><\/strong><\/span><\/li>\n<li style=\"text-align: left;\"><span style=\"font-size: medium;\"><strong><em><span style=\"font-family: inherit;\"><span class=\"textOrangeBold\">d\u0142ugo\u015b\u0107 260 mm<\/span><\/span><\/em><\/strong><\/span><\/li>\n<li style=\"text-align: left;\"><span style=\"font-size: 16px;\"><strong><em><span style=\"font-family: inherit;\">jednorazowy, sterylny<\/span><\/em><\/strong><\/span><\/li>\n<\/ul>\n<\/blockquote>\n<p>[\/et_pb_text][et_pb_cta button_url=&#8221;https:\/\/sklep.amed.net.pl\/pol_m_GINEKOLOGIA_Narzedzia-jednorazowe-160.html&#8221; button_text=&#8221;Odwied\u017a nasz SKLEP !&#8221; _builder_version=&#8221;3.19.15&#8243; header_level=&#8221;h3&#8243; header_font=&#8221;||||||||&#8221; header_text_align=&#8221;center&#8221; header_font_size=&#8221;27px&#8221; use_background_color=&#8221;off&#8221; custom_button=&#8221;on&#8221; button_text_color=&#8221;#e09900&#8243; button_font=&#8221;||||||||&#8221; background_layout=&#8221;light&#8221; animation_style=&#8221;bounce&#8221;]<\/p>\n<h4><span><strong><em><\/em><\/strong><\/span><\/h4>\n<h4><span><strong><em><\/em><\/strong><\/span><\/h4>\n<h4><span><strong><em><\/em><\/strong><\/span><\/h4>\n<h4><span><strong><em>Pe\u0142na oferta\u00a0<\/em><\/strong><\/span><\/h4>\n<h4><span><strong><em>narz\u0119dzi <\/em><\/strong><\/span><span><strong><em>jednorazowych<\/em><\/strong><\/span><\/h4>\n<p>[\/et_pb_cta][\/et_pb_column_inner][\/et_pb_row_inner][et_pb_row_inner _builder_version=&#8221;4.7.4&#8243; _module_preset=&#8221;default&#8221;][et_pb_column_inner saved_specialty_column_type=&#8221;3_4&#8243; _builder_version=&#8221;4.7.4&#8243; _module_preset=&#8221;default&#8221;][et_pb_divider _builder_version=&#8221;4.7.4&#8243; _module_preset=&#8221;default&#8221; hover_enabled=&#8221;0&#8243; sticky_enabled=&#8221;0&#8243;][\/et_pb_divider][\/et_pb_column_inner][\/et_pb_row_inner][et_pb_row_inner column_structure=&#8221;1_2,1_2&#8243; admin_label=&#8221;Wiersz&#8221; _builder_version=&#8221;3.25&#8243;][et_pb_column_inner type=&#8221;1_2&#8243; saved_specialty_column_type=&#8221;3_4&#8243; _builder_version=&#8221;3.25&#8243; custom_padding=&#8221;|||&#8221; custom_padding__hover=&#8221;|||&#8221;][et_pb_image src=&#8221;http:\/\/amed.net.pl\/wp-content\/uploads\/2021\/06\/pol_pl_Haczyk-do-wyjmowania-wkladek-jodelka-jednorazowy-2199_1.png&#8221; alt=&#8221;Haczyk do wyjmowania wk\u0142\u0105dek wewn\u0105trzmacicznych jode\u0142ka&#8221; title_text=&#8221;Haczyk do wyjmowania wk\u0142\u0105dek wewn\u0105trzmacicznych jode\u0142ka&#8221; align_tablet=&#8221;center&#8221; align_phone=&#8221;&#8221; align_last_edited=&#8221;on|desktop&#8221; _builder_version=&#8221;4.7.4&#8243;][\/et_pb_image][\/et_pb_column_inner][et_pb_column_inner type=&#8221;1_2&#8243; saved_specialty_column_type=&#8221;3_4&#8243; _builder_version=&#8221;3.25&#8243; custom_padding=&#8221;|||&#8221; custom_padding__hover=&#8221;|||&#8221;][et_pb_text _builder_version=&#8221;4.7.4&#8243; header_font=&#8221;||||||||&#8221; custom_margin=&#8221;60px|||&#8221; inline_fonts=&#8221;Abel&#8221;]<\/p>\n<h4 style=\"text-align: center;\"><span style=\"color: #000000;\"><b><i>HACZYK DO WYJMOWANIA<\/i><\/b><\/span><\/h4>\n<h4 style=\"text-align: center;\"><span style=\"color: #000000;\"><b><i> WK\u0141ADEK Z NITK\u0104, typ jode\u0142ka<\/i><\/b><\/span><\/h4>\n<blockquote>\n<ul>\n<li style=\"text-align: left;\">\n<p><span style=\"font-size: medium;\"><strong><em>wygodna pomoc podczas wyjmowania wk\u0142adki wewn\u0105trzmacicznej z nici\u0105<\/em><\/strong><\/span><\/p>\n<\/li>\n<li style=\"text-align: left;\">\n<p><span style=\"font-size: medium;\"><strong><em>wykonany z polietylenu \u2013 z elastycznego tworzywa umo\u017cliwiaj\u0105cego jego odpowiednie wygi\u0119cie<\/em><\/strong><\/span><\/p>\n<\/li>\n<li style=\"text-align: left;\">\n<p><span style=\"font-size: medium;\"><strong><em>d\u0142ugo\u015b\u0107 263 mm<\/em><\/strong><\/span><\/p>\n<\/li>\n<li style=\"text-align: left;\">\n<p><span style=\"font-size: medium;\"><strong><em>atraumatyczny \u2013 zako\u0144czony kulk\u0105 zapobiegaj\u0105c\u0105 zranieniu<\/em><\/strong><\/span><\/p>\n<\/li>\n<li style=\"text-align: left;\">\n<p><span style=\"font-size: medium;\"><strong><em>wyr\u00f3b medyczny jednorazowego u\u017cytku, sterylny<\/em><\/strong><\/span><\/p>\n<\/li>\n<\/ul>\n<\/blockquote>\n<p>[\/et_pb_text][et_pb_cta button_url=&#8221;https:\/\/sklep.amed.net.pl\/pol_m_GINEKOLOGIA_Narzedzia-jednorazowe-160.html&#8221; button_text=&#8221;Odwied\u017a nasz SKLEP !&#8221; _builder_version=&#8221;3.19.15&#8243; header_level=&#8221;h3&#8243; header_font=&#8221;||||||||&#8221; header_text_align=&#8221;center&#8221; header_font_size=&#8221;27px&#8221; use_background_color=&#8221;off&#8221; custom_button=&#8221;on&#8221; button_text_color=&#8221;#e09900&#8243; button_font=&#8221;||||||||&#8221; background_layout=&#8221;light&#8221; animation_style=&#8221;bounce&#8221;]<\/p>\n<h4><span><strong><em><\/em><\/strong><\/span><\/h4>\n<h4><span><strong><em><\/em><\/strong><\/span><\/h4>\n<h4><span><strong><em><\/em><\/strong><\/span><\/h4>\n<h4><span><strong><em>Pe\u0142na oferta\u00a0<\/em><\/strong><\/span><\/h4>\n<h4><span><strong><em>narz\u0119dzi <\/em><\/strong><\/span><span><strong><em>jednorazowych<\/em><\/strong><\/span><\/h4>\n<p>[\/et_pb_cta][\/et_pb_column_inner][\/et_pb_row_inner][\/et_pb_column][\/et_pb_section]<\/p>\n","protected":false},"excerpt":{"rendered":"<p>Haczyk do wyjmowania wk\u0142adekHACZYK DO WYJMOWANIA WK\u0141ADEK Z NITK\u0104 specjalna konstrukcja u\u0142atwiaj\u0105ca uchwycenie i wyci\u0105gni\u0119cie nitki d\u0142ugo\u015b\u0107 260 mm jednorazowy, sterylny Pe\u0142na oferta\u00a0 narz\u0119dzi jednorazowychHACZYK DO WYJMOWANIA WK\u0141ADEK Z NITK\u0104, typ jode\u0142ka wygodna pomoc podczas wyjmowania wk\u0142adki wewn\u0105trzmacicznej z nici\u0105 wykonany z polietylenu \u2013 z elastycznego tworzywa umo\u017cliwiaj\u0105cego jego odpowiednie wygi\u0119cie d\u0142ugo\u015b\u0107 263 mm atraumatyczny [&hellip;]<\/p>\n","protected":false},"author":2,"featured_media":0,"parent":1716,"menu_order":0,"comment_status":"closed","ping_status":"closed","template":"","meta":{"_et_pb_use_builder":"on","_et_pb_old_content":"","_et_gb_content_width":"","footnotes":""},"class_list":["post-1624","page","type-page","status-publish","hentry"],"yoast_head":"<!-- This site is optimized with the Yoast SEO plugin v27.5 - https:\/\/yoast.com\/product\/yoast-seo-wordpress\/ -->\n<title>Haczyk do wyjmowania wk\u0142adek - amed.net.pl<\/title>\n<meta name=\"robots\" content=\"index, follow, max-snippet:-1, max-image-preview:large, max-video-preview:-1\" \/>\n<link rel=\"canonical\" href=\"https:\/\/amed.net.pl\/index.php\/produkty\/ginekologia-i-poloznictwo\/narzedzia-jednorazowe-plastikowe\/haczyk-do-wyjmowania-wkladek\/\" \/>\n<meta property=\"og:locale\" content=\"pl_PL\" \/>\n<meta property=\"og:type\" content=\"article\" \/>\n<meta property=\"og:title\" content=\"Haczyk do wyjmowania wk\u0142adek - amed.net.pl\" \/>\n<meta property=\"og:description\" content=\"Haczyk do wyjmowania wk\u0142adekHACZYK DO WYJMOWANIA WK\u0141ADEK Z NITK\u0104 specjalna konstrukcja u\u0142atwiaj\u0105ca uchwycenie i wyci\u0105gni\u0119cie nitki d\u0142ugo\u015b\u0107 260 mm jednorazowy, sterylny Pe\u0142na oferta\u00a0 narz\u0119dzi jednorazowychHACZYK DO WYJMOWANIA WK\u0141ADEK Z NITK\u0104, typ jode\u0142ka wygodna pomoc podczas wyjmowania wk\u0142adki wewn\u0105trzmacicznej z nici\u0105 wykonany z polietylenu \u2013 z elastycznego tworzywa umo\u017cliwiaj\u0105cego jego odpowiednie wygi\u0119cie d\u0142ugo\u015b\u0107 263 mm atraumatyczny [&hellip;]\" \/>\n<meta property=\"og:url\" content=\"https:\/\/amed.net.pl\/index.php\/produkty\/ginekologia-i-poloznictwo\/narzedzia-jednorazowe-plastikowe\/haczyk-do-wyjmowania-wkladek\/\" \/>\n<meta property=\"og:site_name\" content=\"amed.net.pl\" \/>\n<meta property=\"article:modified_time\" content=\"2021-06-23T11:39:25+00:00\" \/>\n<meta name=\"twitter:card\" content=\"summary_large_image\" \/>\n<meta name=\"twitter:label1\" content=\"Szacowany czas czytania\" \/>\n\t<meta name=\"twitter:data1\" content=\"4 minuty\" \/>\n<script type=\"application\/ld+json\" class=\"yoast-schema-graph\">{\"@context\":\"https:\\\/\\\/schema.org\",\"@graph\":[{\"@type\":\"WebPage\",\"@id\":\"https:\\\/\\\/amed.net.pl\\\/index.php\\\/produkty\\\/ginekologia-i-poloznictwo\\\/narzedzia-jednorazowe-plastikowe\\\/haczyk-do-wyjmowania-wkladek\\\/\",\"url\":\"https:\\\/\\\/amed.net.pl\\\/index.php\\\/produkty\\\/ginekologia-i-poloznictwo\\\/narzedzia-jednorazowe-plastikowe\\\/haczyk-do-wyjmowania-wkladek\\\/\",\"name\":\"Haczyk do wyjmowania wk\u0142adek - amed.net.pl\",\"isPartOf\":{\"@id\":\"https:\\\/\\\/amed.net.pl\\\/#website\"},\"datePublished\":\"2018-05-03T15:14:44+00:00\",\"dateModified\":\"2021-06-23T11:39:25+00:00\",\"breadcrumb\":{\"@id\":\"https:\\\/\\\/amed.net.pl\\\/index.php\\\/produkty\\\/ginekologia-i-poloznictwo\\\/narzedzia-jednorazowe-plastikowe\\\/haczyk-do-wyjmowania-wkladek\\\/#breadcrumb\"},\"inLanguage\":\"pl-PL\",\"potentialAction\":[{\"@type\":\"ReadAction\",\"target\":[\"https:\\\/\\\/amed.net.pl\\\/index.php\\\/produkty\\\/ginekologia-i-poloznictwo\\\/narzedzia-jednorazowe-plastikowe\\\/haczyk-do-wyjmowania-wkladek\\\/\"]}]},{\"@type\":\"BreadcrumbList\",\"@id\":\"https:\\\/\\\/amed.net.pl\\\/index.php\\\/produkty\\\/ginekologia-i-poloznictwo\\\/narzedzia-jednorazowe-plastikowe\\\/haczyk-do-wyjmowania-wkladek\\\/#breadcrumb\",\"itemListElement\":[{\"@type\":\"ListItem\",\"position\":1,\"name\":\"Strona g\u0142\u00f3wna\",\"item\":\"https:\\\/\\\/amed.net.pl\\\/\"},{\"@type\":\"ListItem\",\"position\":2,\"name\":\"Produkty\",\"item\":\"https:\\\/\\\/amed.net.pl\\\/index.php\\\/produkty\\\/\"},{\"@type\":\"ListItem\",\"position\":3,\"name\":\"Ginekologia i Po\u0142o\u017cnictwo\",\"item\":\"https:\\\/\\\/amed.net.pl\\\/index.php\\\/produkty\\\/ginekologia-i-poloznictwo\\\/\"},{\"@type\":\"ListItem\",\"position\":4,\"name\":\"Narz\u0119dzia jednorazowe plastikowe\",\"item\":\"https:\\\/\\\/amed.net.pl\\\/index.php\\\/produkty\\\/ginekologia-i-poloznictwo\\\/narzedzia-jednorazowe-plastikowe\\\/\"},{\"@type\":\"ListItem\",\"position\":5,\"name\":\"Haczyk do wyjmowania wk\u0142adek\"}]},{\"@type\":\"WebSite\",\"@id\":\"https:\\\/\\\/amed.net.pl\\\/#website\",\"url\":\"https:\\\/\\\/amed.net.pl\\\/\",\"name\":\"amed.net.pl\",\"description\":\"Firma AMED - Lider w zaopatrzenie gabinet\u00f3w lekarskich: wzierniki ginekologiczne, wk\u0142adki wewn\u0105trzmaciczne, szczoteczki cytologiczne, cytologia, papiery USG, os\u0142onki do USG\",\"potentialAction\":[{\"@type\":\"SearchAction\",\"target\":{\"@type\":\"EntryPoint\",\"urlTemplate\":\"https:\\\/\\\/amed.net.pl\\\/?s={search_term_string}\"},\"query-input\":{\"@type\":\"PropertyValueSpecification\",\"valueRequired\":true,\"valueName\":\"search_term_string\"}}],\"inLanguage\":\"pl-PL\"}]}<\/script>\n<!-- \/ Yoast SEO plugin. -->","yoast_head_json":{"title":"Haczyk do wyjmowania wk\u0142adek - amed.net.pl","robots":{"index":"index","follow":"follow","max-snippet":"max-snippet:-1","max-image-preview":"max-image-preview:large","max-video-preview":"max-video-preview:-1"},"canonical":"https:\/\/amed.net.pl\/index.php\/produkty\/ginekologia-i-poloznictwo\/narzedzia-jednorazowe-plastikowe\/haczyk-do-wyjmowania-wkladek\/","og_locale":"pl_PL","og_type":"article","og_title":"Haczyk do wyjmowania wk\u0142adek - amed.net.pl","og_description":"Haczyk do wyjmowania wk\u0142adekHACZYK DO WYJMOWANIA WK\u0141ADEK Z NITK\u0104 specjalna konstrukcja u\u0142atwiaj\u0105ca uchwycenie i wyci\u0105gni\u0119cie nitki d\u0142ugo\u015b\u0107 260 mm jednorazowy, sterylny Pe\u0142na oferta\u00a0 narz\u0119dzi jednorazowychHACZYK DO WYJMOWANIA WK\u0141ADEK Z NITK\u0104, typ jode\u0142ka wygodna pomoc podczas wyjmowania wk\u0142adki wewn\u0105trzmacicznej z nici\u0105 wykonany z polietylenu \u2013 z elastycznego tworzywa umo\u017cliwiaj\u0105cego jego odpowiednie wygi\u0119cie d\u0142ugo\u015b\u0107 263 mm atraumatyczny [&hellip;]","og_url":"https:\/\/amed.net.pl\/index.php\/produkty\/ginekologia-i-poloznictwo\/narzedzia-jednorazowe-plastikowe\/haczyk-do-wyjmowania-wkladek\/","og_site_name":"amed.net.pl","article_modified_time":"2021-06-23T11:39:25+00:00","twitter_card":"summary_large_image","twitter_misc":{"Szacowany czas czytania":"4 minuty"},"schema":{"@context":"https:\/\/schema.org","@graph":[{"@type":"WebPage","@id":"https:\/\/amed.net.pl\/index.php\/produkty\/ginekologia-i-poloznictwo\/narzedzia-jednorazowe-plastikowe\/haczyk-do-wyjmowania-wkladek\/","url":"https:\/\/amed.net.pl\/index.php\/produkty\/ginekologia-i-poloznictwo\/narzedzia-jednorazowe-plastikowe\/haczyk-do-wyjmowania-wkladek\/","name":"Haczyk do wyjmowania wk\u0142adek - amed.net.pl","isPartOf":{"@id":"https:\/\/amed.net.pl\/#website"},"datePublished":"2018-05-03T15:14:44+00:00","dateModified":"2021-06-23T11:39:25+00:00","breadcrumb":{"@id":"https:\/\/amed.net.pl\/index.php\/produkty\/ginekologia-i-poloznictwo\/narzedzia-jednorazowe-plastikowe\/haczyk-do-wyjmowania-wkladek\/#breadcrumb"},"inLanguage":"pl-PL","potentialAction":[{"@type":"ReadAction","target":["https:\/\/amed.net.pl\/index.php\/produkty\/ginekologia-i-poloznictwo\/narzedzia-jednorazowe-plastikowe\/haczyk-do-wyjmowania-wkladek\/"]}]},{"@type":"BreadcrumbList","@id":"https:\/\/amed.net.pl\/index.php\/produkty\/ginekologia-i-poloznictwo\/narzedzia-jednorazowe-plastikowe\/haczyk-do-wyjmowania-wkladek\/#breadcrumb","itemListElement":[{"@type":"ListItem","position":1,"name":"Strona g\u0142\u00f3wna","item":"https:\/\/amed.net.pl\/"},{"@type":"ListItem","position":2,"name":"Produkty","item":"https:\/\/amed.net.pl\/index.php\/produkty\/"},{"@type":"ListItem","position":3,"name":"Ginekologia i Po\u0142o\u017cnictwo","item":"https:\/\/amed.net.pl\/index.php\/produkty\/ginekologia-i-poloznictwo\/"},{"@type":"ListItem","position":4,"name":"Narz\u0119dzia jednorazowe plastikowe","item":"https:\/\/amed.net.pl\/index.php\/produkty\/ginekologia-i-poloznictwo\/narzedzia-jednorazowe-plastikowe\/"},{"@type":"ListItem","position":5,"name":"Haczyk do wyjmowania wk\u0142adek"}]},{"@type":"WebSite","@id":"https:\/\/amed.net.pl\/#website","url":"https:\/\/amed.net.pl\/","name":"amed.net.pl","description":"Firma AMED - Lider w zaopatrzenie gabinet\u00f3w lekarskich: wzierniki ginekologiczne, wk\u0142adki wewn\u0105trzmaciczne, szczoteczki cytologiczne, cytologia, papiery USG, os\u0142onki do USG","potentialAction":[{"@type":"SearchAction","target":{"@type":"EntryPoint","urlTemplate":"https:\/\/amed.net.pl\/?s={search_term_string}"},"query-input":{"@type":"PropertyValueSpecification","valueRequired":true,"valueName":"search_term_string"}}],"inLanguage":"pl-PL"}]}},"_links":{"self":[{"href":"https:\/\/amed.net.pl\/index.php\/wp-json\/wp\/v2\/pages\/1624","targetHints":{"allow":["GET"]}}],"collection":[{"href":"https:\/\/amed.net.pl\/index.php\/wp-json\/wp\/v2\/pages"}],"about":[{"href":"https:\/\/amed.net.pl\/index.php\/wp-json\/wp\/v2\/types\/page"}],"author":[{"embeddable":true,"href":"https:\/\/amed.net.pl\/index.php\/wp-json\/wp\/v2\/users\/2"}],"replies":[{"embeddable":true,"href":"https:\/\/amed.net.pl\/index.php\/wp-json\/wp\/v2\/comments?post=1624"}],"version-history":[{"count":10,"href":"https:\/\/amed.net.pl\/index.php\/wp-json\/wp\/v2\/pages\/1624\/revisions"}],"predecessor-version":[{"id":4136,"href":"https:\/\/amed.net.pl\/index.php\/wp-json\/wp\/v2\/pages\/1624\/revisions\/4136"}],"up":[{"embeddable":true,"href":"https:\/\/amed.net.pl\/index.php\/wp-json\/wp\/v2\/pages\/1716"}],"wp:attachment":[{"href":"https:\/\/amed.net.pl\/index.php\/wp-json\/wp\/v2\/media?parent=1624"}],"curies":[{"name":"wp","href":"https:\/\/api.w.org\/{rel}","templated":true}]}}