{"id":1612,"date":"2018-05-03T16:56:59","date_gmt":"2018-05-03T14:56:59","guid":{"rendered":"http:\/\/wp.amed.net.pl\/?page_id=1612"},"modified":"2026-02-22T20:53:01","modified_gmt":"2026-02-22T19:53:01","slug":"nozyczki-jednorazowe-dlugie","status":"publish","type":"page","link":"https:\/\/amed.net.pl\/index.php\/produkty\/ginekologia-i-poloznictwo\/narzedzia-jednorazowe-plastikowe\/nozyczki-jednorazowe-dlugie\/","title":{"rendered":"No\u017cyczki jednorazowe, d\u0142ugie"},"content":{"rendered":"<p>[et_pb_section fb_built=&#8221;1&#8243; specialty=&#8221;on&#8221; _builder_version=&#8221;4.16&#8243; custom_padding=&#8221;50.5125px|6px|50.5125px|0px|false|false&#8221; global_colors_info=&#8221;{}&#8221;][et_pb_column type=&#8221;1_4&#8243; _builder_version=&#8221;4.16&#8243; custom_padding=&#8221;|||&#8221; global_colors_info=&#8221;{}&#8221; custom_padding__hover=&#8221;|||&#8221;][et_pb_search _builder_version=&#8221;4.16&#8243; global_colors_info=&#8221;{}&#8221; button_text_size__hover_enabled=&#8221;off&#8221; button_one_text_size__hover_enabled=&#8221;off&#8221; button_two_text_size__hover_enabled=&#8221;off&#8221; button_text_color__hover_enabled=&#8221;off&#8221; button_one_text_color__hover_enabled=&#8221;off&#8221; button_two_text_color__hover_enabled=&#8221;off&#8221; button_border_width__hover_enabled=&#8221;off&#8221; button_one_border_width__hover_enabled=&#8221;off&#8221; button_two_border_width__hover_enabled=&#8221;off&#8221; button_border_color__hover_enabled=&#8221;off&#8221; button_one_border_color__hover_enabled=&#8221;off&#8221; button_two_border_color__hover_enabled=&#8221;off&#8221; button_border_radius__hover_enabled=&#8221;off&#8221; button_one_border_radius__hover_enabled=&#8221;off&#8221; button_two_border_radius__hover_enabled=&#8221;off&#8221; button_letter_spacing__hover_enabled=&#8221;off&#8221; button_one_letter_spacing__hover_enabled=&#8221;off&#8221; button_two_letter_spacing__hover_enabled=&#8221;off&#8221; button_bg_color__hover_enabled=&#8221;off&#8221; button_one_bg_color__hover_enabled=&#8221;off&#8221; button_two_bg_color__hover_enabled=&#8221;off&#8221;][\/et_pb_search][et_pb_social_media_follow follow_button=&#8221;on&#8221; _builder_version=&#8221;4.16&#8243; background_layout=&#8221;dark&#8221; global_colors_info=&#8221;{}&#8221;][et_pb_social_media_follow_network social_network=&#8221;facebook&#8221; url=&#8221;https:\/\/www.facebook.com\/AmedPolska\/&#8221; _builder_version=&#8221;4.16&#8243; background_color=&#8221;#e09900&#8243; global_colors_info=&#8221;{}&#8221; follow_button=&#8221;on&#8221; url_new_window=&#8221;on&#8221;]facebook[\/et_pb_social_media_follow_network][\/et_pb_social_media_follow][et_pb_sidebar area=&#8221;et_pb_widget_area_6&#8243; _builder_version=&#8221;4.16&#8243; global_colors_info=&#8221;{}&#8221;][\/et_pb_sidebar][\/et_pb_column][et_pb_column type=&#8221;3_4&#8243; specialty_columns=&#8221;3&#8243; _builder_version=&#8221;4.16&#8243; custom_padding=&#8221;|||&#8221; global_colors_info=&#8221;{}&#8221; custom_padding__hover=&#8221;|||&#8221;][et_pb_row_inner admin_label=&#8221;Wiersz&#8221; _builder_version=&#8221;4.16&#8243; custom_padding=&#8221;27px|0px|27px|0px&#8221; global_colors_info=&#8221;{}&#8221;][et_pb_column_inner saved_specialty_column_type=&#8221;3_4&#8243; _builder_version=&#8221;4.16&#8243; custom_padding=&#8221;|||&#8221; global_colors_info=&#8221;{}&#8221; custom_padding__hover=&#8221;|||&#8221;][et_pb_text _builder_version=&#8221;4.27.5&#8243; custom_padding=&#8221;10px|10px|10px|20px&#8221; hover_enabled=&#8221;0&#8243; global_colors_info=&#8221;{}&#8221; sticky_enabled=&#8221;0&#8243;]<\/p>\n<h1 style=\"text-align: center;\"><span style=\"color: #0c71c3;\">No\u017cyczki do szw\u00f3w i nitek, d\u0142ugie<\/span><\/h1>\n<p>[\/et_pb_text][\/et_pb_column_inner][\/et_pb_row_inner][et_pb_row_inner column_structure=&#8221;1_2,1_2&#8243; admin_label=&#8221;Wiersz&#8221; _builder_version=&#8221;4.16&#8243; global_colors_info=&#8221;{}&#8221;][et_pb_column_inner type=&#8221;1_2&#8243; saved_specialty_column_type=&#8221;3_4&#8243; _builder_version=&#8221;4.16&#8243; custom_padding=&#8221;|||&#8221; global_colors_info=&#8221;{}&#8221; custom_padding__hover=&#8221;|||&#8221;][et_pb_image src=&#8221;https:\/\/amed.net.pl\/wp-content\/uploads\/2024\/03\/singamed-Transparent-logo.png&#8221; title_text=&#8221;singamed -Transparent logo&#8221; _builder_version=&#8221;4.24.2&#8243; _module_preset=&#8221;default&#8221; width=&#8221;60%&#8221; global_colors_info=&#8221;{}&#8221;][\/et_pb_image][et_pb_image src=&#8221;https:\/\/amed.net.pl\/wp-content\/uploads\/2018\/05\/AG.2.236_ND_wym-i-zbl.jpg&#8221; align_tablet=&#8221;center&#8221; align_phone=&#8221;&#8221; align_last_edited=&#8221;on|desktop&#8221; _builder_version=&#8221;4.16&#8243; global_colors_info=&#8221;{}&#8221;][\/et_pb_image][\/et_pb_column_inner][et_pb_column_inner type=&#8221;1_2&#8243; saved_specialty_column_type=&#8221;3_4&#8243; _builder_version=&#8221;4.16&#8243; custom_padding=&#8221;|||&#8221; global_colors_info=&#8221;{}&#8221; custom_padding__hover=&#8221;|||&#8221;][et_pb_text _builder_version=&#8221;4.27.5&#8243; text_font=&#8221;||||||||&#8221; header_font=&#8221;||||||||&#8221; custom_margin=&#8221;60px|||&#8221; hover_enabled=&#8221;0&#8243; inline_fonts=&#8221;Abel&#8221; global_colors_info=&#8221;{}&#8221; sticky_enabled=&#8221;0&#8243;]<\/p>\n<h4 style=\"text-align: center;\"><span style=\"color: #000000;\">NO\u017bYCZKI DO SZW\u00d3W, D\u0141UGIE<\/span><\/h4>\n<blockquote>\n<ul>\n<li style=\"text-align: left;\"><span style=\"font-size: medium;\"><span class=\"textOrangeBold\">specjalna ko\u0144c\u00f3wka do szw\u00f3w \/ nitek<\/span><\/span><\/li>\n<li style=\"text-align: left;\"><span style=\"font-size: 16px;\">ostre\/t\u0119pe<\/span><\/li>\n<li style=\"text-align: left;\"><span style=\"font-size: 16px;\">jednorazowe, sterylne<\/span><\/li>\n<\/ul>\n<\/blockquote>\n<p>[\/et_pb_text][et_pb_cta button_url=&#8221;https:\/\/sklep.amed.net.pl\/pol_m_GINEKOLOGIA_Narzedzia-jednorazowe-160.html&#8221; button_text=&#8221;Odwied\u017a nasz SKLEP !&#8221; _builder_version=&#8221;4.27.5&#8243; header_level=&#8221;h3&#8243; header_font=&#8221;||||||||&#8221; header_text_align=&#8221;center&#8221; header_font_size=&#8221;27px&#8221; use_background_color=&#8221;off&#8221; custom_button=&#8221;on&#8221; button_text_color=&#8221;#e09900&#8243; button_font=&#8221;||||||||&#8221; background_layout=&#8221;light&#8221; animation_style=&#8221;bounce&#8221; hover_enabled=&#8221;0&#8243; global_colors_info=&#8221;{}&#8221; sticky_enabled=&#8221;0&#8243;]<\/p>\n<h4><\/h4>\n<h4>Pe\u0142na oferta\u00a0<\/h4>\n<h4>narz\u0119dzi jednorazowych<\/h4>\n<p>[\/et_pb_cta][\/et_pb_column_inner][\/et_pb_row_inner][et_pb_row_inner _builder_version=&#8221;4.16&#8243; global_colors_info=&#8221;{}&#8221;][et_pb_column_inner saved_specialty_column_type=&#8221;3_4&#8243; _builder_version=&#8221;4.16&#8243; custom_padding=&#8221;|||&#8221; global_colors_info=&#8221;{}&#8221; custom_padding__hover=&#8221;|||&#8221;][et_pb_divider _builder_version=&#8221;4.16&#8243; global_colors_info=&#8221;{}&#8221;][\/et_pb_divider][\/et_pb_column_inner][\/et_pb_row_inner][et_pb_row_inner column_structure=&#8221;1_2,1_2&#8243; admin_label=&#8221;Wiersz&#8221; _builder_version=&#8221;4.16&#8243; global_colors_info=&#8221;{}&#8221;][et_pb_column_inner type=&#8221;1_2&#8243; saved_specialty_column_type=&#8221;3_4&#8243; _builder_version=&#8221;4.16&#8243; custom_padding=&#8221;|||&#8221; global_colors_info=&#8221;{}&#8221; custom_padding__hover=&#8221;|||&#8221;][et_pb_image src=&#8221;https:\/\/amed.net.pl\/wp-content\/uploads\/2019\/04\/no\u017cyczki-horyzontalne.png&#8221; align_tablet=&#8221;center&#8221; align_phone=&#8221;&#8221; align_last_edited=&#8221;on|desktop&#8221; _builder_version=&#8221;4.16&#8243; global_colors_info=&#8221;{}&#8221;][\/et_pb_image][et_pb_cta button_url=&#8221;https:\/\/sklep.amed.net.pl\/pol_m_GINEKOLOGIA_Narzedzia-jednorazowe-160.html&#8221; button_text=&#8221;Odwied\u017a nasz SKLEP !&#8221; _builder_version=&#8221;4.27.5&#8243; header_level=&#8221;h3&#8243; header_font=&#8221;||||||||&#8221; header_text_align=&#8221;center&#8221; header_font_size=&#8221;27px&#8221; use_background_color=&#8221;off&#8221; custom_button=&#8221;on&#8221; button_text_color=&#8221;#e09900&#8243; button_font=&#8221;||||||||&#8221; background_layout=&#8221;light&#8221; animation_style=&#8221;bounce&#8221; hover_enabled=&#8221;0&#8243; global_colors_info=&#8221;{}&#8221; sticky_enabled=&#8221;0&#8243;]<\/p>\n<h4>Pe\u0142na oferta\u00a0<\/h4>\n<h4>narz\u0119dzi jednorazowych<\/h4>\n<p>[\/et_pb_cta][\/et_pb_column_inner][et_pb_column_inner type=&#8221;1_2&#8243; saved_specialty_column_type=&#8221;3_4&#8243; _builder_version=&#8221;4.16&#8243; custom_padding=&#8221;|||&#8221; global_colors_info=&#8221;{}&#8221; custom_padding__hover=&#8221;|||&#8221;][et_pb_text _builder_version=&#8221;4.27.5&#8243; text_font=&#8221;||||||||&#8221; text_font_size=&#8221;16px&#8221; header_font=&#8221;||||||||&#8221; custom_margin=&#8221;60px|||&#8221; hover_enabled=&#8221;0&#8243; inline_fonts=&#8221;Abel&#8221; global_colors_info=&#8221;{}&#8221; sticky_enabled=&#8221;0&#8243;]<\/p>\n<h4 style=\"text-align: center;\"><span style=\"color: #000000;\">NO\u017bYCZKI HORYZONTALNE DO NITEK, D\u0141UGIE<\/span><\/h4>\n<blockquote>\n<ul>\n<li style=\"text-align: left;\">d\u0142ugo\u015b\u0107 ca\u0142kowita: 220 mm<\/li>\n<li style=\"text-align: left;\">specjalne no\u017cyczki do przycinania nici przy zak\u0142adaniu wk\u0142adek wewn\u0105trzmacicznych<\/li>\n<li style=\"text-align: left;\">horyzontalna konstrukcja ostrza zapobiega ze\u015blizgni\u0119ciu si\u0119 nici z ostrza w trakcie ci\u0119cia<\/li>\n<li style=\"text-align: left;\">zapewniaj\u0105 dok\u0142adne ci\u0119cie w wyznaczonym miejscu<\/li>\n<li style=\"text-align: left;\">wyj\u0105tkowy ergonomiczny kszta\u0142t<\/li>\n<li style=\"text-align: left;\">wykonane z tworzywa ABS i stali nierdzewnej<\/li>\n<li style=\"text-align: left;\">jednorazowe, sterylne, sterylizowane tlenkiem etylenu<\/li>\n<\/ul>\n<\/blockquote>\n<p>[\/et_pb_text][\/et_pb_column_inner][\/et_pb_row_inner][\/et_pb_column][\/et_pb_section]<\/p>\n","protected":false},"excerpt":{"rendered":"<p>No\u017cyczki do szw\u00f3w i nitek, d\u0142ugieNO\u017bYCZKI DO SZW\u00d3W, D\u0141UGIE specjalna ko\u0144c\u00f3wka do szw\u00f3w \/ nitek ostre\/t\u0119pe jednorazowe, sterylne Pe\u0142na oferta\u00a0 narz\u0119dzi jednorazowychPe\u0142na oferta\u00a0 narz\u0119dzi jednorazowychNO\u017bYCZKI HORYZONTALNE DO NITEK, D\u0141UGIE d\u0142ugo\u015b\u0107 ca\u0142kowita: 220 mm specjalne no\u017cyczki do przycinania nici przy zak\u0142adaniu wk\u0142adek wewn\u0105trzmacicznych horyzontalna konstrukcja ostrza zapobiega ze\u015blizgni\u0119ciu si\u0119 nici z ostrza w trakcie ci\u0119cia zapewniaj\u0105 [&hellip;]<\/p>\n","protected":false},"author":2,"featured_media":0,"parent":1716,"menu_order":0,"comment_status":"closed","ping_status":"closed","template":"","meta":{"_et_pb_use_builder":"on","_et_pb_old_content":"","_et_gb_content_width":"","footnotes":""},"class_list":["post-1612","page","type-page","status-publish","hentry"],"yoast_head":"<!-- This site is optimized with the Yoast SEO plugin v27.4 - https:\/\/yoast.com\/product\/yoast-seo-wordpress\/ -->\n<title>No\u017cyczki jednorazowe, d\u0142ugie - amed.net.pl<\/title>\n<meta name=\"robots\" content=\"index, follow, max-snippet:-1, max-image-preview:large, max-video-preview:-1\" \/>\n<link rel=\"canonical\" href=\"https:\/\/amed.net.pl\/index.php\/produkty\/ginekologia-i-poloznictwo\/narzedzia-jednorazowe-plastikowe\/nozyczki-jednorazowe-dlugie\/\" \/>\n<meta property=\"og:locale\" content=\"pl_PL\" \/>\n<meta property=\"og:type\" content=\"article\" \/>\n<meta property=\"og:title\" content=\"No\u017cyczki jednorazowe, d\u0142ugie - amed.net.pl\" \/>\n<meta property=\"og:description\" content=\"No\u017cyczki do szw\u00f3w i nitek, d\u0142ugieNO\u017bYCZKI DO SZW\u00d3W, D\u0141UGIE specjalna ko\u0144c\u00f3wka do szw\u00f3w \/ nitek ostre\/t\u0119pe jednorazowe, sterylne Pe\u0142na oferta\u00a0 narz\u0119dzi jednorazowychPe\u0142na oferta\u00a0 narz\u0119dzi jednorazowychNO\u017bYCZKI HORYZONTALNE DO NITEK, D\u0141UGIE d\u0142ugo\u015b\u0107 ca\u0142kowita: 220 mm specjalne no\u017cyczki do przycinania nici przy zak\u0142adaniu wk\u0142adek wewn\u0105trzmacicznych horyzontalna konstrukcja ostrza zapobiega ze\u015blizgni\u0119ciu si\u0119 nici z ostrza w trakcie ci\u0119cia zapewniaj\u0105 [&hellip;]\" \/>\n<meta property=\"og:url\" content=\"https:\/\/amed.net.pl\/index.php\/produkty\/ginekologia-i-poloznictwo\/narzedzia-jednorazowe-plastikowe\/nozyczki-jednorazowe-dlugie\/\" \/>\n<meta property=\"og:site_name\" content=\"amed.net.pl\" \/>\n<meta property=\"article:modified_time\" content=\"2026-02-22T19:53:01+00:00\" \/>\n<meta name=\"twitter:card\" content=\"summary_large_image\" \/>\n<meta name=\"twitter:label1\" content=\"Szacowany czas czytania\" \/>\n\t<meta name=\"twitter:data1\" content=\"5 minut\" \/>\n<script type=\"application\/ld+json\" class=\"yoast-schema-graph\">{\"@context\":\"https:\\\/\\\/schema.org\",\"@graph\":[{\"@type\":\"WebPage\",\"@id\":\"https:\\\/\\\/amed.net.pl\\\/index.php\\\/produkty\\\/ginekologia-i-poloznictwo\\\/narzedzia-jednorazowe-plastikowe\\\/nozyczki-jednorazowe-dlugie\\\/\",\"url\":\"https:\\\/\\\/amed.net.pl\\\/index.php\\\/produkty\\\/ginekologia-i-poloznictwo\\\/narzedzia-jednorazowe-plastikowe\\\/nozyczki-jednorazowe-dlugie\\\/\",\"name\":\"No\u017cyczki jednorazowe, d\u0142ugie - amed.net.pl\",\"isPartOf\":{\"@id\":\"https:\\\/\\\/amed.net.pl\\\/#website\"},\"datePublished\":\"2018-05-03T14:56:59+00:00\",\"dateModified\":\"2026-02-22T19:53:01+00:00\",\"breadcrumb\":{\"@id\":\"https:\\\/\\\/amed.net.pl\\\/index.php\\\/produkty\\\/ginekologia-i-poloznictwo\\\/narzedzia-jednorazowe-plastikowe\\\/nozyczki-jednorazowe-dlugie\\\/#breadcrumb\"},\"inLanguage\":\"pl-PL\",\"potentialAction\":[{\"@type\":\"ReadAction\",\"target\":[\"https:\\\/\\\/amed.net.pl\\\/index.php\\\/produkty\\\/ginekologia-i-poloznictwo\\\/narzedzia-jednorazowe-plastikowe\\\/nozyczki-jednorazowe-dlugie\\\/\"]}]},{\"@type\":\"BreadcrumbList\",\"@id\":\"https:\\\/\\\/amed.net.pl\\\/index.php\\\/produkty\\\/ginekologia-i-poloznictwo\\\/narzedzia-jednorazowe-plastikowe\\\/nozyczki-jednorazowe-dlugie\\\/#breadcrumb\",\"itemListElement\":[{\"@type\":\"ListItem\",\"position\":1,\"name\":\"Strona g\u0142\u00f3wna\",\"item\":\"https:\\\/\\\/amed.net.pl\\\/\"},{\"@type\":\"ListItem\",\"position\":2,\"name\":\"Produkty\",\"item\":\"https:\\\/\\\/amed.net.pl\\\/index.php\\\/produkty\\\/\"},{\"@type\":\"ListItem\",\"position\":3,\"name\":\"Ginekologia i Po\u0142o\u017cnictwo\",\"item\":\"https:\\\/\\\/amed.net.pl\\\/index.php\\\/produkty\\\/ginekologia-i-poloznictwo\\\/\"},{\"@type\":\"ListItem\",\"position\":4,\"name\":\"Narz\u0119dzia jednorazowe plastikowe\",\"item\":\"https:\\\/\\\/amed.net.pl\\\/index.php\\\/produkty\\\/ginekologia-i-poloznictwo\\\/narzedzia-jednorazowe-plastikowe\\\/\"},{\"@type\":\"ListItem\",\"position\":5,\"name\":\"No\u017cyczki jednorazowe, d\u0142ugie\"}]},{\"@type\":\"WebSite\",\"@id\":\"https:\\\/\\\/amed.net.pl\\\/#website\",\"url\":\"https:\\\/\\\/amed.net.pl\\\/\",\"name\":\"amed.net.pl\",\"description\":\"Firma AMED - Lider w zaopatrzenie gabinet\u00f3w lekarskich: wzierniki ginekologiczne, wk\u0142adki wewn\u0105trzmaciczne, szczoteczki cytologiczne, cytologia, papiery USG, os\u0142onki do USG\",\"potentialAction\":[{\"@type\":\"SearchAction\",\"target\":{\"@type\":\"EntryPoint\",\"urlTemplate\":\"https:\\\/\\\/amed.net.pl\\\/?s={search_term_string}\"},\"query-input\":{\"@type\":\"PropertyValueSpecification\",\"valueRequired\":true,\"valueName\":\"search_term_string\"}}],\"inLanguage\":\"pl-PL\"}]}<\/script>\n<!-- \/ Yoast SEO plugin. -->","yoast_head_json":{"title":"No\u017cyczki jednorazowe, d\u0142ugie - amed.net.pl","robots":{"index":"index","follow":"follow","max-snippet":"max-snippet:-1","max-image-preview":"max-image-preview:large","max-video-preview":"max-video-preview:-1"},"canonical":"https:\/\/amed.net.pl\/index.php\/produkty\/ginekologia-i-poloznictwo\/narzedzia-jednorazowe-plastikowe\/nozyczki-jednorazowe-dlugie\/","og_locale":"pl_PL","og_type":"article","og_title":"No\u017cyczki jednorazowe, d\u0142ugie - amed.net.pl","og_description":"No\u017cyczki do szw\u00f3w i nitek, d\u0142ugieNO\u017bYCZKI DO SZW\u00d3W, D\u0141UGIE specjalna ko\u0144c\u00f3wka do szw\u00f3w \/ nitek ostre\/t\u0119pe jednorazowe, sterylne Pe\u0142na oferta\u00a0 narz\u0119dzi jednorazowychPe\u0142na oferta\u00a0 narz\u0119dzi jednorazowychNO\u017bYCZKI HORYZONTALNE DO NITEK, D\u0141UGIE d\u0142ugo\u015b\u0107 ca\u0142kowita: 220 mm specjalne no\u017cyczki do przycinania nici przy zak\u0142adaniu wk\u0142adek wewn\u0105trzmacicznych horyzontalna konstrukcja ostrza zapobiega ze\u015blizgni\u0119ciu si\u0119 nici z ostrza w trakcie ci\u0119cia zapewniaj\u0105 [&hellip;]","og_url":"https:\/\/amed.net.pl\/index.php\/produkty\/ginekologia-i-poloznictwo\/narzedzia-jednorazowe-plastikowe\/nozyczki-jednorazowe-dlugie\/","og_site_name":"amed.net.pl","article_modified_time":"2026-02-22T19:53:01+00:00","twitter_card":"summary_large_image","twitter_misc":{"Szacowany czas czytania":"5 minut"},"schema":{"@context":"https:\/\/schema.org","@graph":[{"@type":"WebPage","@id":"https:\/\/amed.net.pl\/index.php\/produkty\/ginekologia-i-poloznictwo\/narzedzia-jednorazowe-plastikowe\/nozyczki-jednorazowe-dlugie\/","url":"https:\/\/amed.net.pl\/index.php\/produkty\/ginekologia-i-poloznictwo\/narzedzia-jednorazowe-plastikowe\/nozyczki-jednorazowe-dlugie\/","name":"No\u017cyczki jednorazowe, d\u0142ugie - amed.net.pl","isPartOf":{"@id":"https:\/\/amed.net.pl\/#website"},"datePublished":"2018-05-03T14:56:59+00:00","dateModified":"2026-02-22T19:53:01+00:00","breadcrumb":{"@id":"https:\/\/amed.net.pl\/index.php\/produkty\/ginekologia-i-poloznictwo\/narzedzia-jednorazowe-plastikowe\/nozyczki-jednorazowe-dlugie\/#breadcrumb"},"inLanguage":"pl-PL","potentialAction":[{"@type":"ReadAction","target":["https:\/\/amed.net.pl\/index.php\/produkty\/ginekologia-i-poloznictwo\/narzedzia-jednorazowe-plastikowe\/nozyczki-jednorazowe-dlugie\/"]}]},{"@type":"BreadcrumbList","@id":"https:\/\/amed.net.pl\/index.php\/produkty\/ginekologia-i-poloznictwo\/narzedzia-jednorazowe-plastikowe\/nozyczki-jednorazowe-dlugie\/#breadcrumb","itemListElement":[{"@type":"ListItem","position":1,"name":"Strona g\u0142\u00f3wna","item":"https:\/\/amed.net.pl\/"},{"@type":"ListItem","position":2,"name":"Produkty","item":"https:\/\/amed.net.pl\/index.php\/produkty\/"},{"@type":"ListItem","position":3,"name":"Ginekologia i Po\u0142o\u017cnictwo","item":"https:\/\/amed.net.pl\/index.php\/produkty\/ginekologia-i-poloznictwo\/"},{"@type":"ListItem","position":4,"name":"Narz\u0119dzia jednorazowe plastikowe","item":"https:\/\/amed.net.pl\/index.php\/produkty\/ginekologia-i-poloznictwo\/narzedzia-jednorazowe-plastikowe\/"},{"@type":"ListItem","position":5,"name":"No\u017cyczki jednorazowe, d\u0142ugie"}]},{"@type":"WebSite","@id":"https:\/\/amed.net.pl\/#website","url":"https:\/\/amed.net.pl\/","name":"amed.net.pl","description":"Firma AMED - Lider w zaopatrzenie gabinet\u00f3w lekarskich: wzierniki ginekologiczne, wk\u0142adki wewn\u0105trzmaciczne, szczoteczki cytologiczne, cytologia, papiery USG, os\u0142onki do USG","potentialAction":[{"@type":"SearchAction","target":{"@type":"EntryPoint","urlTemplate":"https:\/\/amed.net.pl\/?s={search_term_string}"},"query-input":{"@type":"PropertyValueSpecification","valueRequired":true,"valueName":"search_term_string"}}],"inLanguage":"pl-PL"}]}},"_links":{"self":[{"href":"https:\/\/amed.net.pl\/index.php\/wp-json\/wp\/v2\/pages\/1612","targetHints":{"allow":["GET"]}}],"collection":[{"href":"https:\/\/amed.net.pl\/index.php\/wp-json\/wp\/v2\/pages"}],"about":[{"href":"https:\/\/amed.net.pl\/index.php\/wp-json\/wp\/v2\/types\/page"}],"author":[{"embeddable":true,"href":"https:\/\/amed.net.pl\/index.php\/wp-json\/wp\/v2\/users\/2"}],"replies":[{"embeddable":true,"href":"https:\/\/amed.net.pl\/index.php\/wp-json\/wp\/v2\/comments?post=1612"}],"version-history":[{"count":11,"href":"https:\/\/amed.net.pl\/index.php\/wp-json\/wp\/v2\/pages\/1612\/revisions"}],"predecessor-version":[{"id":5532,"href":"https:\/\/amed.net.pl\/index.php\/wp-json\/wp\/v2\/pages\/1612\/revisions\/5532"}],"up":[{"embeddable":true,"href":"https:\/\/amed.net.pl\/index.php\/wp-json\/wp\/v2\/pages\/1716"}],"wp:attachment":[{"href":"https:\/\/amed.net.pl\/index.php\/wp-json\/wp\/v2\/media?parent=1612"}],"curies":[{"name":"wp","href":"https:\/\/api.w.org\/{rel}","templated":true}]}}